{"id":2002,"date":"2020-01-09T09:28:40","date_gmt":"2020-01-09T09:28:40","guid":{"rendered":"http:\/\/newco.vps45.sixtyseven.com\/?page_id=2002"},"modified":"2026-04-01T06:59:47","modified_gmt":"2026-04-01T06:59:47","slug":"northc-datacenters","status":"publish","type":"page","link":"https:\/\/www.northcdatacenters.com\/ch-de\/northc-datacenters\/","title":{"rendered":"Unsere Datacenter"},"content":{"rendered":"<div class=\"wpb-content-wrapper\"><p>[vc_row full_width=&#187;stretch_row_content_no_spaces&#187;][vc_column]\n<div class=\"hero \">\n  \n    <div class=\"hero-bg \"\n      style=\"position: relative; overflow: hidden; width: 100%; min-height: 66vh; background-color: #f0f0f0;\">\n      <figure style=\"width: 100%; height: 100%;\">\n        <img\n          class=\"hero-image\"\n          src=\"https:\/\/www.northcdatacenters.com\/ch-de\/wp-content\/uploads\/sites\/3\/2024\/11\/zwitserland_00000.webp\"\n          srcset=\"https:\/\/www.northcdatacenters.com\/ch-de\/wp-content\/uploads\/sites\/3\/2024\/11\/zwitserland_00000-300x169.webp 300w, https:\/\/www.northcdatacenters.com\/ch-de\/wp-content\/uploads\/sites\/3\/2024\/11\/zwitserland_00000-510x360.webp 510w, https:\/\/www.northcdatacenters.com\/ch-de\/wp-content\/uploads\/sites\/3\/2024\/11\/zwitserland_00000-600x840.webp 600w, https:\/\/www.northcdatacenters.com\/ch-de\/wp-content\/uploads\/sites\/3\/2024\/11\/zwitserland_00000-800x500.webp 800w, https:\/\/www.northcdatacenters.com\/ch-de\/wp-content\/uploads\/sites\/3\/2024\/11\/zwitserland_00000-1024x576.webp 1024w, https:\/\/www.northcdatacenters.com\/ch-de\/wp-content\/uploads\/sites\/3\/2024\/11\/zwitserland_00000.webp 1920w, \"\n          sizes=\"(min-width: 1920px) 1920px, 100vw\"\n          type=\"image\/webp\"\n          loading=\"eager\"\n          decoding=\"async\"\n          fetchpriority=\"high\"\n          alt=\"Hero image\"\n          style=\"\n            position: absolute;\n            top: 0;\n            left: 0;\n            width: 100%;\n            height: 100%;\n            object-fit: cover;\n            object-position: 50% center;\n            opacity: 1;\n            aspect-ratio: 1.7777777777777777;\n          \"\n        >\n        <div class=\"scroll-indicator\">\n  <svg width=\"24\" height=\"24\" viewBox=\"0 0 24 24\" fill=\"none\" xmlns=\"http:\/\/www.w3.org\/2000\/svg\" aria-hidden=\"true\">\n    <rect x=\"7.25\" y=\"2.75\" width=\"9.5\" height=\"18.5\" rx=\"4.75\" stroke=\"white\" stroke-width=\"1.5\" \/>\n    <rect class=\"scroll\" x=\"10\" y=\"6\" width=\"4\" height=\"7\" rx=\"2\" fill=\"white\" \/>\n  <\/svg>\n<\/div>      <\/figure>\n    <\/div>\n  \n  <div class=\"container hero-content text-white \">\n    <div class=\"title d-flex flex-column gap-3 gap-lg-4\">\n            <h1 class=\"mb-6 lh-sm\">Unsere Datacenter<\/h1>\n\n      \n              <div class=\"d-flex gap-4\">\n          \n                      \n<div class=\"post-tags d-flex gap-1\">\n      <span class=\"tag text-bg-white\">\n      2 Min. Lesezeit    <\/span>\n  <\/div>                  <\/div>\n      \n          <\/div>\n  <\/div>\n\n      <div class=\"container hero-text-container-wrap\">\n      <div class=\"hero-text-container text-bg-white z-1 py-16 px-md-3 slanted slanted-xl-space-left slanted-xl-from-bottom-left\">\n        <div class=\"container\">\n          <div class=\"d-flex flex-column gap-6\">\n            \n<nav class=\"font-extrabold text-xs text-gray-500\" aria-label=\"breadcrumb\">\n  <ol class='breadcrumb'>      <li class=\"breadcrumb-item \" >\n                  <a href=\"https:\/\/www.northcdatacenters.com\/ch-de\" class=\"text-decoration-none text-gray-500\">Home<\/a>\n              <\/li>\n      <li class=\"breadcrumb-item  active\" aria-current=\"page\">\n                  Unsere Datacenter              <\/li>\n<\/ol><\/nav>\n\n                          <h3 class=\"font-bold mb-0 text-4xl lh-lead\">Unsere Rechenzentren in der Schweiz, Deutschland und den Niederlanden bieten optimale N\u00e4he und Vernetzung \u2013 ideal f\u00fcr Unternehmen, Cloud-Anbieter und IT-Provider im digitalen \u00d6kosystem.<\/h3>\n            \n            <div class=\"button-list\">\n                              \n  <button class=\"btn btn-primary\" type=\"button\" data-bs-toggle=\"offcanvas\" data-bs-target=\"#offcanvas_28\" aria-controls=\"offcanvas_28\">\n    Kontakt aufnehmen  <\/button>\n                              \n  \n  <button class=\"btn btn-secondary\" type=\"button\" data-bs-toggle=\"offcanvas\" data-bs-target=\"#offcanvas_34\" aria-controls=\"offcanvas_34\">\n    Besichtigung anfordern  <\/button>\n\n                          <\/div>\n          <\/div>\n        <\/div>\n      <\/div>\n    <\/div>\n  <\/div>[\/vc_column][\/vc_row][vc_row][vc_column][vc_column_text]<\/p>\n<h2>Rechenzentren, die Ihre digitale Zukunft gestalten<\/h2>\n<p>NorthC vereint lokale N\u00e4he und globale Vernetzung. Unsere 4 hochmodernen Rechenzentren in der Schweiz sind perfekt ausgestattet, um Ihre IT-Anforderungen zu erf\u00fcllen \u2013 von sicherer Colocation \u00fcber dedizierte Glasfaserl\u00f6sungen bis hin zu Managed Connectivity. Mit h\u00f6chsten Standards f\u00fcr Sicherheit und Verf\u00fcgbarkeit schaffen wir eine Infrastruktur, auf die Sie sich verlassen k\u00f6nnen. Mit vier hochmodernen Datacentern in M\u00fcnchenstein, Biel und Winterthur bietet NorthC in der Schweiz erstklassige Infrastruktur f\u00fcr digitales Wachstum und Innovation.<\/p>\n<p>Mit einer Gesamtfl\u00e4che von <span style=\"color: #000000\">9&#8217;480 m\u00b2 und \u00fcber 6,4 MW Str<\/span>omkapazit\u00e4t schaffen diese Standorte in Biel,\u00a0 M\u00fcnchenstein und Winterthur eine zuverl\u00e4ssige Basis f\u00fcr Unternehmen und Institutionen. Die geografische Lage in wirtschaftlich starken Regionen wie Basel, Biel und Winterthur garantieren Zugang zu einem vielseitigen Netzwerk aus Branchen und Innovationstreibern. Dank einer redundanten Vernetzung der Standorte bietet NorthC eine Infrastruktur, die maximale Sicherheit, Effizienz und Skalierbarkeit vereint.[\/vc_column_text][\/vc_column][\/vc_row][vc_row css=&#187;.vc_custom_1659710320141{padding-top: 8% !important;padding-bottom: 8% !important;}&#187; el_id=&#187;datacenters&#187;][vc_column]\n\n\n<div class=\"cards-grid cards-grid-mod-3\">\n  \n<div class=\"card \">\n      <div class=\"card-img-wrap aspect-ratio\" style=\"--aspect-ratio: 1.42\">\n      <img decoding=\"async\" src=\"https:\/\/www.northcdatacenters.com\/ch-de\/wp-content\/uploads\/sites\/3\/2026\/03\/Uptown-1-1-510x360.webp\" srcset=\"\"\n  class=\"card-img h-100 bg-gray-300 inherit-aspect-ratio\" style=\"\"\n  loading=\"lazy\"\n  sizes=\"336px\" \/>\n          <\/div>\n  \n  <div class=\"card-body \">\n    <div class=\"card-title mb-2\">Datacenter Arlesheim (Basel)<\/div>\n\n    <div class=\"card-text\">\n      <div class=\"content\">\n                  <p>Schorenweg 21<br \/>\n4144 Arlesheim<\/p>\n              <\/div>\n\n      \n          <\/div>\n  <\/div>\n\n        <\/div>\n<div class=\"card \">\n      <div class=\"card-img-wrap aspect-ratio\" style=\"--aspect-ratio: 1.42\">\n      <img decoding=\"async\" src=\"https:\/\/www.northcdatacenters.com\/ch-de\/wp-content\/uploads\/sites\/3\/2024\/11\/NorthC-Nederland-Datacenter-Biel-Bern-510x360.webp\" srcset=\"\"\n  class=\"card-img h-100 bg-gray-300 inherit-aspect-ratio\" style=\"\"\n  loading=\"lazy\"\n  sizes=\"336px\" \/>\n          <\/div>\n  \n  <div class=\"card-body \">\n    <div class=\"card-title mb-2\">Datacenter Biel (Bern)<\/div>\n\n    <div class=\"card-text\">\n      <div class=\"content\">\n                  <p>Tennisweg 6<br \/>\n2504 Biel\/Bienne<\/p>\n              <\/div>\n\n      \n          <\/div>\n  <\/div>\n\n        <\/div>\n<div class=\"card \">\n      <div class=\"card-img-wrap aspect-ratio\" style=\"--aspect-ratio: 1.42\">\n      <img decoding=\"async\" src=\"https:\/\/www.northcdatacenters.com\/ch-de\/wp-content\/uploads\/sites\/3\/2026\/03\/Genf-Rendering-e1773220386697-510x360.webp\" srcset=\"\"\n  class=\"card-img h-100 bg-gray-300 inherit-aspect-ratio\" style=\"\"\n  loading=\"lazy\"\n  sizes=\"336px\" \/>\n          <\/div>\n  \n  <div class=\"card-body \">\n    <div class=\"card-title mb-2\">Datacenter Genf<\/div>\n\n    <div class=\"card-text\">\n      <div class=\"content\">\n                  <p>Rte du Nant-d&#8217;Avril 152<br \/>\n1217 Meyrin<\/p>\n              <\/div>\n\n      \n          <\/div>\n  <\/div>\n\n        <\/div>\n<div class=\"card \">\n      <div class=\"card-img-wrap aspect-ratio\" style=\"--aspect-ratio: 1.42\">\n      <img decoding=\"async\" src=\"https:\/\/www.northcdatacenters.com\/ch-de\/wp-content\/uploads\/sites\/3\/2024\/11\/NorthC-Nederland-Datacenter-Muenchenstein-Basel-510x360.webp\" srcset=\"\"\n  class=\"card-img h-100 bg-gray-300 inherit-aspect-ratio\" style=\"\"\n  loading=\"lazy\"\n  sizes=\"336px\" \/>\n          <\/div>\n  \n  <div class=\"card-body \">\n    <div class=\"card-title mb-2\">Datacenter M\u00fcnchenstein (Basel) 1<\/div>\n\n    <div class=\"card-text\">\n      <div class=\"content\">\n                  <p>Weidenstrasse 41<br \/>\n4142 M\u00fcnchenstein<\/p>\n              <\/div>\n\n      \n          <\/div>\n  <\/div>\n\n        <\/div>\n<div class=\"card \">\n      <div class=\"card-img-wrap aspect-ratio\" style=\"--aspect-ratio: 1.42\">\n      <img decoding=\"async\" src=\"https:\/\/www.northcdatacenters.com\/ch-de\/wp-content\/uploads\/sites\/3\/2023\/07\/cropped-cropped-cropped-Screenshot-MUS2-510x360.webp\" srcset=\"\"\n  class=\"card-img h-100 bg-gray-300 inherit-aspect-ratio\" style=\"\"\n  loading=\"lazy\"\n  sizes=\"336px\" \/>\n          <\/div>\n  \n  <div class=\"card-body \">\n    <div class=\"card-title mb-2\">Datacenter M\u00fcnchenstein (Basel) 2<\/div>\n\n    <div class=\"card-text\">\n      <div class=\"content\">\n                  <p>Weidenstrasse 13<br \/>\n4142 M\u00fcnchenstein<\/p>\n              <\/div>\n\n      \n          <\/div>\n  <\/div>\n\n        <\/div>\n<div class=\"card \">\n      <div class=\"card-img-wrap aspect-ratio\" style=\"--aspect-ratio: 1.42\">\n      <img decoding=\"async\" src=\"https:\/\/www.northcdatacenters.com\/ch-de\/wp-content\/uploads\/sites\/3\/2024\/11\/NorthC-Nederland-Datacenter-Winterthur-510x360.webp\" srcset=\"\"\n  class=\"card-img h-100 bg-gray-300 inherit-aspect-ratio\" style=\"\"\n  loading=\"lazy\"\n  sizes=\"336px\" \/>\n          <\/div>\n  \n  <div class=\"card-body \">\n    <div class=\"card-title mb-2\">Datacenter Winterthur (Z\u00fcrich)<\/div>\n\n    <div class=\"card-text\">\n      <div class=\"content\">\n                  <p>Theaterstrasse 15c<br \/>\n8400 Winterthur (Z\u00fcrich)<\/p>\n              <\/div>\n\n      \n          <\/div>\n  <\/div>\n\n        <\/div><\/div>\n\n<div class=\"buttons mt-6 mt-md-10 mt-xl-12 d-flex flex-column flex-lg-row flex-wrap row-gap-4 column-gap-8 align-items-center justify-content-flex-start\">\n  <\/div>\n\n\n[\/vc_column][\/vc_row][vc_row full_width=&#187;stretch_row&#187; el_class=&#187;border-bottom&#187;][vc_column]<div class=\"cta\">\n  <div class=\"cta-grid\">\n    <div class=\"cta-picture\">\n      <picture class=\"responsive-picture d-block\">\n  <img decoding=\"async\" src=\"https:\/\/www.northcdatacenters.com\/ch-de\/wp-content\/uploads\/sites\/3\/2024\/11\/Studio-Fotosession-812-scaled-837x1256.webp\" srcset=\"https:\/\/www.northcdatacenters.com\/ch-de\/wp-content\/uploads\/sites\/3\/2024\/11\/Studio-Fotosession-812-scaled-837x1256.webp 837w, https:\/\/www.northcdatacenters.com\/ch-de\/wp-content\/uploads\/sites\/3\/2024\/11\/Studio-Fotosession-812-scaled-200x300.webp 200w, https:\/\/www.northcdatacenters.com\/ch-de\/wp-content\/uploads\/sites\/3\/2024\/11\/Studio-Fotosession-812-scaled-683x1024.webp 683w, https:\/\/www.northcdatacenters.com\/ch-de\/wp-content\/uploads\/sites\/3\/2024\/11\/Studio-Fotosession-812-scaled-768x1152.webp 768w, https:\/\/www.northcdatacenters.com\/ch-de\/wp-content\/uploads\/sites\/3\/2024\/11\/Studio-Fotosession-812-scaled-1024x1536.webp 1024w, https:\/\/www.northcdatacenters.com\/ch-de\/wp-content\/uploads\/sites\/3\/2024\/11\/Studio-Fotosession-812-scaled-1366x2048.webp 1366w, https:\/\/www.northcdatacenters.com\/ch-de\/wp-content\/uploads\/sites\/3\/2024\/11\/Studio-Fotosession-812-scaled-175x262.webp 175w, https:\/\/www.northcdatacenters.com\/ch-de\/wp-content\/uploads\/sites\/3\/2024\/11\/Studio-Fotosession-812-scaled-240x360.webp 240w, https:\/\/www.northcdatacenters.com\/ch-de\/wp-content\/uploads\/sites\/3\/2024\/11\/Studio-Fotosession-812-scaled-333x500.webp 333w, https:\/\/www.northcdatacenters.com\/ch-de\/wp-content\/uploads\/sites\/3\/2024\/11\/Studio-Fotosession-812-scaled.webp 1707w\"\n  class=\"\" style=\"\"\n  loading=\"lazy\"\n  sizes=\"(min-width: 992px) 1280px, 100vw\" \/><\/picture>\n          <\/div>\n\n    <div class=\"text text-white d-flex flex-column gap-4 justify-content-center align-items-center p-6 pb-12 px-lg-12 px-xxl-28\">\n      <h6 class=\"text-primary lh214 font-extrabold text-center mb-0\">Kontakt aufnehmen<\/h6>\n      <h3 class=\"mb-2 text-center text-sm-5xl mb-sm-6 text-balance\">M\u00f6chten Sie mehr \u00fcber unsere Rechenzentrums-, Colocation- und Connectivity-Services erfahren?<\/h3>\n      <div class=\"buttons d-flex flex-column flex-lg-row flex-wrap gap-4 align-items-center justify-content-center dark-background\">\n                  \n  <button class=\"btn btn-primary\" type=\"button\" data-bs-toggle=\"offcanvas\" data-bs-target=\"#offcanvas_15\" aria-controls=\"offcanvas_15\">\n    Angebot anfordern  <\/button>\n                  \n  \n  <button class=\"btn btn-secondary\" type=\"button\" data-bs-toggle=\"offcanvas\" data-bs-target=\"#offcanvas_34\" aria-controls=\"offcanvas_34\">\n    Besichtigung anfordern  <\/button>\n\n              <\/div>\n    <\/div>\n  <\/div>\n<\/div>[\/vc_column][\/vc_row]<\/p>\n<\/div>","protected":false},"excerpt":{"rendered":"<p>[vc_row full_width=&#187;stretch_row_content_no_spaces&#187;][vc_column][\/vc_column][\/vc_row][vc_row][vc_column][vc_column_text] Rechenzentren, die Ihre digitale Zukunft gestalten NorthC vereint lokale N\u00e4he und globale Vernetzung. Unsere 4 hochmodernen Rechenzentren in der Schweiz sind perfekt ausgestattet, um Ihre IT-Anforderungen zu erf\u00fcllen \u2013 von sicherer Colocation \u00fcber dedizierte Glasfaserl\u00f6sungen bis hin zu Managed Connectivity. Mit h\u00f6chsten Standards f\u00fcr Sicherheit und Verf\u00fcgbarkeit schaffen wir eine Infrastruktur, auf die &#8230;<\/p>\n","protected":false},"author":1,"featured_media":0,"parent":0,"menu_order":0,"comment_status":"closed","ping_status":"closed","template":"","meta":{"_acf_changed":false,"_relevanssi_hide_post":"","_relevanssi_hide_content":"","_relevanssi_pin_for_all":"","_relevanssi_pin_keywords":"","_relevanssi_unpin_keywords":"","_relevanssi_related_keywords":"","_relevanssi_related_include_ids":"","_relevanssi_related_exclude_ids":"","_relevanssi_related_no_append":"","_relevanssi_related_not_related":"","_relevanssi_related_posts":"","_relevanssi_noindex_reason":"","footnotes":""},"class_list":["post-2002","page","type-page","status-publish","hentry"],"acf":[],"yoast_head":"<!-- This site is optimized with the Yoast SEO Premium plugin v27.3 (Yoast SEO v27.3) - https:\/\/yoast.com\/product\/yoast-seo-premium-wordpress\/ -->\n<title>NorthC Datacenters: Sicher und lokal verbunden<\/title>\n<meta name=\"description\" content=\"4 Standorte, 13\u2019000 m\u00b2 Fl\u00e4che, 7,5 MW Kapazit\u00e4t \u2013 sichere Rechenzentren f\u00fcr Innovation und digitales Wachstum.\" \/>\n<meta name=\"robots\" content=\"index, follow, max-snippet:-1, max-image-preview:large, max-video-preview:-1\" \/>\n<link rel=\"canonical\" href=\"https:\/\/www.northcdatacenters.com\/ch-de\/northc-datacenters\/\" \/>\n<meta property=\"og:locale\" content=\"de_DE\" \/>\n<meta property=\"og:type\" content=\"article\" \/>\n<meta property=\"og:title\" content=\"Unsere Datacenter\" \/>\n<meta property=\"og:description\" content=\"4 Standorte, 13\u2019000 m\u00b2 Fl\u00e4che, 7,5 MW Kapazit\u00e4t \u2013 sichere Rechenzentren f\u00fcr Innovation und digitales Wachstum.\" \/>\n<meta property=\"og:url\" content=\"https:\/\/www.northcdatacenters.com\/ch-de\/northc-datacenters\/\" \/>\n<meta property=\"og:site_name\" content=\"NorthC Datacenters (CH-DE)\" \/>\n<meta property=\"article:modified_time\" content=\"2026-04-01T06:59:47+00:00\" \/>\n<meta name=\"twitter:card\" content=\"summary_large_image\" \/>\n<meta name=\"twitter:label1\" content=\"Gesch\u00e4tzte Lesezeit\" \/>\n\t<meta name=\"twitter:data1\" content=\"4\u00a0Minuten\" \/>\n<script type=\"application\/ld+json\" class=\"yoast-schema-graph\">{\"@context\":\"https:\\\/\\\/schema.org\",\"@graph\":[{\"@type\":\"WebPage\",\"@id\":\"https:\\\/\\\/www.northcdatacenters.com\\\/ch-de\\\/northc-datacenters\\\/\",\"url\":\"https:\\\/\\\/www.northcdatacenters.com\\\/ch-de\\\/northc-datacenters\\\/\",\"name\":\"NorthC Datacenters: Sicher und lokal verbunden\",\"isPartOf\":{\"@id\":\"https:\\\/\\\/www.northcdatacenters.com\\\/ch-de\\\/#website\"},\"datePublished\":\"2020-01-09T09:28:40+00:00\",\"dateModified\":\"2026-04-01T06:59:47+00:00\",\"description\":\"4 Standorte, 13\u2019000 m\u00b2 Fl\u00e4che, 7,5 MW Kapazit\u00e4t \u2013 sichere Rechenzentren f\u00fcr Innovation und digitales Wachstum.\",\"breadcrumb\":{\"@id\":\"https:\\\/\\\/www.northcdatacenters.com\\\/ch-de\\\/northc-datacenters\\\/#breadcrumb\"},\"inLanguage\":\"de-CH\",\"potentialAction\":[{\"@type\":\"ReadAction\",\"target\":[\"https:\\\/\\\/www.northcdatacenters.com\\\/ch-de\\\/northc-datacenters\\\/\"]}]},{\"@type\":\"BreadcrumbList\",\"@id\":\"https:\\\/\\\/www.northcdatacenters.com\\\/ch-de\\\/northc-datacenters\\\/#breadcrumb\",\"itemListElement\":[{\"@type\":\"ListItem\",\"position\":1,\"name\":\"Home\",\"item\":\"https:\\\/\\\/www.northcdatacenters.com\\\/ch-de\\\/\"},{\"@type\":\"ListItem\",\"position\":2,\"name\":\"Unsere Datacenter\"}]},{\"@type\":\"WebSite\",\"@id\":\"https:\\\/\\\/www.northcdatacenters.com\\\/ch-de\\\/#website\",\"url\":\"https:\\\/\\\/www.northcdatacenters.com\\\/ch-de\\\/\",\"name\":\"NorthC Datacenters\",\"description\":\"Digital business, Personal connections.\",\"publisher\":{\"@id\":\"https:\\\/\\\/www.northcdatacenters.com\\\/ch-de\\\/#organization\"},\"potentialAction\":[{\"@type\":\"SearchAction\",\"target\":{\"@type\":\"EntryPoint\",\"urlTemplate\":\"https:\\\/\\\/www.northcdatacenters.com\\\/ch-de\\\/?s={search_term_string}\"},\"query-input\":{\"@type\":\"PropertyValueSpecification\",\"valueRequired\":true,\"valueName\":\"search_term_string\"}}],\"inLanguage\":\"de-CH\"},{\"@type\":\"Organization\",\"@id\":\"https:\\\/\\\/www.northcdatacenters.com\\\/ch-de\\\/#organization\",\"name\":\"NorthC Datacenters\",\"url\":\"https:\\\/\\\/www.northcdatacenters.com\\\/ch-de\\\/\",\"logo\":{\"@type\":\"ImageObject\",\"inLanguage\":\"de-CH\",\"@id\":\"https:\\\/\\\/www.northcdatacenters.com\\\/ch-de\\\/#\\\/schema\\\/logo\\\/image\\\/\",\"url\":\"https:\\\/\\\/www.northcdatacenters.com\\\/ch-de\\\/wp-content\\\/uploads\\\/sites\\\/3\\\/2024\\\/11\\\/Logo_NorthC.svg\",\"contentUrl\":\"https:\\\/\\\/www.northcdatacenters.com\\\/ch-de\\\/wp-content\\\/uploads\\\/sites\\\/3\\\/2024\\\/11\\\/Logo_NorthC.svg\",\"width\":110,\"height\":24,\"caption\":\"NorthC Datacenters\"},\"image\":{\"@id\":\"https:\\\/\\\/www.northcdatacenters.com\\\/ch-de\\\/#\\\/schema\\\/logo\\\/image\\\/\"},\"sameAs\":[\"https:\\\/\\\/www.linkedin.com\\\/company\\\/northc-datacenters-schweiz\\\/\"]}]}<\/script>\n<!-- \/ Yoast SEO Premium plugin. -->","yoast_head_json":{"title":"NorthC Datacenters: Sicher und lokal verbunden","description":"4 Standorte, 13\u2019000 m\u00b2 Fl\u00e4che, 7,5 MW Kapazit\u00e4t \u2013 sichere Rechenzentren f\u00fcr Innovation und digitales Wachstum.","robots":{"index":"index","follow":"follow","max-snippet":"max-snippet:-1","max-image-preview":"max-image-preview:large","max-video-preview":"max-video-preview:-1"},"canonical":"https:\/\/www.northcdatacenters.com\/ch-de\/northc-datacenters\/","og_locale":"de_DE","og_type":"article","og_title":"Unsere Datacenter","og_description":"4 Standorte, 13\u2019000 m\u00b2 Fl\u00e4che, 7,5 MW Kapazit\u00e4t \u2013 sichere Rechenzentren f\u00fcr Innovation und digitales Wachstum.","og_url":"https:\/\/www.northcdatacenters.com\/ch-de\/northc-datacenters\/","og_site_name":"NorthC Datacenters (CH-DE)","article_modified_time":"2026-04-01T06:59:47+00:00","twitter_card":"summary_large_image","twitter_misc":{"Gesch\u00e4tzte Lesezeit":"4\u00a0Minuten"},"schema":{"@context":"https:\/\/schema.org","@graph":[{"@type":"WebPage","@id":"https:\/\/www.northcdatacenters.com\/ch-de\/northc-datacenters\/","url":"https:\/\/www.northcdatacenters.com\/ch-de\/northc-datacenters\/","name":"NorthC Datacenters: Sicher und lokal verbunden","isPartOf":{"@id":"https:\/\/www.northcdatacenters.com\/ch-de\/#website"},"datePublished":"2020-01-09T09:28:40+00:00","dateModified":"2026-04-01T06:59:47+00:00","description":"4 Standorte, 13\u2019000 m\u00b2 Fl\u00e4che, 7,5 MW Kapazit\u00e4t \u2013 sichere Rechenzentren f\u00fcr Innovation und digitales Wachstum.","breadcrumb":{"@id":"https:\/\/www.northcdatacenters.com\/ch-de\/northc-datacenters\/#breadcrumb"},"inLanguage":"de-CH","potentialAction":[{"@type":"ReadAction","target":["https:\/\/www.northcdatacenters.com\/ch-de\/northc-datacenters\/"]}]},{"@type":"BreadcrumbList","@id":"https:\/\/www.northcdatacenters.com\/ch-de\/northc-datacenters\/#breadcrumb","itemListElement":[{"@type":"ListItem","position":1,"name":"Home","item":"https:\/\/www.northcdatacenters.com\/ch-de\/"},{"@type":"ListItem","position":2,"name":"Unsere Datacenter"}]},{"@type":"WebSite","@id":"https:\/\/www.northcdatacenters.com\/ch-de\/#website","url":"https:\/\/www.northcdatacenters.com\/ch-de\/","name":"NorthC Datacenters","description":"Digital business, Personal connections.","publisher":{"@id":"https:\/\/www.northcdatacenters.com\/ch-de\/#organization"},"potentialAction":[{"@type":"SearchAction","target":{"@type":"EntryPoint","urlTemplate":"https:\/\/www.northcdatacenters.com\/ch-de\/?s={search_term_string}"},"query-input":{"@type":"PropertyValueSpecification","valueRequired":true,"valueName":"search_term_string"}}],"inLanguage":"de-CH"},{"@type":"Organization","@id":"https:\/\/www.northcdatacenters.com\/ch-de\/#organization","name":"NorthC Datacenters","url":"https:\/\/www.northcdatacenters.com\/ch-de\/","logo":{"@type":"ImageObject","inLanguage":"de-CH","@id":"https:\/\/www.northcdatacenters.com\/ch-de\/#\/schema\/logo\/image\/","url":"https:\/\/www.northcdatacenters.com\/ch-de\/wp-content\/uploads\/sites\/3\/2024\/11\/Logo_NorthC.svg","contentUrl":"https:\/\/www.northcdatacenters.com\/ch-de\/wp-content\/uploads\/sites\/3\/2024\/11\/Logo_NorthC.svg","width":110,"height":24,"caption":"NorthC Datacenters"},"image":{"@id":"https:\/\/www.northcdatacenters.com\/ch-de\/#\/schema\/logo\/image\/"},"sameAs":["https:\/\/www.linkedin.com\/company\/northc-datacenters-schweiz\/"]}]}},"_links":{"self":[{"href":"https:\/\/www.northcdatacenters.com\/ch-de\/wp-json\/wp\/v2\/pages\/2002","targetHints":{"allow":["GET"]}}],"collection":[{"href":"https:\/\/www.northcdatacenters.com\/ch-de\/wp-json\/wp\/v2\/pages"}],"about":[{"href":"https:\/\/www.northcdatacenters.com\/ch-de\/wp-json\/wp\/v2\/types\/page"}],"author":[{"embeddable":true,"href":"https:\/\/www.northcdatacenters.com\/ch-de\/wp-json\/wp\/v2\/users\/1"}],"replies":[{"embeddable":true,"href":"https:\/\/www.northcdatacenters.com\/ch-de\/wp-json\/wp\/v2\/comments?post=2002"}],"version-history":[{"count":5,"href":"https:\/\/www.northcdatacenters.com\/ch-de\/wp-json\/wp\/v2\/pages\/2002\/revisions"}],"predecessor-version":[{"id":31508,"href":"https:\/\/www.northcdatacenters.com\/ch-de\/wp-json\/wp\/v2\/pages\/2002\/revisions\/31508"}],"wp:attachment":[{"href":"https:\/\/www.northcdatacenters.com\/ch-de\/wp-json\/wp\/v2\/media?parent=2002"}],"curies":[{"name":"wp","href":"https:\/\/api.w.org\/{rel}","templated":true}]}}