{"id":21688,"date":"2022-08-04T11:43:51","date_gmt":"2022-08-04T11:43:51","guid":{"rendered":"https:\/\/www.northcdatacenters.com\/ch-de\/?page_id=21688"},"modified":"2024-12-03T08:46:28","modified_gmt":"2024-12-03T08:46:28","slug":"impressum","status":"publish","type":"page","link":"https:\/\/www.northcdatacenters.com\/ch-de\/impressum\/","title":{"rendered":"Impressum"},"content":{"rendered":"<div class=\"wpb-content-wrapper\"><p>[vc_row full_width=&#187;stretch_row_content_no_spaces&#187;][vc_column]\n<div class=\"hero  no-text-block\">\n  \n    <div class=\"hero-bg \"\n      style=\"position: relative; overflow: hidden; width: 100%; min-height: 66vh; background-color: #f0f0f0;\">\n      <figure style=\"width: 100%; height: 100%;\">\n        <img\n          class=\"hero-image\"\n          src=\"https:\/\/www.northcdatacenters.com\/ch-de\/wp-content\/uploads\/sites\/3\/2024\/11\/northc-vlag.webp\"\n          srcset=\"https:\/\/www.northcdatacenters.com\/ch-de\/wp-content\/uploads\/sites\/3\/2024\/11\/northc-vlag-300x188.webp 300w, https:\/\/www.northcdatacenters.com\/ch-de\/wp-content\/uploads\/sites\/3\/2024\/11\/northc-vlag-510x360.webp 510w, https:\/\/www.northcdatacenters.com\/ch-de\/wp-content\/uploads\/sites\/3\/2024\/11\/northc-vlag-600x533.webp 600w, https:\/\/www.northcdatacenters.com\/ch-de\/wp-content\/uploads\/sites\/3\/2024\/11\/northc-vlag-800x500.webp 800w, https:\/\/www.northcdatacenters.com\/ch-de\/wp-content\/uploads\/sites\/3\/2024\/11\/northc-vlag.webp 851w, https:\/\/www.northcdatacenters.com\/ch-de\/wp-content\/uploads\/sites\/3\/2024\/11\/northc-vlag.webp 851w, \"\n          sizes=\"(min-width: 851px) 851px, 100vw\"\n          type=\"image\/webp\"\n          loading=\"eager\"\n          decoding=\"async\"\n          fetchpriority=\"high\"\n          alt=\"Hero image\"\n          style=\"\n            position: absolute;\n            top: 0;\n            left: 0;\n            width: 100%;\n            height: 100%;\n            object-fit: cover;\n            object-position: 50% center;\n            opacity: 1;\n            aspect-ratio: 1.7777777777777777;\n          \"\n        >\n        <div class=\"scroll-indicator\">\n  <svg width=\"24\" height=\"24\" viewBox=\"0 0 24 24\" fill=\"none\" xmlns=\"http:\/\/www.w3.org\/2000\/svg\" aria-hidden=\"true\">\n    <rect x=\"7.25\" y=\"2.75\" width=\"9.5\" height=\"18.5\" rx=\"4.75\" stroke=\"white\" stroke-width=\"1.5\" \/>\n    <rect class=\"scroll\" x=\"10\" y=\"6\" width=\"4\" height=\"7\" rx=\"2\" fill=\"white\" \/>\n  <\/svg>\n<\/div>      <\/figure>\n    <\/div>\n  \n  <div class=\"container hero-content text-white \">\n    <div class=\"title d-flex flex-column gap-3 gap-lg-4\">\n            <h1 class=\"mb-6 lh-sm\">Impressum NorthC Schweiz AG<\/h1>\n\n      \n              <div class=\"d-flex gap-4\">\n          \n                      \n<div class=\"post-tags d-flex gap-1\">\n      <span class=\"tag text-bg-white\">\n      1 Min. Lesezeit    <\/span>\n  <\/div>                  <\/div>\n      \n          <\/div>\n  <\/div>\n\n  <\/div>[\/vc_column][\/vc_row][vc_row][vc_column][vc_column_text]<strong>NorthC Schweiz AG<\/strong><br \/>\nTennisweg 6<br \/>\n2504 Biel<\/p>\n<p><strong>NorthC Schweiz AG, ZN. M\u00fcnchenstein<\/strong><br \/>\nAliothstrasse 4<br \/>\n4142 M\u00fcnchenstein<\/p>\n<p>Handelsregister: CH-036-3083786-3<br \/>\nMehrwertsteuer: CHE-355.441.295 MWST<\/p>\n<p>Gesch\u00e4ftsf\u00fchrer: Patrik Hofer, Alexandra Schless<\/p>\n<p><strong>Kontakt<\/strong><br \/>\nTelefon: +41 58 510 30 00<br \/>\nE-Mail: info@northcdatacenters.ch[\/vc_column_text][\/vc_column][\/vc_row]<\/p>\n<\/div>","protected":false},"excerpt":{"rendered":"<p>[vc_row full_width=&#187;stretch_row_content_no_spaces&#187;][vc_column][\/vc_column][\/vc_row][vc_row][vc_column][vc_column_text]NorthC Schweiz AG Tennisweg 6 2504 Biel NorthC Schweiz AG, ZN. M\u00fcnchenstein Aliothstrasse 4 4142 M\u00fcnchenstein Handelsregister: CH-036-3083786-3 Mehrwertsteuer: CHE-355.441.295 MWST Gesch\u00e4ftsf\u00fchrer: Patrik Hofer, Alexandra Schless Kontakt Telefon: +41 58 510 30 00 E-Mail: info@northcdatacenters.ch[\/vc_column_text][\/vc_column][\/vc_row]<\/p>\n","protected":false},"author":8,"featured_media":0,"parent":0,"menu_order":0,"comment_status":"closed","ping_status":"closed","template":"","meta":{"_acf_changed":false,"_relevanssi_hide_post":"","_relevanssi_hide_content":"","_relevanssi_pin_for_all":"","_relevanssi_pin_keywords":"","_relevanssi_unpin_keywords":"","_relevanssi_related_keywords":"","_relevanssi_related_include_ids":"","_relevanssi_related_exclude_ids":"","_relevanssi_related_no_append":"","_relevanssi_related_not_related":"","_relevanssi_related_posts":"","_relevanssi_noindex_reason":"","footnotes":""},"class_list":["post-21688","page","type-page","status-publish","hentry"],"acf":[],"yoast_head":"<!-- This site is optimized with the Yoast SEO Premium plugin v27.5 (Yoast SEO v27.5) - https:\/\/yoast.com\/product\/yoast-seo-premium-wordpress\/ -->\n<title>Impressum - NorthC Datacenters (CH-DE)<\/title>\n<meta name=\"robots\" content=\"index, follow, max-snippet:-1, max-image-preview:large, max-video-preview:-1\" \/>\n<link rel=\"canonical\" href=\"https:\/\/www.northcdatacenters.com\/ch-de\/impressum\/\" \/>\n<meta property=\"og:locale\" content=\"de_DE\" \/>\n<meta property=\"og:type\" content=\"article\" \/>\n<meta property=\"og:title\" content=\"Impressum\" \/>\n<meta property=\"og:description\" content=\"[vc_row full_width=&#187;stretch_row_content_no_spaces&#187;][vc_column][\/vc_column][\/vc_row][vc_row][vc_column][vc_column_text]NorthC Schweiz AG Tennisweg 6 2504 Biel NorthC Schweiz AG, ZN. M\u00fcnchenstein Aliothstrasse 4 4142 M\u00fcnchenstein Handelsregister: CH-036-3083786-3 Mehrwertsteuer: CHE-355.441.295 MWST Gesch\u00e4ftsf\u00fchrer: Patrik Hofer, Alexandra Schless Kontakt Telefon: +41 58 510 30 00 E-Mail: info@northcdatacenters.ch[\/vc_column_text][\/vc_column][\/vc_row]\" \/>\n<meta property=\"og:url\" content=\"https:\/\/www.northcdatacenters.com\/ch-de\/impressum\/\" \/>\n<meta property=\"og:site_name\" content=\"NorthC Datacenters (CH-DE)\" \/>\n<meta property=\"article:modified_time\" content=\"2024-12-03T08:46:28+00:00\" \/>\n<meta name=\"twitter:card\" content=\"summary_large_image\" \/>\n<script type=\"application\/ld+json\" class=\"yoast-schema-graph\">{\"@context\":\"https:\\\/\\\/schema.org\",\"@graph\":[{\"@type\":\"WebPage\",\"@id\":\"https:\\\/\\\/www.northcdatacenters.com\\\/ch-de\\\/impressum\\\/\",\"url\":\"https:\\\/\\\/www.northcdatacenters.com\\\/ch-de\\\/impressum\\\/\",\"name\":\"Impressum - NorthC Datacenters (CH-DE)\",\"isPartOf\":{\"@id\":\"https:\\\/\\\/www.northcdatacenters.com\\\/ch-de\\\/#website\"},\"datePublished\":\"2022-08-04T11:43:51+00:00\",\"dateModified\":\"2024-12-03T08:46:28+00:00\",\"breadcrumb\":{\"@id\":\"https:\\\/\\\/www.northcdatacenters.com\\\/ch-de\\\/impressum\\\/#breadcrumb\"},\"inLanguage\":\"de-CH\",\"potentialAction\":[{\"@type\":\"ReadAction\",\"target\":[\"https:\\\/\\\/www.northcdatacenters.com\\\/ch-de\\\/impressum\\\/\"]}]},{\"@type\":\"BreadcrumbList\",\"@id\":\"https:\\\/\\\/www.northcdatacenters.com\\\/ch-de\\\/impressum\\\/#breadcrumb\",\"itemListElement\":[{\"@type\":\"ListItem\",\"position\":1,\"name\":\"Home\",\"item\":\"https:\\\/\\\/www.northcdatacenters.com\\\/ch-de\\\/\"},{\"@type\":\"ListItem\",\"position\":2,\"name\":\"Impressum\"}]},{\"@type\":\"WebSite\",\"@id\":\"https:\\\/\\\/www.northcdatacenters.com\\\/ch-de\\\/#website\",\"url\":\"https:\\\/\\\/www.northcdatacenters.com\\\/ch-de\\\/\",\"name\":\"NorthC Datacenters\",\"description\":\"Digital business, Personal connections.\",\"publisher\":{\"@id\":\"https:\\\/\\\/www.northcdatacenters.com\\\/ch-de\\\/#organization\"},\"potentialAction\":[{\"@type\":\"SearchAction\",\"target\":{\"@type\":\"EntryPoint\",\"urlTemplate\":\"https:\\\/\\\/www.northcdatacenters.com\\\/ch-de\\\/?s={search_term_string}\"},\"query-input\":{\"@type\":\"PropertyValueSpecification\",\"valueRequired\":true,\"valueName\":\"search_term_string\"}}],\"inLanguage\":\"de-CH\"},{\"@type\":\"Organization\",\"@id\":\"https:\\\/\\\/www.northcdatacenters.com\\\/ch-de\\\/#organization\",\"name\":\"NorthC Datacenters\",\"url\":\"https:\\\/\\\/www.northcdatacenters.com\\\/ch-de\\\/\",\"logo\":{\"@type\":\"ImageObject\",\"inLanguage\":\"de-CH\",\"@id\":\"https:\\\/\\\/www.northcdatacenters.com\\\/ch-de\\\/#\\\/schema\\\/logo\\\/image\\\/\",\"url\":\"https:\\\/\\\/www.northcdatacenters.com\\\/ch-de\\\/wp-content\\\/uploads\\\/sites\\\/3\\\/2024\\\/11\\\/Logo_NorthC.svg\",\"contentUrl\":\"https:\\\/\\\/www.northcdatacenters.com\\\/ch-de\\\/wp-content\\\/uploads\\\/sites\\\/3\\\/2024\\\/11\\\/Logo_NorthC.svg\",\"width\":110,\"height\":24,\"caption\":\"NorthC Datacenters\"},\"image\":{\"@id\":\"https:\\\/\\\/www.northcdatacenters.com\\\/ch-de\\\/#\\\/schema\\\/logo\\\/image\\\/\"},\"sameAs\":[\"https:\\\/\\\/www.linkedin.com\\\/company\\\/northc-datacenters-schweiz\\\/\"]}]}<\/script>\n<!-- \/ Yoast SEO Premium plugin. -->","yoast_head_json":{"title":"Impressum - NorthC Datacenters (CH-DE)","robots":{"index":"index","follow":"follow","max-snippet":"max-snippet:-1","max-image-preview":"max-image-preview:large","max-video-preview":"max-video-preview:-1"},"canonical":"https:\/\/www.northcdatacenters.com\/ch-de\/impressum\/","og_locale":"de_DE","og_type":"article","og_title":"Impressum","og_description":"[vc_row full_width=&#187;stretch_row_content_no_spaces&#187;][vc_column][\/vc_column][\/vc_row][vc_row][vc_column][vc_column_text]NorthC Schweiz AG Tennisweg 6 2504 Biel NorthC Schweiz AG, ZN. M\u00fcnchenstein Aliothstrasse 4 4142 M\u00fcnchenstein Handelsregister: CH-036-3083786-3 Mehrwertsteuer: CHE-355.441.295 MWST Gesch\u00e4ftsf\u00fchrer: Patrik Hofer, Alexandra Schless Kontakt Telefon: +41 58 510 30 00 E-Mail: info@northcdatacenters.ch[\/vc_column_text][\/vc_column][\/vc_row]","og_url":"https:\/\/www.northcdatacenters.com\/ch-de\/impressum\/","og_site_name":"NorthC Datacenters (CH-DE)","article_modified_time":"2024-12-03T08:46:28+00:00","twitter_card":"summary_large_image","schema":{"@context":"https:\/\/schema.org","@graph":[{"@type":"WebPage","@id":"https:\/\/www.northcdatacenters.com\/ch-de\/impressum\/","url":"https:\/\/www.northcdatacenters.com\/ch-de\/impressum\/","name":"Impressum - NorthC Datacenters (CH-DE)","isPartOf":{"@id":"https:\/\/www.northcdatacenters.com\/ch-de\/#website"},"datePublished":"2022-08-04T11:43:51+00:00","dateModified":"2024-12-03T08:46:28+00:00","breadcrumb":{"@id":"https:\/\/www.northcdatacenters.com\/ch-de\/impressum\/#breadcrumb"},"inLanguage":"de-CH","potentialAction":[{"@type":"ReadAction","target":["https:\/\/www.northcdatacenters.com\/ch-de\/impressum\/"]}]},{"@type":"BreadcrumbList","@id":"https:\/\/www.northcdatacenters.com\/ch-de\/impressum\/#breadcrumb","itemListElement":[{"@type":"ListItem","position":1,"name":"Home","item":"https:\/\/www.northcdatacenters.com\/ch-de\/"},{"@type":"ListItem","position":2,"name":"Impressum"}]},{"@type":"WebSite","@id":"https:\/\/www.northcdatacenters.com\/ch-de\/#website","url":"https:\/\/www.northcdatacenters.com\/ch-de\/","name":"NorthC Datacenters","description":"Digital business, Personal connections.","publisher":{"@id":"https:\/\/www.northcdatacenters.com\/ch-de\/#organization"},"potentialAction":[{"@type":"SearchAction","target":{"@type":"EntryPoint","urlTemplate":"https:\/\/www.northcdatacenters.com\/ch-de\/?s={search_term_string}"},"query-input":{"@type":"PropertyValueSpecification","valueRequired":true,"valueName":"search_term_string"}}],"inLanguage":"de-CH"},{"@type":"Organization","@id":"https:\/\/www.northcdatacenters.com\/ch-de\/#organization","name":"NorthC Datacenters","url":"https:\/\/www.northcdatacenters.com\/ch-de\/","logo":{"@type":"ImageObject","inLanguage":"de-CH","@id":"https:\/\/www.northcdatacenters.com\/ch-de\/#\/schema\/logo\/image\/","url":"https:\/\/www.northcdatacenters.com\/ch-de\/wp-content\/uploads\/sites\/3\/2024\/11\/Logo_NorthC.svg","contentUrl":"https:\/\/www.northcdatacenters.com\/ch-de\/wp-content\/uploads\/sites\/3\/2024\/11\/Logo_NorthC.svg","width":110,"height":24,"caption":"NorthC Datacenters"},"image":{"@id":"https:\/\/www.northcdatacenters.com\/ch-de\/#\/schema\/logo\/image\/"},"sameAs":["https:\/\/www.linkedin.com\/company\/northc-datacenters-schweiz\/"]}]}},"_links":{"self":[{"href":"https:\/\/www.northcdatacenters.com\/ch-de\/wp-json\/wp\/v2\/pages\/21688","targetHints":{"allow":["GET"]}}],"collection":[{"href":"https:\/\/www.northcdatacenters.com\/ch-de\/wp-json\/wp\/v2\/pages"}],"about":[{"href":"https:\/\/www.northcdatacenters.com\/ch-de\/wp-json\/wp\/v2\/types\/page"}],"author":[{"embeddable":true,"href":"https:\/\/www.northcdatacenters.com\/ch-de\/wp-json\/wp\/v2\/users\/8"}],"replies":[{"embeddable":true,"href":"https:\/\/www.northcdatacenters.com\/ch-de\/wp-json\/wp\/v2\/comments?post=21688"}],"version-history":[{"count":5,"href":"https:\/\/www.northcdatacenters.com\/ch-de\/wp-json\/wp\/v2\/pages\/21688\/revisions"}],"predecessor-version":[{"id":28222,"href":"https:\/\/www.northcdatacenters.com\/ch-de\/wp-json\/wp\/v2\/pages\/21688\/revisions\/28222"}],"wp:attachment":[{"href":"https:\/\/www.northcdatacenters.com\/ch-de\/wp-json\/wp\/v2\/media?parent=21688"}],"curies":[{"name":"wp","href":"https:\/\/api.w.org\/{rel}","templated":true}]}}