{"id":25680,"date":"2024-09-04T07:59:28","date_gmt":"2024-09-04T07:59:28","guid":{"rendered":"https:\/\/www.northcdatacenters.com\/ch-de\/?page_id=25680"},"modified":"2024-12-02T13:28:47","modified_gmt":"2024-12-02T13:28:47","slug":"northc-on-net-maximale-konnektivitaet-fuer-ihr-unternehmen","status":"publish","type":"page","link":"https:\/\/www.northcdatacenters.com\/ch-de\/northc-on-net-maximale-konnektivitaet-fuer-ihr-unternehmen\/","title":{"rendered":"NorthC-On-Net &#8211; Maximale Konnektivit\u00e4t f\u00fcr Ihr Unternehmen"},"content":{"rendered":"<div class=\"wpb-content-wrapper\"><p>[vc_row full_width=&#187;stretch_row_content_no_spaces&#187;][vc_column]\n<div class=\"hero \">\n  \n    <div class=\"hero-bg \"\n      style=\"position: relative; overflow: hidden; width: 100%; min-height: 66vh; background-color: #f0f0f0;\">\n      <figure style=\"width: 100%; height: 100%;\">\n        <img\n          class=\"hero-image\"\n          src=\"https:\/\/www.northcdatacenters.com\/ch-de\/wp-content\/uploads\/sites\/3\/2024\/10\/Fiber-2-scaled.webp\"\n          srcset=\"https:\/\/www.northcdatacenters.com\/ch-de\/wp-content\/uploads\/sites\/3\/2024\/10\/Fiber-2-300x225.webp 300w, https:\/\/www.northcdatacenters.com\/ch-de\/wp-content\/uploads\/sites\/3\/2024\/10\/Fiber-2-510x360.webp 510w, https:\/\/www.northcdatacenters.com\/ch-de\/wp-content\/uploads\/sites\/3\/2024\/10\/Fiber-2-600x840.webp 600w, https:\/\/www.northcdatacenters.com\/ch-de\/wp-content\/uploads\/sites\/3\/2024\/10\/Fiber-2-800x500.webp 800w, https:\/\/www.northcdatacenters.com\/ch-de\/wp-content\/uploads\/sites\/3\/2024\/10\/Fiber-2-1024x768.webp 1024w, https:\/\/www.northcdatacenters.com\/ch-de\/wp-content\/uploads\/sites\/3\/2024\/10\/Fiber-2-scaled.webp 2560w, \"\n          sizes=\"(min-width: 2560px) 2560px, 100vw\"\n          type=\"image\/webp\"\n          loading=\"eager\"\n          decoding=\"async\"\n          fetchpriority=\"high\"\n          alt=\"Hero image\"\n          style=\"\n            position: absolute;\n            top: 0;\n            left: 0;\n            width: 100%;\n            height: 100%;\n            object-fit: cover;\n            object-position: 50% center;\n            opacity: 1;\n            aspect-ratio: 1.7777777777777777;\n          \"\n        >\n        <div class=\"scroll-indicator\">\n  <svg width=\"24\" height=\"24\" viewBox=\"0 0 24 24\" fill=\"none\" xmlns=\"http:\/\/www.w3.org\/2000\/svg\" aria-hidden=\"true\">\n    <rect x=\"7.25\" y=\"2.75\" width=\"9.5\" height=\"18.5\" rx=\"4.75\" stroke=\"white\" stroke-width=\"1.5\" \/>\n    <rect class=\"scroll\" x=\"10\" y=\"6\" width=\"4\" height=\"7\" rx=\"2\" fill=\"white\" \/>\n  <\/svg>\n<\/div>      <\/figure>\n    <\/div>\n  \n  <div class=\"container hero-content text-white \">\n    <div class=\"title d-flex flex-column gap-3 gap-lg-4\">\n            <h1 class=\"mb-6 lh-sm\">NorthC-On-Net - Maximale Konnektivit\u00e4t f\u00fcr Ihr Unternehmen<\/h1>\n\n      \n              <div class=\"d-flex gap-4\">\n          \n                      \n<div class=\"post-tags d-flex gap-1\">\n      <span class=\"tag text-bg-white\">\n      2 Min. Lesezeit    <\/span>\n  <\/div>                  <\/div>\n      \n          <\/div>\n  <\/div>\n\n      <div class=\"container hero-text-container-wrap\">\n      <div class=\"hero-text-container text-bg-white z-1 py-16 px-md-3 slanted slanted-xl-space-left slanted-xl-from-bottom-left\">\n        <div class=\"container\">\n          <div class=\"d-flex flex-column gap-6\">\n            \n<nav class=\"font-extrabold text-xs text-gray-500\" aria-label=\"breadcrumb\">\n  <ol class='breadcrumb'>      <li class=\"breadcrumb-item \" >\n                  <a href=\"https:\/\/www.northcdatacenters.com\/ch-de\" class=\"text-decoration-none text-gray-500\">Home<\/a>\n              <\/li>\n      <li class=\"breadcrumb-item  active\" aria-current=\"page\">\n                  NorthC-On-Net &#8211; Maximale Konnektivit\u00e4t f\u00fcr Ihr Unternehmen              <\/li>\n<\/ol><\/nav>\n\n                          <h3 class=\"font-bold mb-0 text-4xl lh-lead\">Maximale Effizienz und Sicherheit mit hochmodernen Glasfaserverbindungen von NorthC \u2013 perfekt f\u00fcr Unternehmen jeder Gr\u00f6sse und Branche.<\/h3>\n            \n            <div class=\"button-list\">\n                              \n  <button class=\"btn btn-primary\" type=\"button\" data-bs-toggle=\"offcanvas\" data-bs-target=\"#offcanvas_78\" aria-controls=\"offcanvas_78\">\n    Download Brosch\u00fcre  <\/button>\n                              \n  \n  <button class=\"btn btn-secondary\" type=\"button\" data-bs-toggle=\"offcanvas\" data-bs-target=\"#offcanvas_28\" aria-controls=\"offcanvas_28\">\n    Kontakt aufnehmen  <\/button>\n\n                          <\/div>\n          <\/div>\n        <\/div>\n      <\/div>\n    <\/div>\n  <\/div>[\/vc_column][\/vc_row][vc_row][vc_column][vc_column_text]<\/p>\n<h2>Hochleistungsverbindungen f\u00fcr Ihre IT-Infrastruktur<\/h2>\n<p>NorthC-On-Net bietet Ihnen dedizierte Glasfaser- und Managed Connectivity-Services, die exakt auf Ihre Bed\u00fcrfnisse zugeschnitten sind. Unsere georedundanten Verbindungen und die leistungsstarke Glasfaserinfrastruktur sichern nicht nur maximale Verf\u00fcgbarkeit, sondern auch h\u00f6chste Daten\u00fcbertragungseffizienz. Ob f\u00fcr Gesundheitsdaten, schnelle Finanztransaktionen oder umfangreiche ICT-Prozesse \u2013 NorthC hat die passende L\u00f6sung f\u00fcr Sie.[\/vc_column_text][\/vc_column][\/vc_row][vc_row full_width=&#187;stretch_row_content&#187;][vc_column]<div class=\"title-block px-3 title-block-image-right\">\n  <div class=\"container image-container\" style=\"--image-position-x: 50%;\">\n          <picture class=\"responsive-picture \">\n  <img decoding=\"async\" src=\"https:\/\/www.northcdatacenters.com\/ch-de\/wp-content\/uploads\/sites\/3\/2024\/11\/northc-Fiber-800x500-1.webp\" srcset=\"https:\/\/www.northcdatacenters.com\/ch-de\/wp-content\/uploads\/sites\/3\/2024\/11\/northc-Fiber-800x500-1.webp 800w, https:\/\/www.northcdatacenters.com\/ch-de\/wp-content\/uploads\/sites\/3\/2024\/11\/northc-Fiber-800x500-1-300x188.webp 300w, https:\/\/www.northcdatacenters.com\/ch-de\/wp-content\/uploads\/sites\/3\/2024\/11\/northc-Fiber-800x500-1-768x480.webp 768w, https:\/\/www.northcdatacenters.com\/ch-de\/wp-content\/uploads\/sites\/3\/2024\/11\/northc-Fiber-800x500-1-175x109.webp 175w, https:\/\/www.northcdatacenters.com\/ch-de\/wp-content\/uploads\/sites\/3\/2024\/11\/northc-Fiber-800x500-1-510x319.webp 510w\"\n  class=\"\" style=\"\"\n  loading=\"lazy\"\n  sizes=\"(min-width: 1400px) 1200px, (min-width: 1200px) 48vw, 100vw\" \/><\/picture>      <\/div>\n\n  <div class=\"d-none d-xl-block background-with-slanted-edge slanted\"><\/div>\n\n  <div class=\"container text-container\">\n    <div class=\"text-bg-white text py-9 px-6 d-flex flex-column\">\n              <h2 class=\"font-heavy lh-sm\">Ihre Vorteile mit unserem Glasfasernetz<\/h2>\n      \n      <div class=\"content lh-xl\">\n        <ul>\n<li>Exklusive \u201eOn-Net\u201c-Anbindung: Garantierte Zuverl\u00e4ssigkeit und Performance.<\/li>\n<li>Georedundante Verbindungen: H\u00f6here Verf\u00fcgbarkeit Ihrer Dienste.<\/li>\n<li>Flexibilit\u00e4t und Kontrolle: Volle Kontrolle \u00fcber Netzwerk, Bandbreite und Sicherheit.<\/li>\n<li>Punkt-zu-Punkt-Verbindungen: Individuell f\u00fcr Sie geplant und umgesetzt.<\/li>\n<li>Managed Connectivity: Skalierbare Bandbreiten-Services f\u00fcr Ihre Datenkommunikation.<\/li>\n<\/ul>\n<p><span style=\"font-weight: 400\">Unsere optionalen Services sorgen f\u00fcr eine massgeschneiderte IT-Strategie, die sowohl lokale als auch globale Anforderungen erf\u00fcllt.<\/span><\/p>\n      <\/div>\n\n              <div class=\"d-flex gap-3 flex-wrap mt-4\">\n                      \n  <button class=\"btn btn-primary\" type=\"button\" data-bs-toggle=\"offcanvas\" data-bs-target=\"#offcanvas_78\" aria-controls=\"offcanvas_78\">\n    Download Brosch\u00fcre  <\/button>\n                  <\/div>\n          <\/div>\n  <\/div>\n<\/div>[\/vc_column][\/vc_row][vc_row full_width=&#187;stretch_row_content&#187;][vc_column]<div class=\"title-block px-3 title-block-image-left\">\n  <div class=\"container image-container\" style=\"--image-position-x: 50%;\">\n          <picture class=\"responsive-picture \">\n  <img decoding=\"async\" src=\"https:\/\/www.northcdatacenters.com\/ch-de\/wp-content\/uploads\/sites\/3\/2024\/10\/240929-Onnet-flyer-Option-1-Dedizierte-Glasfaserverbindunge-Dark-Fiber-1600x1143.webp\" srcset=\"\"\n  class=\"\" style=\"\"\n  loading=\"lazy\"\n  sizes=\"(min-width: 1400px) 1200px, (min-width: 1200px) 48vw, 100vw\" \/><\/picture>      <\/div>\n\n  <div class=\"d-none d-xl-block background-with-slanted-edge slanted\"><\/div>\n\n  <div class=\"container text-container\">\n    <div class=\"text-bg-white text py-9 px-6 d-flex flex-column\">\n              <h2 class=\"font-heavy lh-sm\">Option 1: Dedizierte Glasfaserverbindungen (Dark Fiber)<\/h2>\n      \n      <div class=\"content lh-xl\">\n        <span style=\"font-weight: 400\">Erleben Sie ultimative Geschwindigkeit und Sicherheit mit Punkt-zu-Punkt-Verbindungen, die genau auf Ihre Anforderungen abgestimmt sind. Volle Kontrolle \u00fcber Netzwerktechnologie und Bandbreite garantiert maximale Effizienz.<\/span>      <\/div>\n\n              <div class=\"d-flex gap-3 flex-wrap mt-4\">\n                      \n  <button class=\"btn btn-primary\" type=\"button\" data-bs-toggle=\"offcanvas\" data-bs-target=\"#offcanvas_78\" aria-controls=\"offcanvas_78\">\n    Download Brosch\u00fcre  <\/button>\n                  <\/div>\n          <\/div>\n  <\/div>\n<\/div>[\/vc_column][\/vc_row][vc_row full_width=&#187;stretch_row_content&#187;][vc_column]<div class=\"title-block px-3 title-block-image-right\">\n  <div class=\"container image-container\" style=\"--image-position-x: 50%;\">\n          <picture class=\"responsive-picture \">\n  <img decoding=\"async\" src=\"https:\/\/www.northcdatacenters.com\/ch-de\/wp-content\/uploads\/sites\/3\/2024\/12\/240929-Onnet-flyer-Option-2-Managed-Connectivity-e1733145487782-2-1500x1143.webp\" srcset=\"\"\n  class=\"\" style=\"\"\n  loading=\"lazy\"\n  sizes=\"(min-width: 1400px) 1200px, (min-width: 1200px) 48vw, 100vw\" \/><\/picture>      <\/div>\n\n  <div class=\"d-none d-xl-block background-with-slanted-edge slanted\"><\/div>\n\n  <div class=\"container text-container\">\n    <div class=\"text-bg-white text py-9 px-6 d-flex flex-column\">\n              <h2 class=\"font-heavy lh-sm\">Option 2: Managed Connectivity<\/h2>\n      \n      <div class=\"content lh-xl\">\n        Skalierbare und betreute Bandbreiten-Services, die Ihr Unternehmen flexibel wachsen lassen. Mit unserem Rundum-Sorglos-Paket \u00fcbernehmen wir den Betrieb und das Monitoring, damit Sie sich auf Ihr Kerngesch\u00e4ft konzentrieren k\u00f6nnen.      <\/div>\n\n              <div class=\"d-flex gap-3 flex-wrap mt-4\">\n                      \n  <button class=\"btn btn-primary\" type=\"button\" data-bs-toggle=\"offcanvas\" data-bs-target=\"#offcanvas_78\" aria-controls=\"offcanvas_78\">\n    Download Brosch\u00fcre  <\/button>\n                  <\/div>\n          <\/div>\n  <\/div>\n<\/div>[\/vc_column][\/vc_row][vc_row][vc_column][vc_column_text]<\/p>\n<h2>Service, der Ihre Erwartungen \u00fcbertrifft<\/h2>\n<ul>\n<li>Flexible Bandbreitenoptionen: F\u00fcr jede Branche die passende Geschwindigkeit \u2013 ob ICT, Gesundheitswesen oder Finanztransaktionen.<\/li>\n<li>Vielf\u00e4ltige Netzwerk-Topologien: Von Punkt-zu-Punkt- bis Multipunkt-zu-Multipunkt-L\u00f6sungen.<\/li>\n<li>Individuelle SLAs: Perfekt zugeschnitten auf Ihre Anforderungen f\u00fcr maximale Zuverl\u00e4ssigkeit und Verf\u00fcgbarkeit.<\/li>\n<\/ul>\n<p>[\/vc_column_text][\/vc_column][\/vc_row][vc_row][vc_column]<div class=\"cta\">\n  <div class=\"cta-grid\">\n    <div class=\"cta-picture\">\n      <picture class=\"responsive-picture d-block\">\n  <img decoding=\"async\" src=\"https:\/\/www.northcdatacenters.com\/ch-de\/wp-content\/uploads\/sites\/3\/2024\/11\/Studio-Fotosession-1434-scaled-837x1256.webp\" srcset=\"https:\/\/www.northcdatacenters.com\/ch-de\/wp-content\/uploads\/sites\/3\/2024\/11\/Studio-Fotosession-1434-scaled-837x1256.webp 837w, https:\/\/www.northcdatacenters.com\/ch-de\/wp-content\/uploads\/sites\/3\/2024\/11\/Studio-Fotosession-1434-scaled-200x300.webp 200w, https:\/\/www.northcdatacenters.com\/ch-de\/wp-content\/uploads\/sites\/3\/2024\/11\/Studio-Fotosession-1434-scaled-683x1024.webp 683w, https:\/\/www.northcdatacenters.com\/ch-de\/wp-content\/uploads\/sites\/3\/2024\/11\/Studio-Fotosession-1434-scaled-768x1152.webp 768w, https:\/\/www.northcdatacenters.com\/ch-de\/wp-content\/uploads\/sites\/3\/2024\/11\/Studio-Fotosession-1434-scaled-1024x1536.webp 1024w, https:\/\/www.northcdatacenters.com\/ch-de\/wp-content\/uploads\/sites\/3\/2024\/11\/Studio-Fotosession-1434-scaled-1366x2048.webp 1366w, https:\/\/www.northcdatacenters.com\/ch-de\/wp-content\/uploads\/sites\/3\/2024\/11\/Studio-Fotosession-1434-scaled-175x262.webp 175w, https:\/\/www.northcdatacenters.com\/ch-de\/wp-content\/uploads\/sites\/3\/2024\/11\/Studio-Fotosession-1434-scaled-240x360.webp 240w, https:\/\/www.northcdatacenters.com\/ch-de\/wp-content\/uploads\/sites\/3\/2024\/11\/Studio-Fotosession-1434-scaled-333x500.webp 333w, https:\/\/www.northcdatacenters.com\/ch-de\/wp-content\/uploads\/sites\/3\/2024\/11\/Studio-Fotosession-1434-scaled.webp 1707w\"\n  class=\"\" style=\"\"\n  loading=\"lazy\"\n  sizes=\"(min-width: 992px) 1280px, 100vw\" \/><\/picture>\n          <\/div>\n\n    <div class=\"text text-white d-flex flex-column gap-4 justify-content-center align-items-center p-6 pb-12 px-lg-12 px-xxl-28\">\n      <h6 class=\"text-primary lh214 font-extrabold text-center mb-0\">Kontakt aufnehmen<\/h6>\n      <h3 class=\"mb-2 text-center text-sm-5xl mb-sm-6 text-balance\">Optimieren Sie Ihre IT-Infrastruktur mit NorthC-On-Net.<\/h3>\n      <div class=\"buttons d-flex flex-column flex-lg-row flex-wrap gap-4 align-items-center justify-content-center dark-background\">\n                  \n  <button class=\"btn btn-primary\" type=\"button\" data-bs-toggle=\"offcanvas\" data-bs-target=\"#offcanvas_15\" aria-controls=\"offcanvas_15\">\n    Angebot anfordern  <\/button>\n                  \n  \n  <button class=\"btn btn-secondary\" type=\"button\" data-bs-toggle=\"offcanvas\" data-bs-target=\"#offcanvas_34\" aria-controls=\"offcanvas_34\">\n    Besichtigung anfordern  <\/button>\n\n              <\/div>\n    <\/div>\n  <\/div>\n<\/div>[\/vc_column][\/vc_row]<\/p>\n<\/div>","protected":false},"excerpt":{"rendered":"<p>[vc_row full_width=&#187;stretch_row_content_no_spaces&#187;][vc_column][\/vc_column][\/vc_row][vc_row][vc_column][vc_column_text] Hochleistungsverbindungen f\u00fcr Ihre IT-Infrastruktur NorthC-On-Net bietet Ihnen dedizierte Glasfaser- und Managed Connectivity-Services, die exakt auf Ihre Bed\u00fcrfnisse zugeschnitten sind. Unsere georedundanten Verbindungen und die leistungsstarke Glasfaserinfrastruktur sichern nicht nur maximale Verf\u00fcgbarkeit, sondern auch h\u00f6chste Daten\u00fcbertragungseffizienz. Ob f\u00fcr Gesundheitsdaten, schnelle Finanztransaktionen oder umfangreiche ICT-Prozesse \u2013 NorthC hat die passende L\u00f6sung f\u00fcr Sie.[\/vc_column_text][\/vc_column][\/vc_row][vc_row full_width=&#187;stretch_row_content&#187;][vc_column][\/vc_column][\/vc_row][vc_row full_width=&#187;stretch_row_content&#187;][vc_column][\/vc_column][\/vc_row][vc_row &#8230;<\/p>\n","protected":false},"author":24,"featured_media":0,"parent":0,"menu_order":0,"comment_status":"closed","ping_status":"closed","template":"","meta":{"_acf_changed":false,"_relevanssi_hide_post":"","_relevanssi_hide_content":"","_relevanssi_pin_for_all":"","_relevanssi_pin_keywords":"","_relevanssi_unpin_keywords":"","_relevanssi_related_keywords":"","_relevanssi_related_include_ids":"","_relevanssi_related_exclude_ids":"","_relevanssi_related_no_append":"","_relevanssi_related_not_related":"","_relevanssi_related_posts":"","_relevanssi_noindex_reason":"","footnotes":""},"class_list":["post-25680","page","type-page","status-publish","hentry"],"acf":[],"yoast_head":"<!-- This site is optimized with the Yoast SEO Premium plugin v27.5 (Yoast SEO v27.5) - https:\/\/yoast.com\/product\/yoast-seo-premium-wordpress\/ -->\n<title>NorthC&#x2d;On&#x2d;Net<\/title>\n<meta name=\"description\" content=\"F\u00fcr unsere Master Agents (Vertriebspartner) und Berater hat NorthC ein Programm entwickelt, das Ihnen hilft, die Anforderungen Ihrer Kunden zu erf\u00fcllen.\" \/>\n<meta name=\"robots\" content=\"index, follow, max-snippet:-1, max-image-preview:large, max-video-preview:-1\" \/>\n<link rel=\"canonical\" href=\"https:\/\/www.northcdatacenters.com\/ch-de\/northc-on-net-maximale-konnektivitaet-fuer-ihr-unternehmen\/\" \/>\n<meta property=\"og:locale\" content=\"de_DE\" \/>\n<meta property=\"og:type\" content=\"article\" \/>\n<meta property=\"og:title\" content=\"NorthC-On-Net - Maximale Konnektivit\u00e4t f\u00fcr Ihr Unternehmen\" \/>\n<meta property=\"og:description\" content=\"Mit NorthC On&#x2d;Net profitieren Unternehmen von h\u00f6chster Performance, Zuverl\u00e4ssigkeit und Sicherheit. Unsere moderne Netzwerkanbindung bietet Ihnen flexible Serviceoptionen.\" \/>\n<meta property=\"og:url\" content=\"https:\/\/www.northcdatacenters.com\/ch-de\/northc-on-net-maximale-konnektivitaet-fuer-ihr-unternehmen\/\" \/>\n<meta property=\"og:site_name\" content=\"NorthC Datacenters (CH-DE)\" \/>\n<meta property=\"article:modified_time\" content=\"2024-12-02T13:28:47+00:00\" \/>\n<meta property=\"og:image\" content=\"https:\/\/www.northcdatacenters.com\/ch-de\/wp-content\/uploads\/sites\/3\/2024\/10\/cropped-cropped-Fiber-2-scaled-1.jpg\" \/>\n<meta name=\"twitter:card\" content=\"summary_large_image\" \/>\n<meta name=\"twitter:description\" content=\"Mit NorthC On&#x2d;Net profitieren Unternehmen von h\u00f6chster Performance, Zuverl\u00e4ssigkeit und Sicherheit. Unsere moderne Netzwerkanbindung bietet Ihnen flexible Serviceoptionen.\" \/>\n<meta name=\"twitter:label1\" content=\"Gesch\u00e4tzte Lesezeit\" \/>\n\t<meta name=\"twitter:data1\" content=\"2\u00a0Minuten\" \/>\n<script type=\"application\/ld+json\" class=\"yoast-schema-graph\">{\"@context\":\"https:\\\/\\\/schema.org\",\"@graph\":[{\"@type\":\"WebPage\",\"@id\":\"https:\\\/\\\/www.northcdatacenters.com\\\/ch-de\\\/northc-on-net-maximale-konnektivitaet-fuer-ihr-unternehmen\\\/\",\"url\":\"https:\\\/\\\/www.northcdatacenters.com\\\/ch-de\\\/northc-on-net-maximale-konnektivitaet-fuer-ihr-unternehmen\\\/\",\"name\":\"NorthC&#x2d;On&#x2d;Net\",\"isPartOf\":{\"@id\":\"https:\\\/\\\/www.northcdatacenters.com\\\/ch-de\\\/#website\"},\"datePublished\":\"2024-09-04T07:59:28+00:00\",\"dateModified\":\"2024-12-02T13:28:47+00:00\",\"description\":\"F\u00fcr unsere Master Agents (Vertriebspartner) und Berater hat NorthC ein Programm entwickelt, das Ihnen hilft, die Anforderungen Ihrer Kunden zu erf\u00fcllen.\",\"breadcrumb\":{\"@id\":\"https:\\\/\\\/www.northcdatacenters.com\\\/ch-de\\\/northc-on-net-maximale-konnektivitaet-fuer-ihr-unternehmen\\\/#breadcrumb\"},\"inLanguage\":\"de-CH\",\"potentialAction\":[{\"@type\":\"ReadAction\",\"target\":[\"https:\\\/\\\/www.northcdatacenters.com\\\/ch-de\\\/northc-on-net-maximale-konnektivitaet-fuer-ihr-unternehmen\\\/\"]}]},{\"@type\":\"BreadcrumbList\",\"@id\":\"https:\\\/\\\/www.northcdatacenters.com\\\/ch-de\\\/northc-on-net-maximale-konnektivitaet-fuer-ihr-unternehmen\\\/#breadcrumb\",\"itemListElement\":[{\"@type\":\"ListItem\",\"position\":1,\"name\":\"Home\",\"item\":\"https:\\\/\\\/www.northcdatacenters.com\\\/ch-de\\\/\"},{\"@type\":\"ListItem\",\"position\":2,\"name\":\"NorthC-On-Net &#8211; Maximale Konnektivit\u00e4t f\u00fcr Ihr Unternehmen\"}]},{\"@type\":\"WebSite\",\"@id\":\"https:\\\/\\\/www.northcdatacenters.com\\\/ch-de\\\/#website\",\"url\":\"https:\\\/\\\/www.northcdatacenters.com\\\/ch-de\\\/\",\"name\":\"NorthC Datacenters\",\"description\":\"Digital business, Personal connections.\",\"publisher\":{\"@id\":\"https:\\\/\\\/www.northcdatacenters.com\\\/ch-de\\\/#organization\"},\"potentialAction\":[{\"@type\":\"SearchAction\",\"target\":{\"@type\":\"EntryPoint\",\"urlTemplate\":\"https:\\\/\\\/www.northcdatacenters.com\\\/ch-de\\\/?s={search_term_string}\"},\"query-input\":{\"@type\":\"PropertyValueSpecification\",\"valueRequired\":true,\"valueName\":\"search_term_string\"}}],\"inLanguage\":\"de-CH\"},{\"@type\":\"Organization\",\"@id\":\"https:\\\/\\\/www.northcdatacenters.com\\\/ch-de\\\/#organization\",\"name\":\"NorthC Datacenters\",\"url\":\"https:\\\/\\\/www.northcdatacenters.com\\\/ch-de\\\/\",\"logo\":{\"@type\":\"ImageObject\",\"inLanguage\":\"de-CH\",\"@id\":\"https:\\\/\\\/www.northcdatacenters.com\\\/ch-de\\\/#\\\/schema\\\/logo\\\/image\\\/\",\"url\":\"https:\\\/\\\/www.northcdatacenters.com\\\/ch-de\\\/wp-content\\\/uploads\\\/sites\\\/3\\\/2024\\\/11\\\/Logo_NorthC.svg\",\"contentUrl\":\"https:\\\/\\\/www.northcdatacenters.com\\\/ch-de\\\/wp-content\\\/uploads\\\/sites\\\/3\\\/2024\\\/11\\\/Logo_NorthC.svg\",\"width\":110,\"height\":24,\"caption\":\"NorthC Datacenters\"},\"image\":{\"@id\":\"https:\\\/\\\/www.northcdatacenters.com\\\/ch-de\\\/#\\\/schema\\\/logo\\\/image\\\/\"},\"sameAs\":[\"https:\\\/\\\/www.linkedin.com\\\/company\\\/northc-datacenters-schweiz\\\/\"]}]}<\/script>\n<!-- \/ Yoast SEO Premium plugin. -->","yoast_head_json":{"title":"NorthC&#x2d;On&#x2d;Net","description":"F\u00fcr unsere Master Agents (Vertriebspartner) und Berater hat NorthC ein Programm entwickelt, das Ihnen hilft, die Anforderungen Ihrer Kunden zu erf\u00fcllen.","robots":{"index":"index","follow":"follow","max-snippet":"max-snippet:-1","max-image-preview":"max-image-preview:large","max-video-preview":"max-video-preview:-1"},"canonical":"https:\/\/www.northcdatacenters.com\/ch-de\/northc-on-net-maximale-konnektivitaet-fuer-ihr-unternehmen\/","og_locale":"de_DE","og_type":"article","og_title":"NorthC-On-Net - Maximale Konnektivit\u00e4t f\u00fcr Ihr Unternehmen","og_description":"Mit NorthC On&#x2d;Net profitieren Unternehmen von h\u00f6chster Performance, Zuverl\u00e4ssigkeit und Sicherheit. Unsere moderne Netzwerkanbindung bietet Ihnen flexible Serviceoptionen.","og_url":"https:\/\/www.northcdatacenters.com\/ch-de\/northc-on-net-maximale-konnektivitaet-fuer-ihr-unternehmen\/","og_site_name":"NorthC Datacenters (CH-DE)","article_modified_time":"2024-12-02T13:28:47+00:00","og_image":[{"url":"https:\/\/www.northcdatacenters.com\/ch-de\/wp-content\/uploads\/sites\/3\/2024\/10\/cropped-cropped-Fiber-2-scaled-1.jpg","type":"","width":"","height":""}],"twitter_card":"summary_large_image","twitter_description":"Mit NorthC On&#x2d;Net profitieren Unternehmen von h\u00f6chster Performance, Zuverl\u00e4ssigkeit und Sicherheit. Unsere moderne Netzwerkanbindung bietet Ihnen flexible Serviceoptionen.","twitter_misc":{"Gesch\u00e4tzte Lesezeit":"2\u00a0Minuten"},"schema":{"@context":"https:\/\/schema.org","@graph":[{"@type":"WebPage","@id":"https:\/\/www.northcdatacenters.com\/ch-de\/northc-on-net-maximale-konnektivitaet-fuer-ihr-unternehmen\/","url":"https:\/\/www.northcdatacenters.com\/ch-de\/northc-on-net-maximale-konnektivitaet-fuer-ihr-unternehmen\/","name":"NorthC&#x2d;On&#x2d;Net","isPartOf":{"@id":"https:\/\/www.northcdatacenters.com\/ch-de\/#website"},"datePublished":"2024-09-04T07:59:28+00:00","dateModified":"2024-12-02T13:28:47+00:00","description":"F\u00fcr unsere Master Agents (Vertriebspartner) und Berater hat NorthC ein Programm entwickelt, das Ihnen hilft, die Anforderungen Ihrer Kunden zu erf\u00fcllen.","breadcrumb":{"@id":"https:\/\/www.northcdatacenters.com\/ch-de\/northc-on-net-maximale-konnektivitaet-fuer-ihr-unternehmen\/#breadcrumb"},"inLanguage":"de-CH","potentialAction":[{"@type":"ReadAction","target":["https:\/\/www.northcdatacenters.com\/ch-de\/northc-on-net-maximale-konnektivitaet-fuer-ihr-unternehmen\/"]}]},{"@type":"BreadcrumbList","@id":"https:\/\/www.northcdatacenters.com\/ch-de\/northc-on-net-maximale-konnektivitaet-fuer-ihr-unternehmen\/#breadcrumb","itemListElement":[{"@type":"ListItem","position":1,"name":"Home","item":"https:\/\/www.northcdatacenters.com\/ch-de\/"},{"@type":"ListItem","position":2,"name":"NorthC-On-Net &#8211; Maximale Konnektivit\u00e4t f\u00fcr Ihr Unternehmen"}]},{"@type":"WebSite","@id":"https:\/\/www.northcdatacenters.com\/ch-de\/#website","url":"https:\/\/www.northcdatacenters.com\/ch-de\/","name":"NorthC Datacenters","description":"Digital business, Personal connections.","publisher":{"@id":"https:\/\/www.northcdatacenters.com\/ch-de\/#organization"},"potentialAction":[{"@type":"SearchAction","target":{"@type":"EntryPoint","urlTemplate":"https:\/\/www.northcdatacenters.com\/ch-de\/?s={search_term_string}"},"query-input":{"@type":"PropertyValueSpecification","valueRequired":true,"valueName":"search_term_string"}}],"inLanguage":"de-CH"},{"@type":"Organization","@id":"https:\/\/www.northcdatacenters.com\/ch-de\/#organization","name":"NorthC Datacenters","url":"https:\/\/www.northcdatacenters.com\/ch-de\/","logo":{"@type":"ImageObject","inLanguage":"de-CH","@id":"https:\/\/www.northcdatacenters.com\/ch-de\/#\/schema\/logo\/image\/","url":"https:\/\/www.northcdatacenters.com\/ch-de\/wp-content\/uploads\/sites\/3\/2024\/11\/Logo_NorthC.svg","contentUrl":"https:\/\/www.northcdatacenters.com\/ch-de\/wp-content\/uploads\/sites\/3\/2024\/11\/Logo_NorthC.svg","width":110,"height":24,"caption":"NorthC Datacenters"},"image":{"@id":"https:\/\/www.northcdatacenters.com\/ch-de\/#\/schema\/logo\/image\/"},"sameAs":["https:\/\/www.linkedin.com\/company\/northc-datacenters-schweiz\/"]}]}},"_links":{"self":[{"href":"https:\/\/www.northcdatacenters.com\/ch-de\/wp-json\/wp\/v2\/pages\/25680","targetHints":{"allow":["GET"]}}],"collection":[{"href":"https:\/\/www.northcdatacenters.com\/ch-de\/wp-json\/wp\/v2\/pages"}],"about":[{"href":"https:\/\/www.northcdatacenters.com\/ch-de\/wp-json\/wp\/v2\/types\/page"}],"author":[{"embeddable":true,"href":"https:\/\/www.northcdatacenters.com\/ch-de\/wp-json\/wp\/v2\/users\/24"}],"replies":[{"embeddable":true,"href":"https:\/\/www.northcdatacenters.com\/ch-de\/wp-json\/wp\/v2\/comments?post=25680"}],"version-history":[{"count":6,"href":"https:\/\/www.northcdatacenters.com\/ch-de\/wp-json\/wp\/v2\/pages\/25680\/revisions"}],"predecessor-version":[{"id":28211,"href":"https:\/\/www.northcdatacenters.com\/ch-de\/wp-json\/wp\/v2\/pages\/25680\/revisions\/28211"}],"wp:attachment":[{"href":"https:\/\/www.northcdatacenters.com\/ch-de\/wp-json\/wp\/v2\/media?parent=25680"}],"curies":[{"name":"wp","href":"https:\/\/api.w.org\/{rel}","templated":true}]}}