{"id":2002,"date":"2020-01-09T09:28:40","date_gmt":"2020-01-09T09:28:40","guid":{"rendered":"http:\/\/newco.vps45.sixtyseven.com\/?page_id=2002"},"modified":"2026-04-14T09:41:09","modified_gmt":"2026-04-14T09:41:09","slug":"northc-datacenters","status":"publish","type":"page","link":"https:\/\/www.northcdatacenters.com\/ch-fr\/northc-datacenters\/","title":{"rendered":"Nos centres de donn\u00e9es"},"content":{"rendered":"<div class=\"wpb-content-wrapper\"><p>[vc_row full_width=\u00a0\u00bbstretch_row_content_no_spaces\u00a0\u00bb][vc_column]\n<div class=\"hero \">\n  \n    <div class=\"hero-bg \"\n      style=\"position: relative; overflow: hidden; width: 100%; min-height: 66vh; background-color: #f0f0f0;\">\n      <figure style=\"width: 100%; height: 100%;\">\n        <img\n          class=\"hero-image\"\n          src=\"https:\/\/www.northcdatacenters.com\/ch-fr\/wp-content\/uploads\/sites\/6\/2024\/11\/zwitserland_00000.webp\"\n          srcset=\"https:\/\/www.northcdatacenters.com\/ch-fr\/wp-content\/uploads\/sites\/6\/2024\/11\/zwitserland_00000-300x169.webp 300w, https:\/\/www.northcdatacenters.com\/ch-fr\/wp-content\/uploads\/sites\/6\/2024\/11\/zwitserland_00000-510x360.webp 510w, https:\/\/www.northcdatacenters.com\/ch-fr\/wp-content\/uploads\/sites\/6\/2024\/11\/zwitserland_00000-600x840.webp 600w, https:\/\/www.northcdatacenters.com\/ch-fr\/wp-content\/uploads\/sites\/6\/2024\/11\/zwitserland_00000-800x500.webp 800w, https:\/\/www.northcdatacenters.com\/ch-fr\/wp-content\/uploads\/sites\/6\/2024\/11\/zwitserland_00000-1024x576.webp 1024w, https:\/\/www.northcdatacenters.com\/ch-fr\/wp-content\/uploads\/sites\/6\/2024\/11\/zwitserland_00000.webp 1920w, \"\n          sizes=\"(min-width: 1920px) 1920px, 100vw\"\n          type=\"image\/webp\"\n          loading=\"eager\"\n          decoding=\"async\"\n          fetchpriority=\"high\"\n          alt=\"Hero image\"\n          style=\"\n            position: absolute;\n            top: 0;\n            left: 0;\n            width: 100%;\n            height: 100%;\n            object-fit: cover;\n            object-position: 50% center;\n            opacity: 1;\n            aspect-ratio: 1.7777777777777777;\n          \"\n        >\n        <div class=\"scroll-indicator\">\n  <svg width=\"24\" height=\"24\" viewBox=\"0 0 24 24\" fill=\"none\" xmlns=\"http:\/\/www.w3.org\/2000\/svg\" aria-hidden=\"true\">\n    <rect x=\"7.25\" y=\"2.75\" width=\"9.5\" height=\"18.5\" rx=\"4.75\" stroke=\"white\" stroke-width=\"1.5\" \/>\n    <rect class=\"scroll\" x=\"10\" y=\"6\" width=\"4\" height=\"7\" rx=\"2\" fill=\"white\" \/>\n  <\/svg>\n<\/div>      <\/figure>\n    <\/div>\n  \n  <div class=\"container hero-content text-white \">\n    <div class=\"title d-flex flex-column gap-3 gap-lg-4\">\n            <h1 class=\"mb-6 lh-sm\">Nos centres de donn\u00e9es<\/h1>\n\n      \n              <div class=\"d-flex gap-4\">\n          \n                      \n<div class=\"post-tags d-flex gap-1\">\n      <span class=\"tag text-bg-white\">\n      Temps de lecture : 2 min    <\/span>\n  <\/div>                  <\/div>\n      \n          <\/div>\n  <\/div>\n\n      <div class=\"container hero-text-container-wrap\">\n      <div class=\"hero-text-container text-bg-white z-1 py-16 px-md-3 slanted slanted-xl-space-left slanted-xl-from-bottom-left\">\n        <div class=\"container\">\n          <div class=\"d-flex flex-column gap-6\">\n            \n<nav class=\"font-extrabold text-xs text-gray-500\" aria-label=\"breadcrumb\">\n  <ol class='breadcrumb'>      <li class=\"breadcrumb-item \" >\n                  <a href=\"https:\/\/www.northcdatacenters.com\/ch-fr\" class=\"text-decoration-none text-gray-500\">Home<\/a>\n              <\/li>\n      <li class=\"breadcrumb-item  active\" aria-current=\"page\">\n                  Nos centres de donn\u00e9es              <\/li>\n<\/ol><\/nav>\n\n                          <h3 class=\"font-bold mb-0 text-4xl lh-lead\">Nos centres de donn\u00e9es en Suisse, en Allemagne et aux Pays-Bas offrent une proximit\u00e9 et une connectivit\u00e9 optimales, id\u00e9ales pour les entreprises, les fournisseurs de Cloud et d'IT.<\/h3>\n            \n            <div class=\"button-list\">\n                              \n  <button class=\"btn btn-primary\" type=\"button\" data-bs-toggle=\"offcanvas\" data-bs-target=\"#offcanvas_28\" aria-controls=\"offcanvas_28\">\n    Contactez-nous  <\/button>\n                              \n  \n  <button class=\"btn btn-secondary\" type=\"button\" data-bs-toggle=\"offcanvas\" data-bs-target=\"#offcanvas_34\" aria-controls=\"offcanvas_34\">\n    Planifier une visite  <\/button>\n\n                          <\/div>\n          <\/div>\n        <\/div>\n      <\/div>\n    <\/div>\n  <\/div>[\/vc_column][\/vc_row][vc_row][vc_column][vc_column_text]<\/p>\n<h2>Des centres de donn\u00e9es qui fa\u00e7onnent votre avenir num\u00e9rique<\/h2>\n<p>NorthC combine la proximit\u00e9 locale et la connexion mondiale. Nos quatre centres de donn\u00e9es de pointe en Suisse sont parfaitement \u00e9quip\u00e9s pour r\u00e9pondre \u00e0 vos besoins en mati\u00e8re d&rsquo;informatique, allant de la colocation s\u00e9curis\u00e9e aux solutions de fibre optique d\u00e9di\u00e9es, en passant par la connectivit\u00e9 g\u00e9r\u00e9e. Avec les plus hauts standards de s\u00e9curit\u00e9 et de disponibilit\u00e9, nous cr\u00e9ons une infrastructure sur laquelle vous pouvez compter. Avec quatre centres de donn\u00e9es ultramodernes \u00e0 M\u00fcnchenstein, Bienne et Winterthour, NorthC offre en Suisse une infrastructure de premier ordre pour la croissance et l&rsquo;innovation num\u00e9riques.<\/p>\n<p>Avec une superficie totale de 9.480 m\u00b2 et une capacit\u00e9 de production d&rsquo;\u00e9lectricit\u00e9 de plus de 6,4 MW, ces sites <span style=\"font-weight: 400\">proposent donc tout ce dont les entreprises ont besoin pour r\u00e9aliser leurs projets num\u00e9riques de mani\u00e8re s\u00e9curis\u00e9e et fiable. Situ\u00e9s dans des r\u00e9gions \u00e9conomiquement fortes, ils sont parfaits pour promouvoir des id\u00e9es innovantes dans diff\u00e9rents secteurs.<\/span> Gr\u00e2ce \u00e0 un r\u00e9seau redondant entre les sites, NorthC offre une infrastructure qui combine s\u00e9curit\u00e9 maximale, efficacit\u00e9 et \u00e9volutivit\u00e9.<\/p>\n<p>[\/vc_column_text][\/vc_column][\/vc_row][vc_row css=\u00a0\u00bb.vc_custom_1659710320141{padding-top: 8% !important;padding-bottom: 8% !important;}\u00a0\u00bb el_id=\u00a0\u00bbdatacenters\u00a0\u00bb][vc_column]\n\n\n<div class=\"cards-grid cards-grid-mod-3\">\n  \n<div class=\"card \">\n      <div class=\"card-img-wrap aspect-ratio\" style=\"--aspect-ratio: 1.42\">\n      <img decoding=\"async\" src=\"https:\/\/www.northcdatacenters.com\/ch-fr\/wp-content\/uploads\/sites\/6\/2026\/03\/Uptown-1-1-510x360.webp\" srcset=\"\"\n  class=\"card-img h-100 bg-gray-300 inherit-aspect-ratio\" style=\"\"\n  loading=\"lazy\"\n  sizes=\"336px\" \/>\n          <\/div>\n  \n  <div class=\"card-body \">\n    <div class=\"card-title mb-2\">Centre de donn\u00e9es d'Arlesheim (B\u00e2le)<\/div>\n\n    <div class=\"card-text\">\n      <div class=\"content\">\n                  <p>Schorenweg 21<br \/>\n4144 Arlesheim<\/p>\n              <\/div>\n\n      \n          <\/div>\n  <\/div>\n\n  <\/div>\n<div class=\"card \">\n      <div class=\"card-img-wrap aspect-ratio\" style=\"--aspect-ratio: 1.42\">\n      <img decoding=\"async\" src=\"https:\/\/www.northcdatacenters.com\/ch-fr\/wp-content\/uploads\/sites\/6\/2024\/11\/NorthC-Nederland-Datacenter-Biel-Bern-510x360.webp\" srcset=\"\"\n  class=\"card-img h-100 bg-gray-300 inherit-aspect-ratio\" style=\"\"\n  loading=\"lazy\"\n  sizes=\"336px\" \/>\n          <\/div>\n  \n  <div class=\"card-body \">\n    <div class=\"card-title mb-2\">Centre de donn\u00e9es de Bienne (Berne)<\/div>\n\n    <div class=\"card-text\">\n      <div class=\"content\">\n                  <p>Tennisweg 6<br \/>\n2504 Biel\/Bienne<\/p>\n              <\/div>\n\n      \n          <\/div>\n  <\/div>\n\n  <\/div>\n<div class=\"card \">\n      <div class=\"card-img-wrap aspect-ratio\" style=\"--aspect-ratio: 1.42\">\n      <img decoding=\"async\" src=\"https:\/\/www.northcdatacenters.com\/ch-fr\/wp-content\/uploads\/sites\/6\/2026\/03\/Genf-Rendering-510x360.webp\" srcset=\"\"\n  class=\"card-img h-100 bg-gray-300 inherit-aspect-ratio\" style=\"\"\n  loading=\"lazy\"\n  sizes=\"336px\" \/>\n          <\/div>\n  \n  <div class=\"card-body \">\n    <div class=\"card-title mb-2\">Centre de donn\u00e9es de Gen\u00e8ve<\/div>\n\n    <div class=\"card-text\">\n      <div class=\"content\">\n                  <p>Rte du Nant-d&rsquo;Avril 152<br \/>\n1217 Meyrin<\/p>\n              <\/div>\n\n      \n          <\/div>\n  <\/div>\n\n  <\/div>\n<div class=\"card \">\n      <div class=\"card-img-wrap aspect-ratio\" style=\"--aspect-ratio: 1.42\">\n      <img decoding=\"async\" src=\"https:\/\/www.northcdatacenters.com\/ch-fr\/wp-content\/uploads\/sites\/6\/2024\/11\/NorthC-Nederland-Datacenter-Muenchenstein-Basel-510x360.webp\" srcset=\"\"\n  class=\"card-img h-100 bg-gray-300 inherit-aspect-ratio\" style=\"\"\n  loading=\"lazy\"\n  sizes=\"336px\" \/>\n          <\/div>\n  \n  <div class=\"card-body \">\n    <div class=\"card-title mb-2\">Centre de donn\u00e9es de M\u00fcnchenstein (B\u00e2le) 1<\/div>\n\n    <div class=\"card-text\">\n      <div class=\"content\">\n                  <p>Weidenstrasse 41<br \/>\n4142 M\u00fcnchenstein<\/p>\n              <\/div>\n\n      \n          <\/div>\n  <\/div>\n\n  <\/div>\n<div class=\"card \">\n      <div class=\"card-img-wrap aspect-ratio\" style=\"--aspect-ratio: 1.42\">\n      <img decoding=\"async\" src=\"https:\/\/www.northcdatacenters.com\/ch-fr\/wp-content\/uploads\/sites\/6\/2023\/07\/cropped-cropped-cropped-Screenshot-MUS2-510x360.webp\" srcset=\"\"\n  class=\"card-img h-100 bg-gray-300 inherit-aspect-ratio\" style=\"\"\n  loading=\"lazy\"\n  sizes=\"336px\" \/>\n          <\/div>\n  \n  <div class=\"card-body \">\n    <div class=\"card-title mb-2\">Centre de donn\u00e9es de M\u00fcnchenstein (B\u00e2le) 2<\/div>\n\n    <div class=\"card-text\">\n      <div class=\"content\">\n                  <p>Weidenstrasse 13<br \/>\n4142 M\u00fcnchenstein<\/p>\n              <\/div>\n\n      \n          <\/div>\n  <\/div>\n\n  <\/div>\n<div class=\"card \">\n      <div class=\"card-img-wrap aspect-ratio\" style=\"--aspect-ratio: 1.42\">\n      <img decoding=\"async\" src=\"https:\/\/www.northcdatacenters.com\/ch-fr\/wp-content\/uploads\/sites\/6\/2024\/11\/NorthC-Nederland-Datacenter-Winterthur-510x360.webp\" srcset=\"\"\n  class=\"card-img h-100 bg-gray-300 inherit-aspect-ratio\" style=\"\"\n  loading=\"lazy\"\n  sizes=\"336px\" \/>\n          <\/div>\n  \n  <div class=\"card-body \">\n    <div class=\"card-title mb-2\">Centre de donn\u00e9es de Winterthour (Zurich)<\/div>\n\n    <div class=\"card-text\">\n      <div class=\"content\">\n                  <p>Theaterstrasse 15c<br \/>\n8400 Winterthur (Z\u00fcrich)<\/p>\n              <\/div>\n\n      \n          <\/div>\n  <\/div>\n\n  <\/div><\/div>\n\n<div class=\"buttons mt-6 mt-md-10 mt-xl-12 d-flex flex-column flex-lg-row flex-wrap row-gap-4 column-gap-8 align-items-center justify-content-flex-start\">\n  <\/div>\n\n\n[\/vc_column][\/vc_row][vc_row full_width=\u00a0\u00bbstretch_row\u00a0\u00bb el_class=\u00a0\u00bbborder-bottom\u00a0\u00bb][vc_column]<div class=\"cta\">\n  <div class=\"cta-grid\">\n    <div class=\"cta-picture\">\n      <picture class=\"responsive-picture d-block\">\n  <img decoding=\"async\" src=\"https:\/\/www.northcdatacenters.com\/ch-fr\/wp-content\/uploads\/sites\/6\/2024\/11\/Studio-Fotosession-812-scaled-837x1256.webp\" srcset=\"https:\/\/www.northcdatacenters.com\/ch-fr\/wp-content\/uploads\/sites\/6\/2024\/11\/Studio-Fotosession-812-scaled-837x1256.webp 837w, https:\/\/www.northcdatacenters.com\/ch-fr\/wp-content\/uploads\/sites\/6\/2024\/11\/Studio-Fotosession-812-scaled-200x300.webp 200w, https:\/\/www.northcdatacenters.com\/ch-fr\/wp-content\/uploads\/sites\/6\/2024\/11\/Studio-Fotosession-812-scaled-683x1024.webp 683w, https:\/\/www.northcdatacenters.com\/ch-fr\/wp-content\/uploads\/sites\/6\/2024\/11\/Studio-Fotosession-812-scaled-768x1152.webp 768w, https:\/\/www.northcdatacenters.com\/ch-fr\/wp-content\/uploads\/sites\/6\/2024\/11\/Studio-Fotosession-812-scaled-1024x1536.webp 1024w, https:\/\/www.northcdatacenters.com\/ch-fr\/wp-content\/uploads\/sites\/6\/2024\/11\/Studio-Fotosession-812-scaled-1366x2048.webp 1366w, https:\/\/www.northcdatacenters.com\/ch-fr\/wp-content\/uploads\/sites\/6\/2024\/11\/Studio-Fotosession-812-scaled-175x262.webp 175w, https:\/\/www.northcdatacenters.com\/ch-fr\/wp-content\/uploads\/sites\/6\/2024\/11\/Studio-Fotosession-812-scaled-240x360.webp 240w, https:\/\/www.northcdatacenters.com\/ch-fr\/wp-content\/uploads\/sites\/6\/2024\/11\/Studio-Fotosession-812-scaled-333x500.webp 333w, https:\/\/www.northcdatacenters.com\/ch-fr\/wp-content\/uploads\/sites\/6\/2024\/11\/Studio-Fotosession-812-scaled.webp 1707w\"\n  class=\"\" style=\"\"\n  loading=\"lazy\"\n  sizes=\"(min-width: 992px) 1280px, 100vw\" \/><\/picture>\n          <\/div>\n\n    <div class=\"text text-white d-flex flex-column gap-4 justify-content-center align-items-center p-6 pb-12 px-lg-12 px-xxl-28\">\n      <h6 class=\"text-primary lh214 font-extrabold text-center mb-0\">Contactez-nous<\/h6>\n      <h3 class=\"mb-2 text-center text-sm-5xl mb-sm-6 text-balance\">Voulez-vous en savoir plus sur nos services de centres de donn\u00e9es, de colocation et de connectivit\u00e9 ?<\/h3>\n      <div class=\"buttons d-flex flex-column flex-lg-row flex-wrap gap-4 align-items-center justify-content-center dark-background\">\n                  \n  <button class=\"btn btn-primary\" type=\"button\" data-bs-toggle=\"offcanvas\" data-bs-target=\"#offcanvas_15\" aria-controls=\"offcanvas_15\">\n    Demander un devis  <\/button>\n                  \n  \n  <button class=\"btn btn-secondary\" type=\"button\" data-bs-toggle=\"offcanvas\" data-bs-target=\"#offcanvas_34\" aria-controls=\"offcanvas_34\">\n    Planifier une visite  <\/button>\n\n              <\/div>\n    <\/div>\n  <\/div>\n<\/div>[\/vc_column][\/vc_row]<\/p>\n<\/div>","protected":false},"excerpt":{"rendered":"<p>[vc_row full_width=\u00a0\u00bbstretch_row_content_no_spaces\u00a0\u00bb][vc_column][\/vc_column][\/vc_row][vc_row][vc_column][vc_column_text] Des centres de donn\u00e9es qui fa\u00e7onnent votre avenir num\u00e9rique NorthC combine la proximit\u00e9 locale et la connexion mondiale. Nos quatre centres de donn\u00e9es de pointe en Suisse sont parfaitement \u00e9quip\u00e9s pour r\u00e9pondre \u00e0 vos besoins en mati\u00e8re d&rsquo;informatique, allant de la colocation s\u00e9curis\u00e9e aux solutions de fibre optique d\u00e9di\u00e9es, en passant par la &#8230;<\/p>\n","protected":false},"author":1,"featured_media":0,"parent":0,"menu_order":0,"comment_status":"closed","ping_status":"closed","template":"","meta":{"_acf_changed":false,"_relevanssi_hide_post":"","_relevanssi_hide_content":"","_relevanssi_pin_for_all":"","_relevanssi_pin_keywords":"","_relevanssi_unpin_keywords":"","_relevanssi_related_keywords":"","_relevanssi_related_include_ids":"","_relevanssi_related_exclude_ids":"","_relevanssi_related_no_append":"","_relevanssi_related_not_related":"","_relevanssi_related_posts":"","_relevanssi_noindex_reason":"","footnotes":""},"class_list":["post-2002","page","type-page","status-publish","hentry"],"acf":[],"yoast_head":"<!-- This site is optimized with the Yoast SEO Premium plugin v27.5 (Yoast SEO v27.5) - https:\/\/yoast.com\/product\/yoast-seo-premium-wordpress\/ -->\n<title>Centres de donn\u00e9es suisses de NorthC : S\u00e9curis\u00e9s et r\u00e9gionaux<\/title>\n<meta name=\"description\" content=\"4 centres de donn\u00e9es suisses offrent 7,5 MW de capacit\u00e9 et 13.000 m\u00b2 d\u00e9di\u00e9s \u00e0 s\u00e9curiser votre innovation et votre croissance num\u00e9rique.\" \/>\n<meta name=\"robots\" content=\"index, follow, max-snippet:-1, max-image-preview:large, max-video-preview:-1\" \/>\n<link rel=\"canonical\" href=\"https:\/\/www.northcdatacenters.com\/ch-fr\/northc-datacenters\/\" \/>\n<meta property=\"og:locale\" content=\"fr_FR\" \/>\n<meta property=\"og:type\" content=\"article\" \/>\n<meta property=\"og:title\" content=\"Nos centres de donn\u00e9es suisses\" \/>\n<meta property=\"og:description\" content=\"D\u00e9couvrez nos centres de donn\u00e9es en Suisse. Profitez d&#039;une infrastructure s\u00e9curis\u00e9e pour vos projets num\u00e9riques.\" \/>\n<meta property=\"og:url\" content=\"https:\/\/www.northcdatacenters.com\/ch-fr\/northc-datacenters\/\" \/>\n<meta property=\"og:site_name\" content=\"NorthC Datacenters (CH-FR)\" \/>\n<meta property=\"article:modified_time\" content=\"2026-04-14T09:41:09+00:00\" \/>\n<meta property=\"og:image\" content=\"https:\/\/www.northcdatacenters.com\/ch-fr\/wp-content\/uploads\/sites\/6\/2024\/02\/cropped-NorthC_zwitserland_digital.webp\" \/>\n\t<meta property=\"og:image:width\" content=\"2200\" \/>\n\t<meta property=\"og:image:height\" content=\"1157\" \/>\n\t<meta property=\"og:image:type\" content=\"image\/jpeg\" \/>\n<meta name=\"twitter:card\" content=\"summary_large_image\" \/>\n<meta name=\"twitter:title\" content=\"Nos centres de donn\u00e9es\" \/>\n<meta name=\"twitter:label1\" content=\"Est. reading time\" \/>\n\t<meta name=\"twitter:data1\" content=\"3 minutes\" \/>\n<script type=\"application\/ld+json\" class=\"yoast-schema-graph\">{\"@context\":\"https:\\\/\\\/schema.org\",\"@graph\":[{\"@type\":\"WebPage\",\"@id\":\"https:\\\/\\\/www.northcdatacenters.com\\\/ch-fr\\\/northc-datacenters\\\/\",\"url\":\"https:\\\/\\\/www.northcdatacenters.com\\\/ch-fr\\\/northc-datacenters\\\/\",\"name\":\"Centres de donn\u00e9es suisses de NorthC : S\u00e9curis\u00e9s et r\u00e9gionaux\",\"isPartOf\":{\"@id\":\"https:\\\/\\\/www.northcdatacenters.com\\\/ch-fr\\\/#website\"},\"datePublished\":\"2020-01-09T09:28:40+00:00\",\"dateModified\":\"2026-04-14T09:41:09+00:00\",\"description\":\"4 centres de donn\u00e9es suisses offrent 7,5 MW de capacit\u00e9 et 13.000 m\u00b2 d\u00e9di\u00e9s \u00e0 s\u00e9curiser votre innovation et votre croissance num\u00e9rique.\",\"breadcrumb\":{\"@id\":\"https:\\\/\\\/www.northcdatacenters.com\\\/ch-fr\\\/northc-datacenters\\\/#breadcrumb\"},\"inLanguage\":\"fr-FR\",\"potentialAction\":[{\"@type\":\"ReadAction\",\"target\":[\"https:\\\/\\\/www.northcdatacenters.com\\\/ch-fr\\\/northc-datacenters\\\/\"]}]},{\"@type\":\"BreadcrumbList\",\"@id\":\"https:\\\/\\\/www.northcdatacenters.com\\\/ch-fr\\\/northc-datacenters\\\/#breadcrumb\",\"itemListElement\":[{\"@type\":\"ListItem\",\"position\":1,\"name\":\"Home\",\"item\":\"https:\\\/\\\/www.northcdatacenters.com\\\/ch-fr\\\/\"},{\"@type\":\"ListItem\",\"position\":2,\"name\":\"Nos centres de donn\u00e9es\"}]},{\"@type\":\"WebSite\",\"@id\":\"https:\\\/\\\/www.northcdatacenters.com\\\/ch-fr\\\/#website\",\"url\":\"https:\\\/\\\/www.northcdatacenters.com\\\/ch-fr\\\/\",\"name\":\"NorthC Datacenters\",\"description\":\"Digital business, Personal connections.\",\"publisher\":{\"@id\":\"https:\\\/\\\/www.northcdatacenters.com\\\/ch-fr\\\/#organization\"},\"potentialAction\":[{\"@type\":\"SearchAction\",\"target\":{\"@type\":\"EntryPoint\",\"urlTemplate\":\"https:\\\/\\\/www.northcdatacenters.com\\\/ch-fr\\\/?s={search_term_string}\"},\"query-input\":{\"@type\":\"PropertyValueSpecification\",\"valueRequired\":true,\"valueName\":\"search_term_string\"}}],\"inLanguage\":\"fr-FR\"},{\"@type\":\"Organization\",\"@id\":\"https:\\\/\\\/www.northcdatacenters.com\\\/ch-fr\\\/#organization\",\"name\":\"NorthC Datacenters\",\"url\":\"https:\\\/\\\/www.northcdatacenters.com\\\/ch-fr\\\/\",\"logo\":{\"@type\":\"ImageObject\",\"inLanguage\":\"fr-FR\",\"@id\":\"https:\\\/\\\/www.northcdatacenters.com\\\/ch-fr\\\/#\\\/schema\\\/logo\\\/image\\\/\",\"url\":\"https:\\\/\\\/www.northcdatacenters.com\\\/ch-fr\\\/wp-content\\\/uploads\\\/sites\\\/6\\\/2024\\\/11\\\/Logo_NorthC.svg\",\"contentUrl\":\"https:\\\/\\\/www.northcdatacenters.com\\\/ch-fr\\\/wp-content\\\/uploads\\\/sites\\\/6\\\/2024\\\/11\\\/Logo_NorthC.svg\",\"width\":110,\"height\":24,\"caption\":\"NorthC Datacenters\"},\"image\":{\"@id\":\"https:\\\/\\\/www.northcdatacenters.com\\\/ch-fr\\\/#\\\/schema\\\/logo\\\/image\\\/\"}}]}<\/script>\n<!-- \/ Yoast SEO Premium plugin. -->","yoast_head_json":{"title":"Centres de donn\u00e9es suisses de NorthC : S\u00e9curis\u00e9s et r\u00e9gionaux","description":"4 centres de donn\u00e9es suisses offrent 7,5 MW de capacit\u00e9 et 13.000 m\u00b2 d\u00e9di\u00e9s \u00e0 s\u00e9curiser votre innovation et votre croissance num\u00e9rique.","robots":{"index":"index","follow":"follow","max-snippet":"max-snippet:-1","max-image-preview":"max-image-preview:large","max-video-preview":"max-video-preview:-1"},"canonical":"https:\/\/www.northcdatacenters.com\/ch-fr\/northc-datacenters\/","og_locale":"fr_FR","og_type":"article","og_title":"Nos centres de donn\u00e9es suisses","og_description":"D\u00e9couvrez nos centres de donn\u00e9es en Suisse. Profitez d'une infrastructure s\u00e9curis\u00e9e pour vos projets num\u00e9riques.","og_url":"https:\/\/www.northcdatacenters.com\/ch-fr\/northc-datacenters\/","og_site_name":"NorthC Datacenters (CH-FR)","article_modified_time":"2026-04-14T09:41:09+00:00","og_image":[{"width":2200,"height":1157,"url":"https:\/\/www.northcdatacenters.com\/ch-fr\/wp-content\/uploads\/sites\/6\/2024\/02\/cropped-NorthC_zwitserland_digital.webp","type":"image\/jpeg"}],"twitter_card":"summary_large_image","twitter_title":"Nos centres de donn\u00e9es","twitter_misc":{"Est. reading time":"3 minutes"},"schema":{"@context":"https:\/\/schema.org","@graph":[{"@type":"WebPage","@id":"https:\/\/www.northcdatacenters.com\/ch-fr\/northc-datacenters\/","url":"https:\/\/www.northcdatacenters.com\/ch-fr\/northc-datacenters\/","name":"Centres de donn\u00e9es suisses de NorthC : S\u00e9curis\u00e9s et r\u00e9gionaux","isPartOf":{"@id":"https:\/\/www.northcdatacenters.com\/ch-fr\/#website"},"datePublished":"2020-01-09T09:28:40+00:00","dateModified":"2026-04-14T09:41:09+00:00","description":"4 centres de donn\u00e9es suisses offrent 7,5 MW de capacit\u00e9 et 13.000 m\u00b2 d\u00e9di\u00e9s \u00e0 s\u00e9curiser votre innovation et votre croissance num\u00e9rique.","breadcrumb":{"@id":"https:\/\/www.northcdatacenters.com\/ch-fr\/northc-datacenters\/#breadcrumb"},"inLanguage":"fr-FR","potentialAction":[{"@type":"ReadAction","target":["https:\/\/www.northcdatacenters.com\/ch-fr\/northc-datacenters\/"]}]},{"@type":"BreadcrumbList","@id":"https:\/\/www.northcdatacenters.com\/ch-fr\/northc-datacenters\/#breadcrumb","itemListElement":[{"@type":"ListItem","position":1,"name":"Home","item":"https:\/\/www.northcdatacenters.com\/ch-fr\/"},{"@type":"ListItem","position":2,"name":"Nos centres de donn\u00e9es"}]},{"@type":"WebSite","@id":"https:\/\/www.northcdatacenters.com\/ch-fr\/#website","url":"https:\/\/www.northcdatacenters.com\/ch-fr\/","name":"NorthC Datacenters","description":"Digital business, Personal connections.","publisher":{"@id":"https:\/\/www.northcdatacenters.com\/ch-fr\/#organization"},"potentialAction":[{"@type":"SearchAction","target":{"@type":"EntryPoint","urlTemplate":"https:\/\/www.northcdatacenters.com\/ch-fr\/?s={search_term_string}"},"query-input":{"@type":"PropertyValueSpecification","valueRequired":true,"valueName":"search_term_string"}}],"inLanguage":"fr-FR"},{"@type":"Organization","@id":"https:\/\/www.northcdatacenters.com\/ch-fr\/#organization","name":"NorthC Datacenters","url":"https:\/\/www.northcdatacenters.com\/ch-fr\/","logo":{"@type":"ImageObject","inLanguage":"fr-FR","@id":"https:\/\/www.northcdatacenters.com\/ch-fr\/#\/schema\/logo\/image\/","url":"https:\/\/www.northcdatacenters.com\/ch-fr\/wp-content\/uploads\/sites\/6\/2024\/11\/Logo_NorthC.svg","contentUrl":"https:\/\/www.northcdatacenters.com\/ch-fr\/wp-content\/uploads\/sites\/6\/2024\/11\/Logo_NorthC.svg","width":110,"height":24,"caption":"NorthC Datacenters"},"image":{"@id":"https:\/\/www.northcdatacenters.com\/ch-fr\/#\/schema\/logo\/image\/"}}]}},"_links":{"self":[{"href":"https:\/\/www.northcdatacenters.com\/ch-fr\/wp-json\/wp\/v2\/pages\/2002","targetHints":{"allow":["GET"]}}],"collection":[{"href":"https:\/\/www.northcdatacenters.com\/ch-fr\/wp-json\/wp\/v2\/pages"}],"about":[{"href":"https:\/\/www.northcdatacenters.com\/ch-fr\/wp-json\/wp\/v2\/types\/page"}],"author":[{"embeddable":true,"href":"https:\/\/www.northcdatacenters.com\/ch-fr\/wp-json\/wp\/v2\/users\/1"}],"replies":[{"embeddable":true,"href":"https:\/\/www.northcdatacenters.com\/ch-fr\/wp-json\/wp\/v2\/comments?post=2002"}],"version-history":[{"count":6,"href":"https:\/\/www.northcdatacenters.com\/ch-fr\/wp-json\/wp\/v2\/pages\/2002\/revisions"}],"predecessor-version":[{"id":31911,"href":"https:\/\/www.northcdatacenters.com\/ch-fr\/wp-json\/wp\/v2\/pages\/2002\/revisions\/31911"}],"wp:attachment":[{"href":"https:\/\/www.northcdatacenters.com\/ch-fr\/wp-json\/wp\/v2\/media?parent=2002"}],"curies":[{"name":"wp","href":"https:\/\/api.w.org\/{rel}","templated":true}]}}