{"id":25680,"date":"2024-09-04T07:59:28","date_gmt":"2024-09-04T07:59:28","guid":{"rendered":"https:\/\/www.northcdatacenters.com\/ch-fr\/?page_id=25680"},"modified":"2025-08-25T11:54:43","modified_gmt":"2025-08-25T11:54:43","slug":"northc-on-net-connectivite-maximale-pour-votre-entreprise","status":"publish","type":"page","link":"https:\/\/www.northcdatacenters.com\/ch-fr\/northc-on-net-connectivite-maximale-pour-votre-entreprise\/","title":{"rendered":"NorthC-On-Net : Connectivit\u00e9 maximale pour votre entreprise"},"content":{"rendered":"<div class=\"wpb-content-wrapper\"><p>[vc_row full_width=\u00a0\u00bbstretch_row_content_no_spaces\u00a0\u00bb][vc_column]\n<div class=\"hero \">\n  \n    <div class=\"hero-bg \"\n      style=\"position: relative; overflow: hidden; width: 100%; min-height: 66vh; background-color: #f0f0f0;\">\n      <figure style=\"width: 100%; height: 100%;\">\n        <img\n          class=\"hero-image\"\n          src=\"https:\/\/www.northcdatacenters.com\/ch-fr\/wp-content\/uploads\/sites\/6\/2024\/10\/Fiber-2-scaled.webp\"\n          srcset=\"https:\/\/www.northcdatacenters.com\/ch-fr\/wp-content\/uploads\/sites\/6\/2024\/10\/Fiber-2-300x225.webp 300w, https:\/\/www.northcdatacenters.com\/ch-fr\/wp-content\/uploads\/sites\/6\/2024\/10\/Fiber-2-510x360.webp 510w, https:\/\/www.northcdatacenters.com\/ch-fr\/wp-content\/uploads\/sites\/6\/2024\/10\/Fiber-2-600x840.webp 600w, https:\/\/www.northcdatacenters.com\/ch-fr\/wp-content\/uploads\/sites\/6\/2024\/10\/Fiber-2-800x500.webp 800w, https:\/\/www.northcdatacenters.com\/ch-fr\/wp-content\/uploads\/sites\/6\/2024\/10\/Fiber-2-1024x768.webp 1024w, https:\/\/www.northcdatacenters.com\/ch-fr\/wp-content\/uploads\/sites\/6\/2024\/10\/Fiber-2-scaled.webp 2560w, \"\n          sizes=\"(min-width: 2560px) 2560px, 100vw\"\n          type=\"image\/webp\"\n          loading=\"eager\"\n          decoding=\"async\"\n          fetchpriority=\"high\"\n          alt=\"Hero image\"\n          style=\"\n            position: absolute;\n            top: 0;\n            left: 0;\n            width: 100%;\n            height: 100%;\n            object-fit: cover;\n            object-position: 50% center;\n            opacity: 1;\n            aspect-ratio: 1.7777777777777777;\n          \"\n        >\n        <div class=\"scroll-indicator\">\n  <svg width=\"24\" height=\"24\" viewBox=\"0 0 24 24\" fill=\"none\" xmlns=\"http:\/\/www.w3.org\/2000\/svg\" aria-hidden=\"true\">\n    <rect x=\"7.25\" y=\"2.75\" width=\"9.5\" height=\"18.5\" rx=\"4.75\" stroke=\"white\" stroke-width=\"1.5\" \/>\n    <rect class=\"scroll\" x=\"10\" y=\"6\" width=\"4\" height=\"7\" rx=\"2\" fill=\"white\" \/>\n  <\/svg>\n<\/div>      <\/figure>\n    <\/div>\n  \n  <div class=\"container hero-content text-white \">\n    <div class=\"title d-flex flex-column gap-3 gap-lg-4\">\n            <h1 class=\"mb-6 lh-sm\">NorthC-On-Net : Connectivit\u00e9 maximale pour votre entreprise<\/h1>\n\n      \n              <div class=\"d-flex gap-4\">\n          \n                      \n<div class=\"post-tags d-flex gap-1\">\n      <span class=\"tag text-bg-white\">\n      Temps de lecture : 3 min    <\/span>\n  <\/div>                  <\/div>\n      \n          <\/div>\n  <\/div>\n\n      <div class=\"container hero-text-container-wrap\">\n      <div class=\"hero-text-container text-bg-white z-1 py-16 px-md-3 slanted slanted-xl-space-left slanted-xl-from-bottom-left\">\n        <div class=\"container\">\n          <div class=\"d-flex flex-column gap-6\">\n            \n<nav class=\"font-extrabold text-xs text-gray-500\" aria-label=\"breadcrumb\">\n  <ol class='breadcrumb'>      <li class=\"breadcrumb-item \" >\n                  <a href=\"https:\/\/www.northcdatacenters.com\/ch-fr\" class=\"text-decoration-none text-gray-500\">Home<\/a>\n              <\/li>\n      <li class=\"breadcrumb-item  active\" aria-current=\"page\">\n                  NorthC-On-Net : Connectivit\u00e9 maximale pour votre entreprise              <\/li>\n<\/ol><\/nav>\n\n                          <h3 class=\"font-bold mb-0 text-4xl lh-lead\">Une efficacit\u00e9 et une s\u00e9curit\u00e9 maximales gr\u00e2ce aux connexions de fibre optique ultramodernes de NorthC. Parfait pour les entreprises de toutes les tailles et de tous les secteurs.<\/h3>\n            \n            <div class=\"button-list\">\n                              \n  <button class=\"btn btn-primary\" type=\"button\" data-bs-toggle=\"offcanvas\" data-bs-target=\"#offcanvas_78\" aria-controls=\"offcanvas_78\">\n    T\u00e9l\u00e9charger la brochure  <\/button>\n                              \n  \n  <button class=\"btn btn-secondary\" type=\"button\" data-bs-toggle=\"offcanvas\" data-bs-target=\"#offcanvas_28\" aria-controls=\"offcanvas_28\">\n    Contactez-nous  <\/button>\n\n                          <\/div>\n          <\/div>\n        <\/div>\n      <\/div>\n    <\/div>\n  <\/div>[\/vc_column][\/vc_row][vc_row][vc_column][vc_column_text]<\/p>\n<h2>Des connexions haute performance pour votre infrastructure informatique<\/h2>\n<p>NorthC-On-Net vous propose des services d\u00e9di\u00e9s de fibres optique et des services de connectivit\u00e9 g\u00e9r\u00e9s parfaitement adapt\u00e9s \u00e0 vos besoins. Nos connexions g\u00e9oredondantes et notre puissante infrastructure de fibre optique garantissent non seulement une disponibilit\u00e9 maximale, mais aussi un transfert de donn\u00e9es hautement efficace. Que ce soit pour stocker des donn\u00e9es de sant\u00e9, garantir des transactions financi\u00e8res rapides ou soutenir des processus TIC complets, NorthC a la solution qu\u2019il vous faut.[\/vc_column_text][\/vc_column][\/vc_row][vc_row full_width=\u00a0\u00bbstretch_row_content\u00a0\u00bb][vc_column]<div class=\"title-block px-3 title-block-image-right\">\n  <div class=\"container image-container\" style=\"--image-position-x: 50%;\">\n          <picture class=\"responsive-picture \">\n  <img decoding=\"async\" src=\"https:\/\/www.northcdatacenters.com\/ch-fr\/wp-content\/uploads\/sites\/6\/2024\/11\/northc-Fiber-800x500-1.webp\" srcset=\"https:\/\/www.northcdatacenters.com\/ch-fr\/wp-content\/uploads\/sites\/6\/2024\/11\/northc-Fiber-800x500-1.webp 800w, https:\/\/www.northcdatacenters.com\/ch-fr\/wp-content\/uploads\/sites\/6\/2024\/11\/northc-Fiber-800x500-1-300x188.webp 300w, https:\/\/www.northcdatacenters.com\/ch-fr\/wp-content\/uploads\/sites\/6\/2024\/11\/northc-Fiber-800x500-1-768x480.webp 768w, https:\/\/www.northcdatacenters.com\/ch-fr\/wp-content\/uploads\/sites\/6\/2024\/11\/northc-Fiber-800x500-1-175x109.webp 175w, https:\/\/www.northcdatacenters.com\/ch-fr\/wp-content\/uploads\/sites\/6\/2024\/11\/northc-Fiber-800x500-1-510x319.webp 510w\"\n  class=\"\" style=\"\"\n  loading=\"lazy\"\n  sizes=\"(min-width: 1400px) 1200px, (min-width: 1200px) 48vw, 100vw\" \/><\/picture>      <\/div>\n\n  <div class=\"d-none d-xl-block background-with-slanted-edge slanted\"><\/div>\n\n  <div class=\"container text-container\">\n    <div class=\"text-bg-white text py-9 px-6 d-flex flex-column\">\n              <h2 class=\"font-heavy lh-sm\">Vos avantages avec notre r\u00e9seau de fibre optique<\/h2>\n      \n      <div class=\"content lh-xl\">\n        <ul class=\"check-list\">\n<li>Connexion \u00abOn-Net\u00bb exclusive : fiabilit\u00e9 et performance garanties.<\/li>\n<li>Connexions g\u00e9oredondantes : plus grande disponibilit\u00e9 de vos services.<\/li>\n<li>Flexibilit\u00e9 et contr\u00f4le : contr\u00f4le total du r\u00e9seau, de la bande passante et de la s\u00e9curit\u00e9.<\/li>\n<li>Connexions point \u00e0 point : planification et mise en \u0153uvre individuelle pour vous.<\/li>\n<li>Connectivit\u00e9 g\u00e9r\u00e9e : services de bande passante \u00e9volutifs pour votre communication de donn\u00e9es.<\/li>\n<\/ul>\n<p>Nos services optionnels disponibles garantissent une strat\u00e9gie informatique sur mesure qui satisfait les exigences tant locales que mondiales.<\/p>\n      <\/div>\n\n              <div class=\"d-flex gap-3 flex-wrap mt-4\">\n                      \n  <button class=\"btn btn-primary\" type=\"button\" data-bs-toggle=\"offcanvas\" data-bs-target=\"#offcanvas_78\" aria-controls=\"offcanvas_78\">\n    T\u00e9l\u00e9charger la brochure  <\/button>\n                  <\/div>\n          <\/div>\n  <\/div>\n<\/div>[\/vc_column][\/vc_row][vc_row full_width=\u00a0\u00bbstretch_row_content\u00a0\u00bb][vc_column]<div class=\"title-block px-3 title-block-image-left\">\n  <div class=\"container image-container\" style=\"--image-position-x: 50%;\">\n          <picture class=\"responsive-picture \">\n  <img decoding=\"async\" src=\"https:\/\/www.northcdatacenters.com\/ch-fr\/wp-content\/uploads\/sites\/6\/2024\/10\/240929-Onnet-flyer-Option-1-Dedizierte-Glasfaserverbindunge-Dark-Fiber-1600x1143.webp\" srcset=\"\"\n  class=\"\" style=\"\"\n  loading=\"lazy\"\n  sizes=\"(min-width: 1400px) 1200px, (min-width: 1200px) 48vw, 100vw\" \/><\/picture>      <\/div>\n\n  <div class=\"d-none d-xl-block background-with-slanted-edge slanted\"><\/div>\n\n  <div class=\"container text-container\">\n    <div class=\"text-bg-white text py-9 px-6 d-flex flex-column\">\n              <h2 class=\"font-heavy lh-sm\">Option 1 : fibre optique d\u00e9di\u00e9e (Dark Fiber)<\/h2>\n      \n      <div class=\"content lh-xl\">\n        D\u00e9couvrez des niveaux de vitesse et de s\u00e9curit\u00e9 maximaux gr\u00e2ce \u00e0 des connexions point \u00e0 point parfaitement ajust\u00e9s \u00e0 vos exigences. Notre ma\u00eetrise compl\u00e8te des technologies de r\u00e9seau et de la bande passante garantit une efficacit\u00e9 maximale.      <\/div>\n\n              <div class=\"d-flex gap-3 flex-wrap mt-4\">\n                      \n  <button class=\"btn btn-primary\" type=\"button\" data-bs-toggle=\"offcanvas\" data-bs-target=\"#offcanvas_78\" aria-controls=\"offcanvas_78\">\n    T\u00e9l\u00e9charger la brochure  <\/button>\n                  <\/div>\n          <\/div>\n  <\/div>\n<\/div>[\/vc_column][\/vc_row][vc_row full_width=\u00a0\u00bbstretch_row_content\u00a0\u00bb][vc_column]<div class=\"title-block px-3 title-block-image-right\">\n  <div class=\"container image-container\" style=\"--image-position-x: 50%;\">\n          <picture class=\"responsive-picture \">\n  <img decoding=\"async\" src=\"https:\/\/www.northcdatacenters.com\/ch-fr\/wp-content\/uploads\/sites\/6\/2024\/12\/240929-Onnet-flyer-Option-2-Managed-Connectivity-e1733145487782-2-1500x1143.webp\" srcset=\"\"\n  class=\"\" style=\"\"\n  loading=\"lazy\"\n  sizes=\"(min-width: 1400px) 1200px, (min-width: 1200px) 48vw, 100vw\" \/><\/picture>      <\/div>\n\n  <div class=\"d-none d-xl-block background-with-slanted-edge slanted\"><\/div>\n\n  <div class=\"container text-container\">\n    <div class=\"text-bg-white text py-9 px-6 d-flex flex-column\">\n              <h2 class=\"font-heavy lh-sm\">Option 2 : connectivit\u00e9 g\u00e9r\u00e9e<\/h2>\n      \n      <div class=\"content lh-xl\">\n        Des services de bande passante \u00e9volutifs et g\u00e9r\u00e9s permettent \u00e0 votre entreprise de se d\u00e9velopper de mani\u00e8re flexible. Avec notre pack s\u00e9r\u00e9nit\u00e9 complet, nous nous chargeons de l\u2019exploitation et de la surveillance afin que vous puissiez vous concentrer sur votre c\u0153ur de m\u00e9tier.      <\/div>\n\n              <div class=\"d-flex gap-3 flex-wrap mt-4\">\n                      \n  <button class=\"btn btn-primary\" type=\"button\" data-bs-toggle=\"offcanvas\" data-bs-target=\"#offcanvas_78\" aria-controls=\"offcanvas_78\">\n    T\u00e9l\u00e9charger la brochure  <\/button>\n                  <\/div>\n          <\/div>\n  <\/div>\n<\/div>[\/vc_column][\/vc_row][vc_row][vc_column][vc_column_text]<\/p>\n<h2>Un service qui d\u00e9passe vos attentes<\/h2>\n<ul class=\"check-list\">\n<li>Options de bande passante flexibles : la vitesse est adapt\u00e9e \u00e0 chaque secteur, qu\u2019il s\u2019agisse des TIC, de la sant\u00e9 ou de transactions financi\u00e8res.<\/li>\n<li>Diverses topologies de r\u00e9seau : des solutions point \u00e0 point aux solutions multipoints.<\/li>\n<li>Des SLA personnalis\u00e9s : parfaitement adapt\u00e9s \u00e0 vos exigences pour une fiabilit\u00e9 et une disponibilit\u00e9 maximales.<\/li>\n<\/ul>\n<p>[\/vc_column_text][\/vc_column][\/vc_row][vc_row][vc_column]<div class=\"cta\">\n  <div class=\"cta-grid\">\n    <div class=\"cta-picture\">\n      <picture class=\"responsive-picture d-block\">\n  <img decoding=\"async\" src=\"https:\/\/www.northcdatacenters.com\/ch-fr\/wp-content\/uploads\/sites\/6\/2024\/11\/Studio-Fotosession-1434-scaled-837x1256.webp\" srcset=\"https:\/\/www.northcdatacenters.com\/ch-fr\/wp-content\/uploads\/sites\/6\/2024\/11\/Studio-Fotosession-1434-scaled-837x1256.webp 837w, https:\/\/www.northcdatacenters.com\/ch-fr\/wp-content\/uploads\/sites\/6\/2024\/11\/Studio-Fotosession-1434-scaled-200x300.webp 200w, https:\/\/www.northcdatacenters.com\/ch-fr\/wp-content\/uploads\/sites\/6\/2024\/11\/Studio-Fotosession-1434-scaled-683x1024.webp 683w, https:\/\/www.northcdatacenters.com\/ch-fr\/wp-content\/uploads\/sites\/6\/2024\/11\/Studio-Fotosession-1434-scaled-768x1152.webp 768w, https:\/\/www.northcdatacenters.com\/ch-fr\/wp-content\/uploads\/sites\/6\/2024\/11\/Studio-Fotosession-1434-scaled-1024x1536.webp 1024w, https:\/\/www.northcdatacenters.com\/ch-fr\/wp-content\/uploads\/sites\/6\/2024\/11\/Studio-Fotosession-1434-scaled-1366x2048.webp 1366w, https:\/\/www.northcdatacenters.com\/ch-fr\/wp-content\/uploads\/sites\/6\/2024\/11\/Studio-Fotosession-1434-scaled-175x262.webp 175w, https:\/\/www.northcdatacenters.com\/ch-fr\/wp-content\/uploads\/sites\/6\/2024\/11\/Studio-Fotosession-1434-scaled-240x360.webp 240w, https:\/\/www.northcdatacenters.com\/ch-fr\/wp-content\/uploads\/sites\/6\/2024\/11\/Studio-Fotosession-1434-scaled-333x500.webp 333w, https:\/\/www.northcdatacenters.com\/ch-fr\/wp-content\/uploads\/sites\/6\/2024\/11\/Studio-Fotosession-1434-scaled.webp 1707w\"\n  class=\"\" style=\"\"\n  loading=\"lazy\"\n  sizes=\"(min-width: 992px) 1280px, 100vw\" \/><\/picture>\n          <\/div>\n\n    <div class=\"text text-white d-flex flex-column gap-4 justify-content-center align-items-center p-6 pb-12 px-lg-12 px-xxl-28\">\n      <h6 class=\"text-primary lh214 font-extrabold text-center mb-0\">Contactez-nous<\/h6>\n      <h3 class=\"mb-2 text-center text-sm-5xl mb-sm-6 text-balance\">Optimisez votre infrastructure informatique avec NorthC-On-Net.<\/h3>\n      <div class=\"buttons d-flex flex-column flex-lg-row flex-wrap gap-4 align-items-center justify-content-center dark-background\">\n                  \n  <button class=\"btn btn-primary\" type=\"button\" data-bs-toggle=\"offcanvas\" data-bs-target=\"#offcanvas_15\" aria-controls=\"offcanvas_15\">\n    Demander un devis  <\/button>\n                  \n  \n  <button class=\"btn btn-secondary\" type=\"button\" data-bs-toggle=\"offcanvas\" data-bs-target=\"#offcanvas_34\" aria-controls=\"offcanvas_34\">\n    Planifier une visite  <\/button>\n\n              <\/div>\n    <\/div>\n  <\/div>\n<\/div>[\/vc_column][\/vc_row]<\/p>\n<\/div>","protected":false},"excerpt":{"rendered":"<p>[vc_row full_width=\u00a0\u00bbstretch_row_content_no_spaces\u00a0\u00bb][vc_column][\/vc_column][\/vc_row][vc_row][vc_column][vc_column_text] Des connexions haute performance pour votre infrastructure informatique NorthC-On-Net vous propose des services d\u00e9di\u00e9s de fibres optique et des services de connectivit\u00e9 g\u00e9r\u00e9s parfaitement adapt\u00e9s \u00e0 vos besoins. Nos connexions g\u00e9oredondantes et notre puissante infrastructure de fibre optique garantissent non seulement une disponibilit\u00e9 maximale, mais aussi un transfert de donn\u00e9es hautement efficace. Que &#8230;<\/p>\n","protected":false},"author":24,"featured_media":0,"parent":0,"menu_order":0,"comment_status":"closed","ping_status":"closed","template":"","meta":{"_acf_changed":false,"_relevanssi_hide_post":"","_relevanssi_hide_content":"","_relevanssi_pin_for_all":"","_relevanssi_pin_keywords":"","_relevanssi_unpin_keywords":"","_relevanssi_related_keywords":"","_relevanssi_related_include_ids":"","_relevanssi_related_exclude_ids":"","_relevanssi_related_no_append":"","_relevanssi_related_not_related":"","_relevanssi_related_posts":"","_relevanssi_noindex_reason":"","footnotes":""},"class_list":["post-25680","page","type-page","status-publish","hentry"],"acf":[],"yoast_head":"<!-- This site is optimized with the Yoast SEO Premium plugin v27.5 (Yoast SEO v27.5) - https:\/\/yoast.com\/product\/yoast-seo-premium-wordpress\/ -->\n<title>NorthC&#x2d;On&#x2d;Net<\/title>\n<meta name=\"description\" content=\"NorthC&#x2d;On&#x2d;Net : Des solutions de fibre optique avec une connexion g\u00e9oredondante et des options de bandes passantes flexibles \u2013 fiables, s\u00e9curis\u00e9es, sur mesure.\" \/>\n<meta name=\"robots\" content=\"index, follow, max-snippet:-1, max-image-preview:large, max-video-preview:-1\" \/>\n<link rel=\"canonical\" href=\"https:\/\/www.northcdatacenters.com\/ch-fr\/northc-on-net-connectivite-maximale-pour-votre-entreprise\/\" \/>\n<meta property=\"og:locale\" content=\"fr_FR\" \/>\n<meta property=\"og:type\" content=\"article\" \/>\n<meta property=\"og:title\" content=\"NorthC-On-Net : Connectivit\u00e9 maximale pour votre entreprise\" \/>\n<meta property=\"og:description\" content=\"Mit NorthC On&#x2d;Net profitieren Unternehmen von h\u00f6chster Performance, Zuverl\u00e4ssigkeit und Sicherheit. Unsere moderne Netzwerkanbindung bietet Ihnen flexible Serviceoptionen.\" \/>\n<meta property=\"og:url\" content=\"https:\/\/www.northcdatacenters.com\/ch-fr\/northc-on-net-connectivite-maximale-pour-votre-entreprise\/\" \/>\n<meta property=\"og:site_name\" content=\"NorthC Datacenters (CH-FR)\" \/>\n<meta property=\"article:modified_time\" content=\"2025-08-25T11:54:43+00:00\" \/>\n<meta property=\"og:image\" content=\"https:\/\/www.northcdatacenters.com\/ch-fr\/wp-content\/uploads\/sites\/6\/2024\/10\/cropped-cropped-Fiber-2-scaled-1.jpg\" \/>\n<meta name=\"twitter:card\" content=\"summary_large_image\" \/>\n<meta name=\"twitter:description\" content=\"Mit NorthC On&#x2d;Net profitieren Unternehmen von h\u00f6chster Performance, Zuverl\u00e4ssigkeit und Sicherheit. Unsere moderne Netzwerkanbindung bietet Ihnen flexible Serviceoptionen.\" \/>\n<meta name=\"twitter:label1\" content=\"Est. reading time\" \/>\n\t<meta name=\"twitter:data1\" content=\"3 minutes\" \/>\n<script type=\"application\/ld+json\" class=\"yoast-schema-graph\">{\"@context\":\"https:\\\/\\\/schema.org\",\"@graph\":[{\"@type\":\"WebPage\",\"@id\":\"https:\\\/\\\/www.northcdatacenters.com\\\/ch-fr\\\/northc-on-net-connectivite-maximale-pour-votre-entreprise\\\/\",\"url\":\"https:\\\/\\\/www.northcdatacenters.com\\\/ch-fr\\\/northc-on-net-connectivite-maximale-pour-votre-entreprise\\\/\",\"name\":\"NorthC&#x2d;On&#x2d;Net\",\"isPartOf\":{\"@id\":\"https:\\\/\\\/www.northcdatacenters.com\\\/ch-fr\\\/#website\"},\"datePublished\":\"2024-09-04T07:59:28+00:00\",\"dateModified\":\"2025-08-25T11:54:43+00:00\",\"description\":\"NorthC&#x2d;On&#x2d;Net : Des solutions de fibre optique avec une connexion g\u00e9oredondante et des options de bandes passantes flexibles \u2013 fiables, s\u00e9curis\u00e9es, sur mesure.\",\"breadcrumb\":{\"@id\":\"https:\\\/\\\/www.northcdatacenters.com\\\/ch-fr\\\/northc-on-net-connectivite-maximale-pour-votre-entreprise\\\/#breadcrumb\"},\"inLanguage\":\"fr-FR\",\"potentialAction\":[{\"@type\":\"ReadAction\",\"target\":[\"https:\\\/\\\/www.northcdatacenters.com\\\/ch-fr\\\/northc-on-net-connectivite-maximale-pour-votre-entreprise\\\/\"]}]},{\"@type\":\"BreadcrumbList\",\"@id\":\"https:\\\/\\\/www.northcdatacenters.com\\\/ch-fr\\\/northc-on-net-connectivite-maximale-pour-votre-entreprise\\\/#breadcrumb\",\"itemListElement\":[{\"@type\":\"ListItem\",\"position\":1,\"name\":\"Home\",\"item\":\"https:\\\/\\\/www.northcdatacenters.com\\\/ch-fr\\\/\"},{\"@type\":\"ListItem\",\"position\":2,\"name\":\"NorthC-On-Net : Connectivit\u00e9 maximale pour votre entreprise\"}]},{\"@type\":\"WebSite\",\"@id\":\"https:\\\/\\\/www.northcdatacenters.com\\\/ch-fr\\\/#website\",\"url\":\"https:\\\/\\\/www.northcdatacenters.com\\\/ch-fr\\\/\",\"name\":\"NorthC Datacenters\",\"description\":\"Digital business, Personal connections.\",\"publisher\":{\"@id\":\"https:\\\/\\\/www.northcdatacenters.com\\\/ch-fr\\\/#organization\"},\"potentialAction\":[{\"@type\":\"SearchAction\",\"target\":{\"@type\":\"EntryPoint\",\"urlTemplate\":\"https:\\\/\\\/www.northcdatacenters.com\\\/ch-fr\\\/?s={search_term_string}\"},\"query-input\":{\"@type\":\"PropertyValueSpecification\",\"valueRequired\":true,\"valueName\":\"search_term_string\"}}],\"inLanguage\":\"fr-FR\"},{\"@type\":\"Organization\",\"@id\":\"https:\\\/\\\/www.northcdatacenters.com\\\/ch-fr\\\/#organization\",\"name\":\"NorthC Datacenters\",\"url\":\"https:\\\/\\\/www.northcdatacenters.com\\\/ch-fr\\\/\",\"logo\":{\"@type\":\"ImageObject\",\"inLanguage\":\"fr-FR\",\"@id\":\"https:\\\/\\\/www.northcdatacenters.com\\\/ch-fr\\\/#\\\/schema\\\/logo\\\/image\\\/\",\"url\":\"https:\\\/\\\/www.northcdatacenters.com\\\/ch-fr\\\/wp-content\\\/uploads\\\/sites\\\/6\\\/2024\\\/11\\\/Logo_NorthC.svg\",\"contentUrl\":\"https:\\\/\\\/www.northcdatacenters.com\\\/ch-fr\\\/wp-content\\\/uploads\\\/sites\\\/6\\\/2024\\\/11\\\/Logo_NorthC.svg\",\"width\":110,\"height\":24,\"caption\":\"NorthC Datacenters\"},\"image\":{\"@id\":\"https:\\\/\\\/www.northcdatacenters.com\\\/ch-fr\\\/#\\\/schema\\\/logo\\\/image\\\/\"}}]}<\/script>\n<!-- \/ Yoast SEO Premium plugin. -->","yoast_head_json":{"title":"NorthC&#x2d;On&#x2d;Net","description":"NorthC&#x2d;On&#x2d;Net : Des solutions de fibre optique avec une connexion g\u00e9oredondante et des options de bandes passantes flexibles \u2013 fiables, s\u00e9curis\u00e9es, sur mesure.","robots":{"index":"index","follow":"follow","max-snippet":"max-snippet:-1","max-image-preview":"max-image-preview:large","max-video-preview":"max-video-preview:-1"},"canonical":"https:\/\/www.northcdatacenters.com\/ch-fr\/northc-on-net-connectivite-maximale-pour-votre-entreprise\/","og_locale":"fr_FR","og_type":"article","og_title":"NorthC-On-Net : Connectivit\u00e9 maximale pour votre entreprise","og_description":"Mit NorthC On&#x2d;Net profitieren Unternehmen von h\u00f6chster Performance, Zuverl\u00e4ssigkeit und Sicherheit. Unsere moderne Netzwerkanbindung bietet Ihnen flexible Serviceoptionen.","og_url":"https:\/\/www.northcdatacenters.com\/ch-fr\/northc-on-net-connectivite-maximale-pour-votre-entreprise\/","og_site_name":"NorthC Datacenters (CH-FR)","article_modified_time":"2025-08-25T11:54:43+00:00","og_image":[{"url":"https:\/\/www.northcdatacenters.com\/ch-fr\/wp-content\/uploads\/sites\/6\/2024\/10\/cropped-cropped-Fiber-2-scaled-1.jpg","type":"","width":"","height":""}],"twitter_card":"summary_large_image","twitter_description":"Mit NorthC On&#x2d;Net profitieren Unternehmen von h\u00f6chster Performance, Zuverl\u00e4ssigkeit und Sicherheit. Unsere moderne Netzwerkanbindung bietet Ihnen flexible Serviceoptionen.","twitter_misc":{"Est. reading time":"3 minutes"},"schema":{"@context":"https:\/\/schema.org","@graph":[{"@type":"WebPage","@id":"https:\/\/www.northcdatacenters.com\/ch-fr\/northc-on-net-connectivite-maximale-pour-votre-entreprise\/","url":"https:\/\/www.northcdatacenters.com\/ch-fr\/northc-on-net-connectivite-maximale-pour-votre-entreprise\/","name":"NorthC&#x2d;On&#x2d;Net","isPartOf":{"@id":"https:\/\/www.northcdatacenters.com\/ch-fr\/#website"},"datePublished":"2024-09-04T07:59:28+00:00","dateModified":"2025-08-25T11:54:43+00:00","description":"NorthC&#x2d;On&#x2d;Net : Des solutions de fibre optique avec une connexion g\u00e9oredondante et des options de bandes passantes flexibles \u2013 fiables, s\u00e9curis\u00e9es, sur mesure.","breadcrumb":{"@id":"https:\/\/www.northcdatacenters.com\/ch-fr\/northc-on-net-connectivite-maximale-pour-votre-entreprise\/#breadcrumb"},"inLanguage":"fr-FR","potentialAction":[{"@type":"ReadAction","target":["https:\/\/www.northcdatacenters.com\/ch-fr\/northc-on-net-connectivite-maximale-pour-votre-entreprise\/"]}]},{"@type":"BreadcrumbList","@id":"https:\/\/www.northcdatacenters.com\/ch-fr\/northc-on-net-connectivite-maximale-pour-votre-entreprise\/#breadcrumb","itemListElement":[{"@type":"ListItem","position":1,"name":"Home","item":"https:\/\/www.northcdatacenters.com\/ch-fr\/"},{"@type":"ListItem","position":2,"name":"NorthC-On-Net : Connectivit\u00e9 maximale pour votre entreprise"}]},{"@type":"WebSite","@id":"https:\/\/www.northcdatacenters.com\/ch-fr\/#website","url":"https:\/\/www.northcdatacenters.com\/ch-fr\/","name":"NorthC Datacenters","description":"Digital business, Personal connections.","publisher":{"@id":"https:\/\/www.northcdatacenters.com\/ch-fr\/#organization"},"potentialAction":[{"@type":"SearchAction","target":{"@type":"EntryPoint","urlTemplate":"https:\/\/www.northcdatacenters.com\/ch-fr\/?s={search_term_string}"},"query-input":{"@type":"PropertyValueSpecification","valueRequired":true,"valueName":"search_term_string"}}],"inLanguage":"fr-FR"},{"@type":"Organization","@id":"https:\/\/www.northcdatacenters.com\/ch-fr\/#organization","name":"NorthC Datacenters","url":"https:\/\/www.northcdatacenters.com\/ch-fr\/","logo":{"@type":"ImageObject","inLanguage":"fr-FR","@id":"https:\/\/www.northcdatacenters.com\/ch-fr\/#\/schema\/logo\/image\/","url":"https:\/\/www.northcdatacenters.com\/ch-fr\/wp-content\/uploads\/sites\/6\/2024\/11\/Logo_NorthC.svg","contentUrl":"https:\/\/www.northcdatacenters.com\/ch-fr\/wp-content\/uploads\/sites\/6\/2024\/11\/Logo_NorthC.svg","width":110,"height":24,"caption":"NorthC Datacenters"},"image":{"@id":"https:\/\/www.northcdatacenters.com\/ch-fr\/#\/schema\/logo\/image\/"}}]}},"_links":{"self":[{"href":"https:\/\/www.northcdatacenters.com\/ch-fr\/wp-json\/wp\/v2\/pages\/25680","targetHints":{"allow":["GET"]}}],"collection":[{"href":"https:\/\/www.northcdatacenters.com\/ch-fr\/wp-json\/wp\/v2\/pages"}],"about":[{"href":"https:\/\/www.northcdatacenters.com\/ch-fr\/wp-json\/wp\/v2\/types\/page"}],"author":[{"embeddable":true,"href":"https:\/\/www.northcdatacenters.com\/ch-fr\/wp-json\/wp\/v2\/users\/24"}],"replies":[{"embeddable":true,"href":"https:\/\/www.northcdatacenters.com\/ch-fr\/wp-json\/wp\/v2\/comments?post=25680"}],"version-history":[{"count":6,"href":"https:\/\/www.northcdatacenters.com\/ch-fr\/wp-json\/wp\/v2\/pages\/25680\/revisions"}],"predecessor-version":[{"id":30595,"href":"https:\/\/www.northcdatacenters.com\/ch-fr\/wp-json\/wp\/v2\/pages\/25680\/revisions\/30595"}],"wp:attachment":[{"href":"https:\/\/www.northcdatacenters.com\/ch-fr\/wp-json\/wp\/v2\/media?parent=25680"}],"curies":[{"name":"wp","href":"https:\/\/api.w.org\/{rel}","templated":true}]}}