{"id":21936,"date":"2022-11-14T06:28:10","date_gmt":"2022-11-14T06:28:10","guid":{"rendered":"https:\/\/www.northcdatacenters.com\/de\/?page_id=21936"},"modified":"2024-11-22T09:45:59","modified_gmt":"2024-11-22T09:45:59","slug":"racks-cages","status":"publish","type":"page","link":"https:\/\/www.northcdatacenters.com\/de\/serviceleistungen\/colocation\/racks-cages\/","title":{"rendered":"Colocation Racks &amp; Cages"},"content":{"rendered":"<div class=\"wpb-content-wrapper\"><p>[vc_row full_width=&#8220;stretch_row_content_no_spaces&#8220;][vc_column]\n<div class=\"hero \">\n  \n    <div class=\"hero-bg \"\n      style=\"position: relative; overflow: hidden; width: 100%; min-height: 66vh; background-color: #f0f0f0;\">\n      <figure style=\"width: 100%; height: 100%;\">\n        <img\n          class=\"hero-image\"\n          src=\"https:\/\/www.northcdatacenters.com\/de\/wp-content\/uploads\/sites\/5\/2022\/11\/Server_racks_corridor.webp\"\n          srcset=\"https:\/\/www.northcdatacenters.com\/de\/wp-content\/uploads\/sites\/5\/2022\/11\/Server_racks_corridor-300x94.webp 300w, https:\/\/www.northcdatacenters.com\/de\/wp-content\/uploads\/sites\/5\/2022\/11\/Server_racks_corridor-510x360.webp 510w, https:\/\/www.northcdatacenters.com\/de\/wp-content\/uploads\/sites\/5\/2022\/11\/Server_racks_corridor-600x600.webp 600w, https:\/\/www.northcdatacenters.com\/de\/wp-content\/uploads\/sites\/5\/2022\/11\/Server_racks_corridor-800x500.webp 800w, https:\/\/www.northcdatacenters.com\/de\/wp-content\/uploads\/sites\/5\/2022\/11\/Server_racks_corridor-1024x320.webp 1024w, https:\/\/www.northcdatacenters.com\/de\/wp-content\/uploads\/sites\/5\/2022\/11\/Server_racks_corridor.webp 1920w, \"\n          sizes=\"(min-width: 1920px) 1920px, 100vw\"\n          type=\"image\/webp\"\n          loading=\"eager\"\n          decoding=\"async\"\n          fetchpriority=\"high\"\n          alt=\"Hero image\"\n          style=\"\n            position: absolute;\n            top: 0;\n            left: 0;\n            width: 100%;\n            height: 100%;\n            object-fit: cover;\n            object-position: 50% center;\n            opacity: 1;\n            aspect-ratio: 1.7777777777777777;\n          \"\n        >\n        <div class=\"scroll-indicator\">\n  <svg width=\"24\" height=\"24\" viewBox=\"0 0 24 24\" fill=\"none\" xmlns=\"http:\/\/www.w3.org\/2000\/svg\" aria-hidden=\"true\">\n    <rect x=\"7.25\" y=\"2.75\" width=\"9.5\" height=\"18.5\" rx=\"4.75\" stroke=\"white\" stroke-width=\"1.5\" \/>\n    <rect class=\"scroll\" x=\"10\" y=\"6\" width=\"4\" height=\"7\" rx=\"2\" fill=\"white\" \/>\n  <\/svg>\n<\/div>      <\/figure>\n    <\/div>\n  \n  <div class=\"container hero-content text-white \">\n    <div class=\"title d-flex flex-column gap-3 gap-lg-4\">\n              <div class=\"d-flex flex-column flex-lg-row gap-4\">\n                      <h3 class=\"chapeau text-base mb-0 text-white order-1 order-lg-0\">Unsere Rechenzentren<\/h3>\n                            <\/div>\n            <h1 class=\"mb-6 lh-sm\">Racks &amp; Cages<\/h1>\n\n      \n              <div class=\"d-flex gap-4\">\n          \n                      \n<div class=\"post-tags d-flex gap-1\">\n      <span class=\"tag text-bg-white\">\n      2 Min. Lesezeit    <\/span>\n  <\/div>                  <\/div>\n      \n          <\/div>\n  <\/div>\n\n      <div class=\"container hero-text-container-wrap\">\n      <div class=\"hero-text-container text-bg-white z-1 py-16 px-md-3 slanted slanted-xl-space-left slanted-xl-from-bottom-left\">\n        <div class=\"container\">\n          <div class=\"d-flex flex-column gap-6\">\n            \n<nav class=\"font-extrabold text-xs text-gray-500\" aria-label=\"breadcrumb\">\n  <ol class='breadcrumb'>      <li class=\"breadcrumb-item \" >\n                  <a href=\"https:\/\/www.northcdatacenters.com\/de\" class=\"text-decoration-none text-gray-500\">Home<\/a>\n              <\/li>\n      <li class=\"breadcrumb-item \" >\n                  <a href=\"https:\/\/www.northcdatacenters.com\/de\/serviceleistungen\/\" class=\"text-decoration-none text-gray-500\">Serviceleistungen<\/a>\n              <\/li>\n      <li class=\"breadcrumb-item \" >\n                  <a href=\"https:\/\/www.northcdatacenters.com\/de\/serviceleistungen\/colocation\/\" class=\"text-decoration-none text-gray-500\">Colocation<\/a>\n              <\/li>\n      <li class=\"breadcrumb-item  active\" aria-current=\"page\">\n                  Colocation Racks &amp; Cages              <\/li>\n<\/ol><\/nav>\n\n                          <h3 class=\"font-bold mb-0 text-4xl lh-lead\">Maximal sicher und flexibel skalierbar. Colocation Racks: Konfigurierbar f\u00fcr individuelle Anspr\u00fcche.<\/h3>\n            \n            <div class=\"button-list\">\n                              \n  <button class=\"btn btn-primary\" type=\"button\" data-bs-toggle=\"offcanvas\" data-bs-target=\"#offcanvas_15\" aria-controls=\"offcanvas_15\">\n    Jetzt Angebot sichern  <\/button>\n                              \n  <a href=\"\/de\/serviceleistungen\/colocation\/\" class=\"btn btn-secondary btn-video\" target=\"\">\n    Weitere Colocation Services  <\/a>\n                          <\/div>\n          <\/div>\n        <\/div>\n      <\/div>\n    <\/div>\n  <\/div>[\/vc_column][\/vc_row][vc_row][vc_column][vc_column_text]Viele Unternehmen m\u00fcssen immer wieder in ihre IT-Infrastruktur investieren, damit die Systeme hinsichtlich Leistung, Verf\u00fcgbarkeit und Sicherheit mit der Entwicklung schritthalten k\u00f6nnen. Dabei spielen nicht nur leistungsstarke Netze und hochwertige Komponenten eine entscheidende Rolle, sondern beim Eigenbetrieb eines Rechenzentrums auch Faktoren wie eine zuverl\u00e4ssige Klimatisierung und Stromversorgung. Letztere ist bei dem Betrieb eigener IT-Systeme in der Regel nicht doppelt gesichert und daher potenziell ausfallgef\u00e4hrdet.[\/vc_column_text][\/vc_column][\/vc_row][vc_row full_width=&#8220;stretch_row_content&#8220;][vc_column]<div class=\"title-block px-3 title-block-image-right\">\n  <div class=\"container image-container\" style=\"--image-position-x: 50%;\">\n          <picture class=\"responsive-picture \">\n  <img decoding=\"async\" src=\"https:\/\/www.northcdatacenters.com\/de\/wp-content\/uploads\/sites\/5\/2024\/11\/racks_computing.webp\" srcset=\"https:\/\/www.northcdatacenters.com\/de\/wp-content\/uploads\/sites\/5\/2024\/11\/racks_computing.webp 1011w, https:\/\/www.northcdatacenters.com\/de\/wp-content\/uploads\/sites\/5\/2024\/11\/racks_computing-300x241.webp 300w, https:\/\/www.northcdatacenters.com\/de\/wp-content\/uploads\/sites\/5\/2024\/11\/racks_computing-768x616.webp 768w, https:\/\/www.northcdatacenters.com\/de\/wp-content\/uploads\/sites\/5\/2024\/11\/racks_computing-175x140.webp 175w, https:\/\/www.northcdatacenters.com\/de\/wp-content\/uploads\/sites\/5\/2024\/11\/racks_computing-449x360.webp 449w, https:\/\/www.northcdatacenters.com\/de\/wp-content\/uploads\/sites\/5\/2024\/11\/racks_computing-623x500.webp 623w\"\n  class=\"\" style=\"\"\n  loading=\"lazy\"\n  sizes=\"(min-width: 1400px) 1200px, (min-width: 1200px) 48vw, 100vw\" \/><\/picture>      <\/div>\n\n  <div class=\"d-none d-xl-block background-with-slanted-edge slanted\"><\/div>\n\n  <div class=\"container text-container\">\n    <div class=\"text-bg-white text py-9 px-6 d-flex flex-column\">\n              <h2 class=\"font-heavy lh-sm\">H\u00f6chste Verf\u00fcgbarkeit durch verteilte Rechenzentrumsstandorte und gespiegelte Daten.<\/h2>\n      \n      <div class=\"content lh-xl\">\n        <span style=\"font-weight: 400\">Ob Global Player, Mittelst\u00e4ndler oder kleines Unternehmen \u2013 in Zeiten digitaler Transformation kann sich heute kaum ein Unternehmen den Ausfall der IT leisten. Ein etwaiger Reputationsschaden und die wirtschaftlichen Folgen k\u00f6nnen sogar die Existenz eines Unternehmens und einen B\u00f6rsenkurs strapazieren. Durch die Anforderungen im Zuge von Compliance, Business Continuity Management und Resilienz von Unternehmen, haben die Daten- und IT-Sicherheit einen hohen Stellenwert. Insbesondere Naturkatastrophen, Cyberangriffe oder Datenverlust durch Stromausf\u00e4lle k\u00f6nnen teuer werden und unabsehbare Folgen nach sich ziehen. Eine geo-redundante IT ist daher ein zentraler Sicherheitsfaktor, um Systemausf\u00e4lle durch eine Back-up-L\u00f6sung zu vermeiden.<\/span>      <\/div>\n\n          <\/div>\n  <\/div>\n<\/div>[\/vc_column][\/vc_row][vc_row full_width=&#8220;stretch_row&#8220; equal_height=&#8220;yes&#8220; north_c_background_color=&#8220;bg-gray-200&#8243; el_class=&#8220;dont-add-spacer image-with-text&#8220;][vc_column width=&#8220;3\/5&#8243;][vc_column_text]<\/p>\n<h2><strong>Colocation-Cages: Mit Sicherheit die richtige Wahl. <\/strong><\/h2>\n<p>Sch\u00fctzen Sie Ihre IT-Systeme vor Einbruch, Manipulation und unbefugtem Datenzugriff. Wenn Sie sich f\u00fcr eine Cage-L\u00f6sung bei NorthC entscheiden, erhalten Sie eine eigene, eingez\u00e4unte Rechenzentrumsfl\u00e4che mit optimiertem Zutrittskonzept f\u00fcr h\u00f6chste Einbruchs- und Manipulationssicherheit. Insbesondere f\u00fcr Beh\u00f6rden und gr\u00f6\u00dfere Unternehmen mit sicherheitsrelevanten Daten ist diese Sicherheitsstufe unerl\u00e4sslich. Ein individuelles, mehrstufiges Zutrittskonzept l\u00e4sst sich ma\u00dfgeschneidert auf Ihren Bedarf anpassen.<\/p>\n<p>Die NorthC Cage-L\u00f6sungen er\u00f6ffnen Ihnen gr\u00f6\u00dftm\u00f6gliche Freiheit bei der Best\u00fcckung: Sie haben die Wahl zwischen Cagefl\u00e4chen von 20 bis 450 Quadratmetern sowie verschiedenen Netzwerkbandbreiten und Tarifmodellen. Auch Sonderl\u00f6sungen mit eigenen Rack-Formaten und individuellen Kaltgangeinhausungen sind problemlos realisierbar. So profitieren Sie von einer IT-L\u00f6sung, die weitaus sicherer, skalierbarer und wirtschaftlicher ist, als der Eigenbetrieb. Sie haben Fragen zu unserem Cage- und Rackangebot? Sprechen Sie uns gerne einfach darauf an.[\/vc_column_text][\/vc_column][vc_column width=&#8220;2\/5&#8243;][vc_column_text el_class=&#8220;check-list&#8220;]<\/p>\n<h2 style=\"text-align: left\">Ihre Vorteile:<\/h2>\n<ul>\n<li>Maximale Planungsfreiheit<\/li>\n<li>Schnelle Umsetzung<\/li>\n<li>Individueller Zutrittsprozess<\/li>\n<li>Hohe Einbruchssicherheit und Privacy<\/li>\n<li>Perfekte Netzwerkanbindung<\/li>\n<li>Optimale Klimatisierung und redundante Stromversorgung<\/li>\n<li>H\u00f6chste Verf\u00fcgbarkeit, erweiterbar um ein Backup-Konzept<\/li>\n<\/ul>\n<p>[\/vc_column_text][\/vc_column][\/vc_row][vc_row full_width=&#8220;stretch_row&#8220;][vc_column]<div class=\"cta\">\n  <div class=\"cta-grid\">\n    <div class=\"cta-picture\">\n      <picture class=\"responsive-picture d-block\">\n  <img decoding=\"async\" src=\"https:\/\/www.northcdatacenters.com\/de\/wp-content\/uploads\/sites\/5\/2024\/11\/img-northc-walter-bartole-1920-1256x1256.webp\" srcset=\"https:\/\/www.northcdatacenters.com\/de\/wp-content\/uploads\/sites\/5\/2024\/11\/img-northc-walter-bartole-1920-1256x1256.webp 1256w, https:\/\/www.northcdatacenters.com\/de\/wp-content\/uploads\/sites\/5\/2024\/11\/img-northc-walter-bartole-1920-300x300.webp 300w, https:\/\/www.northcdatacenters.com\/de\/wp-content\/uploads\/sites\/5\/2024\/11\/img-northc-walter-bartole-1920-1024x1024.webp 1024w, https:\/\/www.northcdatacenters.com\/de\/wp-content\/uploads\/sites\/5\/2024\/11\/img-northc-walter-bartole-1920-768x768.webp 768w, https:\/\/www.northcdatacenters.com\/de\/wp-content\/uploads\/sites\/5\/2024\/11\/img-northc-walter-bartole-1920-1536x1536.webp 1536w, https:\/\/www.northcdatacenters.com\/de\/wp-content\/uploads\/sites\/5\/2024\/11\/img-northc-walter-bartole-1920-250x250.webp 250w, https:\/\/www.northcdatacenters.com\/de\/wp-content\/uploads\/sites\/5\/2024\/11\/img-northc-walter-bartole-1920-740x740.webp 740w, https:\/\/www.northcdatacenters.com\/de\/wp-content\/uploads\/sites\/5\/2024\/11\/img-northc-walter-bartole-1920-175x175.webp 175w, https:\/\/www.northcdatacenters.com\/de\/wp-content\/uploads\/sites\/5\/2024\/11\/img-northc-walter-bartole-1920-360x360.webp 360w, https:\/\/www.northcdatacenters.com\/de\/wp-content\/uploads\/sites\/5\/2024\/11\/img-northc-walter-bartole-1920-500x500.webp 500w, https:\/\/www.northcdatacenters.com\/de\/wp-content\/uploads\/sites\/5\/2024\/11\/img-northc-walter-bartole-1920.webp 1920w\"\n  class=\"\" style=\"\"\n  loading=\"lazy\"\n  sizes=\"(min-width: 992px) 1280px, 100vw\" \/><\/picture>\n          <\/div>\n\n    <div class=\"text text-white d-flex flex-column gap-4 justify-content-center align-items-center p-6 pb-12 px-lg-12 px-xxl-28\">\n      <h6 class=\"text-primary lh214 font-extrabold text-center mb-0\">Kontakt<\/h6>\n      <h3 class=\"mb-2 text-center text-sm-5xl mb-sm-6 text-balance\">Sie ben\u00f6tigen eine Beratung f\u00fcr Ihre spezifische Situation?<\/h3>\n      <div class=\"buttons d-flex flex-column flex-lg-row flex-wrap gap-4 align-items-center justify-content-center dark-background\">\n                  \n  <button class=\"btn btn-primary\" type=\"button\" data-bs-toggle=\"offcanvas\" data-bs-target=\"#offcanvas_15\" aria-controls=\"offcanvas_15\">\n    Jetzt Angebot sichern  <\/button>\n                  \n  \n  <button class=\"btn btn-secondary\" type=\"button\" data-bs-toggle=\"offcanvas\" data-bs-target=\"#offcanvas_28\" aria-controls=\"offcanvas_28\">\n    Kontakt aufnehmen  <\/button>\n\n              <\/div>\n    <\/div>\n  <\/div>\n<\/div>[\/vc_column][\/vc_row]<\/p>\n<\/div>","protected":false},"excerpt":{"rendered":"<p>[vc_row full_width=&#8220;stretch_row_content_no_spaces&#8220;][vc_column][\/vc_column][\/vc_row][vc_row][vc_column][vc_column_text]Viele Unternehmen m\u00fcssen immer wieder in ihre IT-Infrastruktur investieren, damit die Systeme hinsichtlich Leistung, Verf\u00fcgbarkeit und Sicherheit mit der Entwicklung schritthalten k\u00f6nnen. Dabei spielen nicht nur leistungsstarke Netze und hochwertige Komponenten eine entscheidende Rolle, sondern beim Eigenbetrieb eines Rechenzentrums auch Faktoren wie eine zuverl\u00e4ssige Klimatisierung und Stromversorgung. Letztere ist bei dem Betrieb eigener IT-Systeme &#8230;<\/p>\n","protected":false},"author":8,"featured_media":21942,"parent":2584,"menu_order":0,"comment_status":"closed","ping_status":"closed","template":"","meta":{"_acf_changed":false,"_relevanssi_hide_post":"","_relevanssi_hide_content":"","_relevanssi_pin_for_all":"","_relevanssi_pin_keywords":"","_relevanssi_unpin_keywords":"","_relevanssi_related_keywords":"","_relevanssi_related_include_ids":"","_relevanssi_related_exclude_ids":"","_relevanssi_related_no_append":"","_relevanssi_related_not_related":"","_relevanssi_related_posts":"","_relevanssi_noindex_reason":"","footnotes":""},"class_list":["post-21936","page","type-page","status-publish","has-post-thumbnail","hentry"],"acf":[],"yoast_head":"<!-- This site is optimized with the Yoast SEO Premium plugin v27.5 (Yoast SEO v27.5) - https:\/\/yoast.com\/product\/yoast-seo-premium-wordpress\/ -->\n<title>Colocation Racks und Cages<\/title>\n<meta name=\"description\" content=\"Racks und Cages in modernen Rechenzentren, sichere Hochgeschwindigkeitsnetze und flexible IT&#x2d;Ressourcen \u2013 damit Ihr Business immer gut l\u00e4uft!\" \/>\n<meta name=\"robots\" content=\"index, follow, max-snippet:-1, max-image-preview:large, max-video-preview:-1\" \/>\n<link rel=\"canonical\" href=\"https:\/\/www.northcdatacenters.com\/de\/serviceleistungen\/colocation\/racks-cages\/\" \/>\n<meta property=\"og:locale\" content=\"de_DE\" \/>\n<meta property=\"og:type\" content=\"article\" \/>\n<meta property=\"og:title\" content=\"Colocation Racks &amp; Cages\" \/>\n<meta property=\"og:description\" content=\"Racks und Cages in modernen Rechenzentren, sichere Hochgeschwindigkeitsnetze und flexible IT&#x2d;Ressourcen \u2013 damit Ihr Business immer gut l\u00e4uft!\" \/>\n<meta property=\"og:url\" content=\"https:\/\/www.northcdatacenters.com\/de\/serviceleistungen\/colocation\/racks-cages\/\" \/>\n<meta property=\"og:site_name\" content=\"NorthC Datacenters (DE)\" \/>\n<meta property=\"article:modified_time\" content=\"2024-11-22T09:45:59+00:00\" \/>\n<meta property=\"og:image\" content=\"https:\/\/www.northcdatacenters.com\/de\/wp-content\/uploads\/sites\/5\/2022\/11\/Server_racks_corridor.webp\" \/>\n\t<meta property=\"og:image:width\" content=\"1920\" \/>\n\t<meta property=\"og:image:height\" content=\"600\" \/>\n\t<meta property=\"og:image:type\" content=\"image\/jpeg\" \/>\n<meta name=\"twitter:card\" content=\"summary_large_image\" \/>\n<meta name=\"twitter:label1\" content=\"Gesch\u00e4tzte Lesezeit\" \/>\n\t<meta name=\"twitter:data1\" content=\"3\u00a0Minuten\" \/>\n<script type=\"application\/ld+json\" class=\"yoast-schema-graph\">{\"@context\":\"https:\\\/\\\/schema.org\",\"@graph\":[{\"@type\":\"WebPage\",\"@id\":\"https:\\\/\\\/www.northcdatacenters.com\\\/de\\\/serviceleistungen\\\/colocation\\\/racks-cages\\\/\",\"url\":\"https:\\\/\\\/www.northcdatacenters.com\\\/de\\\/serviceleistungen\\\/colocation\\\/racks-cages\\\/\",\"name\":\"Colocation Racks und Cages\",\"isPartOf\":{\"@id\":\"https:\\\/\\\/www.northcdatacenters.com\\\/de\\\/#website\"},\"primaryImageOfPage\":{\"@id\":\"https:\\\/\\\/www.northcdatacenters.com\\\/de\\\/serviceleistungen\\\/colocation\\\/racks-cages\\\/#primaryimage\"},\"image\":{\"@id\":\"https:\\\/\\\/www.northcdatacenters.com\\\/de\\\/serviceleistungen\\\/colocation\\\/racks-cages\\\/#primaryimage\"},\"thumbnailUrl\":\"https:\\\/\\\/www.northcdatacenters.com\\\/de\\\/wp-content\\\/uploads\\\/sites\\\/5\\\/2022\\\/11\\\/Server_racks_corridor.webp\",\"datePublished\":\"2022-11-14T06:28:10+00:00\",\"dateModified\":\"2024-11-22T09:45:59+00:00\",\"description\":\"Racks und Cages in modernen Rechenzentren, sichere Hochgeschwindigkeitsnetze und flexible IT&#x2d;Ressourcen \u2013 damit Ihr Business immer gut l\u00e4uft!\",\"breadcrumb\":{\"@id\":\"https:\\\/\\\/www.northcdatacenters.com\\\/de\\\/serviceleistungen\\\/colocation\\\/racks-cages\\\/#breadcrumb\"},\"inLanguage\":\"de\",\"potentialAction\":[{\"@type\":\"ReadAction\",\"target\":[\"https:\\\/\\\/www.northcdatacenters.com\\\/de\\\/serviceleistungen\\\/colocation\\\/racks-cages\\\/\"]}]},{\"@type\":\"ImageObject\",\"inLanguage\":\"de\",\"@id\":\"https:\\\/\\\/www.northcdatacenters.com\\\/de\\\/serviceleistungen\\\/colocation\\\/racks-cages\\\/#primaryimage\",\"url\":\"https:\\\/\\\/www.northcdatacenters.com\\\/de\\\/wp-content\\\/uploads\\\/sites\\\/5\\\/2022\\\/11\\\/Server_racks_corridor.webp\",\"contentUrl\":\"https:\\\/\\\/www.northcdatacenters.com\\\/de\\\/wp-content\\\/uploads\\\/sites\\\/5\\\/2022\\\/11\\\/Server_racks_corridor.webp\",\"width\":1920,\"height\":600},{\"@type\":\"BreadcrumbList\",\"@id\":\"https:\\\/\\\/www.northcdatacenters.com\\\/de\\\/serviceleistungen\\\/colocation\\\/racks-cages\\\/#breadcrumb\",\"itemListElement\":[{\"@type\":\"ListItem\",\"position\":1,\"name\":\"Home\",\"item\":\"https:\\\/\\\/www.northcdatacenters.com\\\/de\\\/\"},{\"@type\":\"ListItem\",\"position\":2,\"name\":\"Serviceleistungen\",\"item\":\"https:\\\/\\\/www.northcdatacenters.com\\\/de\\\/serviceleistungen\\\/\"},{\"@type\":\"ListItem\",\"position\":3,\"name\":\"Colocation\",\"item\":\"https:\\\/\\\/www.northcdatacenters.com\\\/de\\\/serviceleistungen\\\/colocation\\\/\"},{\"@type\":\"ListItem\",\"position\":4,\"name\":\"Colocation Racks &amp; Cages\"}]},{\"@type\":\"WebSite\",\"@id\":\"https:\\\/\\\/www.northcdatacenters.com\\\/de\\\/#website\",\"url\":\"https:\\\/\\\/www.northcdatacenters.com\\\/de\\\/\",\"name\":\"NorthC Datacenters\",\"description\":\"Digital business, Personal connections.\",\"publisher\":{\"@id\":\"https:\\\/\\\/www.northcdatacenters.com\\\/de\\\/#organization\"},\"potentialAction\":[{\"@type\":\"SearchAction\",\"target\":{\"@type\":\"EntryPoint\",\"urlTemplate\":\"https:\\\/\\\/www.northcdatacenters.com\\\/de\\\/?s={search_term_string}\"},\"query-input\":{\"@type\":\"PropertyValueSpecification\",\"valueRequired\":true,\"valueName\":\"search_term_string\"}}],\"inLanguage\":\"de\"},{\"@type\":\"Organization\",\"@id\":\"https:\\\/\\\/www.northcdatacenters.com\\\/de\\\/#organization\",\"name\":\"NorthC Datacenters\",\"url\":\"https:\\\/\\\/www.northcdatacenters.com\\\/de\\\/\",\"logo\":{\"@type\":\"ImageObject\",\"inLanguage\":\"de\",\"@id\":\"https:\\\/\\\/www.northcdatacenters.com\\\/de\\\/#\\\/schema\\\/logo\\\/image\\\/\",\"url\":\"https:\\\/\\\/www.northcdatacenters.com\\\/de\\\/wp-content\\\/uploads\\\/sites\\\/5\\\/2024\\\/11\\\/Logo_NorthC.svg\",\"contentUrl\":\"https:\\\/\\\/www.northcdatacenters.com\\\/de\\\/wp-content\\\/uploads\\\/sites\\\/5\\\/2024\\\/11\\\/Logo_NorthC.svg\",\"width\":110,\"height\":24,\"caption\":\"NorthC Datacenters\"},\"image\":{\"@id\":\"https:\\\/\\\/www.northcdatacenters.com\\\/de\\\/#\\\/schema\\\/logo\\\/image\\\/\"},\"sameAs\":[\"https:\\\/\\\/www.linkedin.com\\\/company\\\/northc-datacenters-deutschland\\\/\"]}]}<\/script>\n<!-- \/ Yoast SEO Premium plugin. -->","yoast_head_json":{"title":"Colocation Racks und Cages","description":"Racks und Cages in modernen Rechenzentren, sichere Hochgeschwindigkeitsnetze und flexible IT&#x2d;Ressourcen \u2013 damit Ihr Business immer gut l\u00e4uft!","robots":{"index":"index","follow":"follow","max-snippet":"max-snippet:-1","max-image-preview":"max-image-preview:large","max-video-preview":"max-video-preview:-1"},"canonical":"https:\/\/www.northcdatacenters.com\/de\/serviceleistungen\/colocation\/racks-cages\/","og_locale":"de_DE","og_type":"article","og_title":"Colocation Racks &amp; Cages","og_description":"Racks und Cages in modernen Rechenzentren, sichere Hochgeschwindigkeitsnetze und flexible IT&#x2d;Ressourcen \u2013 damit Ihr Business immer gut l\u00e4uft!","og_url":"https:\/\/www.northcdatacenters.com\/de\/serviceleistungen\/colocation\/racks-cages\/","og_site_name":"NorthC Datacenters (DE)","article_modified_time":"2024-11-22T09:45:59+00:00","og_image":[{"width":1920,"height":600,"url":"https:\/\/www.northcdatacenters.com\/de\/wp-content\/uploads\/sites\/5\/2022\/11\/Server_racks_corridor.webp","type":"image\/jpeg"}],"twitter_card":"summary_large_image","twitter_misc":{"Gesch\u00e4tzte Lesezeit":"3\u00a0Minuten"},"schema":{"@context":"https:\/\/schema.org","@graph":[{"@type":"WebPage","@id":"https:\/\/www.northcdatacenters.com\/de\/serviceleistungen\/colocation\/racks-cages\/","url":"https:\/\/www.northcdatacenters.com\/de\/serviceleistungen\/colocation\/racks-cages\/","name":"Colocation Racks und Cages","isPartOf":{"@id":"https:\/\/www.northcdatacenters.com\/de\/#website"},"primaryImageOfPage":{"@id":"https:\/\/www.northcdatacenters.com\/de\/serviceleistungen\/colocation\/racks-cages\/#primaryimage"},"image":{"@id":"https:\/\/www.northcdatacenters.com\/de\/serviceleistungen\/colocation\/racks-cages\/#primaryimage"},"thumbnailUrl":"https:\/\/www.northcdatacenters.com\/de\/wp-content\/uploads\/sites\/5\/2022\/11\/Server_racks_corridor.webp","datePublished":"2022-11-14T06:28:10+00:00","dateModified":"2024-11-22T09:45:59+00:00","description":"Racks und Cages in modernen Rechenzentren, sichere Hochgeschwindigkeitsnetze und flexible IT&#x2d;Ressourcen \u2013 damit Ihr Business immer gut l\u00e4uft!","breadcrumb":{"@id":"https:\/\/www.northcdatacenters.com\/de\/serviceleistungen\/colocation\/racks-cages\/#breadcrumb"},"inLanguage":"de","potentialAction":[{"@type":"ReadAction","target":["https:\/\/www.northcdatacenters.com\/de\/serviceleistungen\/colocation\/racks-cages\/"]}]},{"@type":"ImageObject","inLanguage":"de","@id":"https:\/\/www.northcdatacenters.com\/de\/serviceleistungen\/colocation\/racks-cages\/#primaryimage","url":"https:\/\/www.northcdatacenters.com\/de\/wp-content\/uploads\/sites\/5\/2022\/11\/Server_racks_corridor.webp","contentUrl":"https:\/\/www.northcdatacenters.com\/de\/wp-content\/uploads\/sites\/5\/2022\/11\/Server_racks_corridor.webp","width":1920,"height":600},{"@type":"BreadcrumbList","@id":"https:\/\/www.northcdatacenters.com\/de\/serviceleistungen\/colocation\/racks-cages\/#breadcrumb","itemListElement":[{"@type":"ListItem","position":1,"name":"Home","item":"https:\/\/www.northcdatacenters.com\/de\/"},{"@type":"ListItem","position":2,"name":"Serviceleistungen","item":"https:\/\/www.northcdatacenters.com\/de\/serviceleistungen\/"},{"@type":"ListItem","position":3,"name":"Colocation","item":"https:\/\/www.northcdatacenters.com\/de\/serviceleistungen\/colocation\/"},{"@type":"ListItem","position":4,"name":"Colocation Racks &amp; Cages"}]},{"@type":"WebSite","@id":"https:\/\/www.northcdatacenters.com\/de\/#website","url":"https:\/\/www.northcdatacenters.com\/de\/","name":"NorthC Datacenters","description":"Digital business, Personal connections.","publisher":{"@id":"https:\/\/www.northcdatacenters.com\/de\/#organization"},"potentialAction":[{"@type":"SearchAction","target":{"@type":"EntryPoint","urlTemplate":"https:\/\/www.northcdatacenters.com\/de\/?s={search_term_string}"},"query-input":{"@type":"PropertyValueSpecification","valueRequired":true,"valueName":"search_term_string"}}],"inLanguage":"de"},{"@type":"Organization","@id":"https:\/\/www.northcdatacenters.com\/de\/#organization","name":"NorthC Datacenters","url":"https:\/\/www.northcdatacenters.com\/de\/","logo":{"@type":"ImageObject","inLanguage":"de","@id":"https:\/\/www.northcdatacenters.com\/de\/#\/schema\/logo\/image\/","url":"https:\/\/www.northcdatacenters.com\/de\/wp-content\/uploads\/sites\/5\/2024\/11\/Logo_NorthC.svg","contentUrl":"https:\/\/www.northcdatacenters.com\/de\/wp-content\/uploads\/sites\/5\/2024\/11\/Logo_NorthC.svg","width":110,"height":24,"caption":"NorthC Datacenters"},"image":{"@id":"https:\/\/www.northcdatacenters.com\/de\/#\/schema\/logo\/image\/"},"sameAs":["https:\/\/www.linkedin.com\/company\/northc-datacenters-deutschland\/"]}]}},"_links":{"self":[{"href":"https:\/\/www.northcdatacenters.com\/de\/wp-json\/wp\/v2\/pages\/21936","targetHints":{"allow":["GET"]}}],"collection":[{"href":"https:\/\/www.northcdatacenters.com\/de\/wp-json\/wp\/v2\/pages"}],"about":[{"href":"https:\/\/www.northcdatacenters.com\/de\/wp-json\/wp\/v2\/types\/page"}],"author":[{"embeddable":true,"href":"https:\/\/www.northcdatacenters.com\/de\/wp-json\/wp\/v2\/users\/8"}],"replies":[{"embeddable":true,"href":"https:\/\/www.northcdatacenters.com\/de\/wp-json\/wp\/v2\/comments?post=21936"}],"version-history":[{"count":5,"href":"https:\/\/www.northcdatacenters.com\/de\/wp-json\/wp\/v2\/pages\/21936\/revisions"}],"predecessor-version":[{"id":24751,"href":"https:\/\/www.northcdatacenters.com\/de\/wp-json\/wp\/v2\/pages\/21936\/revisions\/24751"}],"up":[{"embeddable":true,"href":"https:\/\/www.northcdatacenters.com\/de\/wp-json\/wp\/v2\/pages\/2584"}],"wp:featuredmedia":[{"embeddable":true,"href":"https:\/\/www.northcdatacenters.com\/de\/wp-json\/wp\/v2\/media\/21942"}],"wp:attachment":[{"href":"https:\/\/www.northcdatacenters.com\/de\/wp-json\/wp\/v2\/media?parent=21936"}],"curies":[{"name":"wp","href":"https:\/\/api.w.org\/{rel}","templated":true}]}}