{"id":21977,"date":"2022-11-14T06:27:44","date_gmt":"2022-11-14T06:27:44","guid":{"rendered":"https:\/\/www.northcdatacenters.com\/de\/?page_id=21977"},"modified":"2024-11-22T09:47:38","modified_gmt":"2024-11-22T09:47:38","slug":"georedundanz","status":"publish","type":"page","link":"https:\/\/www.northcdatacenters.com\/de\/serviceleistungen\/colocation\/georedundanz\/","title":{"rendered":"Colocation Georedundanz"},"content":{"rendered":"<div class=\"wpb-content-wrapper\"><p>[vc_row full_width=&#8220;stretch_row_content_no_spaces&#8220;][vc_column]\n<div class=\"hero \">\n  \n    <div class=\"hero-bg \"\n      style=\"position: relative; overflow: hidden; width: 100%; min-height: 66vh; background-color: #f0f0f0;\">\n      <figure style=\"width: 100%; height: 100%;\">\n        <img\n          class=\"hero-image\"\n          src=\"https:\/\/www.northcdatacenters.com\/de\/wp-content\/uploads\/sites\/5\/2022\/11\/Georedundanz_IT.webp\"\n          srcset=\"https:\/\/www.northcdatacenters.com\/de\/wp-content\/uploads\/sites\/5\/2022\/11\/Georedundanz_IT-300x78.webp 300w, https:\/\/www.northcdatacenters.com\/de\/wp-content\/uploads\/sites\/5\/2022\/11\/Georedundanz_IT-510x360.webp 510w, https:\/\/www.northcdatacenters.com\/de\/wp-content\/uploads\/sites\/5\/2022\/11\/Georedundanz_IT-600x500.webp 600w, https:\/\/www.northcdatacenters.com\/de\/wp-content\/uploads\/sites\/5\/2022\/11\/Georedundanz_IT-800x500.webp 800w, https:\/\/www.northcdatacenters.com\/de\/wp-content\/uploads\/sites\/5\/2022\/11\/Georedundanz_IT-1024x267.webp 1024w, https:\/\/www.northcdatacenters.com\/de\/wp-content\/uploads\/sites\/5\/2022\/11\/Georedundanz_IT.webp 1920w, \"\n          sizes=\"(min-width: 1920px) 1920px, 100vw\"\n          type=\"image\/webp\"\n          loading=\"eager\"\n          decoding=\"async\"\n          fetchpriority=\"high\"\n          alt=\"Hero image\"\n          style=\"\n            position: absolute;\n            top: 0;\n            left: 0;\n            width: 100%;\n            height: 100%;\n            object-fit: cover;\n            object-position: 50% center;\n            opacity: 1;\n            aspect-ratio: 1.7777777777777777;\n          \"\n        >\n        <div class=\"scroll-indicator\">\n  <svg width=\"24\" height=\"24\" viewBox=\"0 0 24 24\" fill=\"none\" xmlns=\"http:\/\/www.w3.org\/2000\/svg\" aria-hidden=\"true\">\n    <rect x=\"7.25\" y=\"2.75\" width=\"9.5\" height=\"18.5\" rx=\"4.75\" stroke=\"white\" stroke-width=\"1.5\" \/>\n    <rect class=\"scroll\" x=\"10\" y=\"6\" width=\"4\" height=\"7\" rx=\"2\" fill=\"white\" \/>\n  <\/svg>\n<\/div>      <\/figure>\n    <\/div>\n  \n  <div class=\"container hero-content text-white \">\n    <div class=\"title d-flex flex-column gap-3 gap-lg-4\">\n              <div class=\"d-flex flex-column flex-lg-row gap-4\">\n                      <h3 class=\"chapeau text-base mb-0 text-white order-1 order-lg-0\">Serviceleistungen<\/h3>\n                            <\/div>\n            <h1 class=\"mb-6 lh-sm\">Geo-Redundanz<\/h1>\n\n      \n              <div class=\"d-flex gap-4\">\n          \n                      \n<div class=\"post-tags d-flex gap-1\">\n      <span class=\"tag text-bg-white\">\n      2 Min. Lesezeit    <\/span>\n  <\/div>                  <\/div>\n      \n          <\/div>\n  <\/div>\n\n      <div class=\"container hero-text-container-wrap\">\n      <div class=\"hero-text-container text-bg-white z-1 py-16 px-md-3 slanted slanted-xl-space-left slanted-xl-from-bottom-left\">\n        <div class=\"container\">\n          <div class=\"d-flex flex-column gap-6\">\n            \n<nav class=\"font-extrabold text-xs text-gray-500\" aria-label=\"breadcrumb\">\n  <ol class='breadcrumb'>      <li class=\"breadcrumb-item \" >\n                  <a href=\"https:\/\/www.northcdatacenters.com\/de\" class=\"text-decoration-none text-gray-500\">Home<\/a>\n              <\/li>\n      <li class=\"breadcrumb-item \" >\n                  <a href=\"https:\/\/www.northcdatacenters.com\/de\/serviceleistungen\/\" class=\"text-decoration-none text-gray-500\">Serviceleistungen<\/a>\n              <\/li>\n      <li class=\"breadcrumb-item \" >\n                  <a href=\"https:\/\/www.northcdatacenters.com\/de\/serviceleistungen\/colocation\/\" class=\"text-decoration-none text-gray-500\">Colocation<\/a>\n              <\/li>\n      <li class=\"breadcrumb-item  active\" aria-current=\"page\">\n                  Colocation Georedundanz              <\/li>\n<\/ol><\/nav>\n\n                          <h3 class=\"font-bold mb-0 text-4xl lh-lead\">Maximale Ausfallsicherheit f\u00fcr Ihr digitales Business. H\u00f6chste Verf\u00fcgbarkeit durch verteilte Rechenzentrumsstandorte und gespiegelte Daten.<\/h3>\n            \n            <div class=\"button-list\">\n                              \n  <button class=\"btn btn-primary\" type=\"button\" data-bs-toggle=\"offcanvas\" data-bs-target=\"#offcanvas_15\" aria-controls=\"offcanvas_15\">\n    Jetzt Angebot sichern  <\/button>\n                              \n  <a href=\"\/de\/serviceleistungen\/colocation\/\" class=\"btn btn-secondary btn-video\" target=\"\">\n    Weitere Colocation Services  <\/a>\n                          <\/div>\n          <\/div>\n        <\/div>\n      <\/div>\n    <\/div>\n  <\/div>[\/vc_column][\/vc_row][vc_row full_width=&#8220;stretch_row_content&#8220;][vc_column]<div class=\"title-block px-3 title-block-image-right\">\n  <div class=\"container image-container\" style=\"--image-position-x: 50%;\">\n          <picture class=\"responsive-picture \">\n  <img decoding=\"async\" src=\"https:\/\/www.northcdatacenters.com\/de\/wp-content\/uploads\/sites\/5\/2022\/03\/Connectivity_Yellow.webp\" srcset=\"https:\/\/www.northcdatacenters.com\/de\/wp-content\/uploads\/sites\/5\/2022\/03\/Connectivity_Yellow.webp 1500w, https:\/\/www.northcdatacenters.com\/de\/wp-content\/uploads\/sites\/5\/2022\/03\/Connectivity_Yellow-300x200.webp 300w, https:\/\/www.northcdatacenters.com\/de\/wp-content\/uploads\/sites\/5\/2022\/03\/Connectivity_Yellow-1024x683.webp 1024w, https:\/\/www.northcdatacenters.com\/de\/wp-content\/uploads\/sites\/5\/2022\/03\/Connectivity_Yellow-768x512.webp 768w, https:\/\/www.northcdatacenters.com\/de\/wp-content\/uploads\/sites\/5\/2022\/03\/Connectivity_Yellow-1440x960.webp 1440w, https:\/\/www.northcdatacenters.com\/de\/wp-content\/uploads\/sites\/5\/2022\/03\/Connectivity_Yellow-175x117.webp 175w, https:\/\/www.northcdatacenters.com\/de\/wp-content\/uploads\/sites\/5\/2022\/03\/Connectivity_Yellow-510x340.webp 510w, https:\/\/www.northcdatacenters.com\/de\/wp-content\/uploads\/sites\/5\/2022\/03\/Connectivity_Yellow-750x500.webp 750w\"\n  class=\"\" style=\"\"\n  loading=\"lazy\"\n  sizes=\"(min-width: 1400px) 1200px, (min-width: 1200px) 48vw, 100vw\" \/><\/picture>      <\/div>\n\n  <div class=\"d-none d-xl-block background-with-slanted-edge slanted\"><\/div>\n\n  <div class=\"container text-container\">\n    <div class=\"text-bg-white text py-9 px-6 d-flex flex-column\">\n              <h2 class=\"font-heavy lh-sm\">H\u00f6chste Verf\u00fcgbarkeit durch verteilte Rechenzentrumsstandorte und gespiegelte Daten.<\/h2>\n      \n      <div class=\"content lh-xl\">\n        <span style=\"font-weight: 400\">Ob Global Player, Mittelst\u00e4ndler oder kleines Unternehmen \u2013 in Zeiten digitaler Transformation kann sich heute kaum ein Unternehmen den Ausfall der IT leisten. Ein etwaiger Reputationsschaden und die wirtschaftlichen Folgen k\u00f6nnen sogar die Existenz eines Unternehmens und einen B\u00f6rsenkurs strapazieren. Durch die Anforderungen im Zuge von Compliance, Business Continuity Management und Resilienz von Unternehmen, haben die Daten- und IT-Sicherheit einen hohen Stellenwert. Insbesondere Naturkatastrophen, Cyberangriffe oder Datenverlust durch Stromausf\u00e4lle k\u00f6nnen teuer werden und unabsehbare Folgen nach sich ziehen. Eine geo-redundante IT ist daher ein zentraler Sicherheitsfaktor, um Systemausf\u00e4lle durch eine Back-up-L\u00f6sung zu vermeiden.<\/span>      <\/div>\n\n          <\/div>\n  <\/div>\n<\/div>[\/vc_column][\/vc_row][vc_row full_width=&#8220;stretch_row&#8220; equal_height=&#8220;yes&#8220; north_c_background_color=&#8220;bg-gray-200&#8243; el_class=&#8220;dont-add-spacer image-with-text&#8220;][vc_column width=&#8220;3\/5&#8243;][vc_column_text]<\/p>\n<h3>Mehr Sicherheit \u2013 auch f\u00fcr Ihr eigenes Netz.<\/h3>\n<p>NorthC ist auch Ihr Partner, wenn es um die zuverl\u00e4ssige Anbindung Ihrer IT mit mehreren Rechenzentrumsstandorten geht. Unser Service reicht von der Planung und Umsetzung Ihres Rechenzentrumsbetriebs bis hin zur Realisierung Ihres eigenen Netzes zwischen der Unternehmenszentrale und aller beteiligten Rechenzentren \u2013 und das unabh\u00e4ngig von den von Ihnen gew\u00e4hlten Netzprovidern. Sprechen Sie uns auf Ihre Anforderungen eines redundanten Rechenzentrums an \u2013 unsere Spezialisten finden die f\u00fcr Sie passende L\u00f6sung![\/vc_column_text][\/vc_column][vc_column width=&#8220;2\/5&#8243;][vc_column_text el_class=&#8220;check-list&#8220;]<\/p>\n<h2 style=\"text-align: left\">Geo-Redundanz \u2013 Ihre Vorteile:<\/h2>\n<ul>\n<li><strong>Maximale Verf\u00fcgbarkeit f\u00fcr alle g\u00e4ngigen Katastrophen-Szenarien<\/strong><\/li>\n<li><strong>Verl\u00e4ssliche NorthC-Expertise f\u00fcr Planung und Betrieb von Rechenzentrums-Diensten<\/strong><\/li>\n<li><strong>Niedrige Betriebskosten dank flexibler Netztarife<\/strong><\/li>\n<li><strong>Gesteigerte Verf\u00fcgbarkeit Ihres Inhouse Datacenters<\/strong><\/li>\n<\/ul>\n<p>[\/vc_column_text][\/vc_column][\/vc_row][vc_row full_width=&#8220;stretch_row&#8220;][vc_column]<div class=\"cta\">\n  <div class=\"cta-grid\">\n    <div class=\"cta-picture\">\n      <picture class=\"responsive-picture d-block\">\n  <img decoding=\"async\" src=\"https:\/\/www.northcdatacenters.com\/de\/wp-content\/uploads\/sites\/5\/2024\/11\/img-northc-walter-bartole-1920-1256x1256.webp\" srcset=\"https:\/\/www.northcdatacenters.com\/de\/wp-content\/uploads\/sites\/5\/2024\/11\/img-northc-walter-bartole-1920-1256x1256.webp 1256w, https:\/\/www.northcdatacenters.com\/de\/wp-content\/uploads\/sites\/5\/2024\/11\/img-northc-walter-bartole-1920-300x300.webp 300w, https:\/\/www.northcdatacenters.com\/de\/wp-content\/uploads\/sites\/5\/2024\/11\/img-northc-walter-bartole-1920-1024x1024.webp 1024w, https:\/\/www.northcdatacenters.com\/de\/wp-content\/uploads\/sites\/5\/2024\/11\/img-northc-walter-bartole-1920-768x768.webp 768w, https:\/\/www.northcdatacenters.com\/de\/wp-content\/uploads\/sites\/5\/2024\/11\/img-northc-walter-bartole-1920-1536x1536.webp 1536w, https:\/\/www.northcdatacenters.com\/de\/wp-content\/uploads\/sites\/5\/2024\/11\/img-northc-walter-bartole-1920-250x250.webp 250w, https:\/\/www.northcdatacenters.com\/de\/wp-content\/uploads\/sites\/5\/2024\/11\/img-northc-walter-bartole-1920-740x740.webp 740w, https:\/\/www.northcdatacenters.com\/de\/wp-content\/uploads\/sites\/5\/2024\/11\/img-northc-walter-bartole-1920-175x175.webp 175w, https:\/\/www.northcdatacenters.com\/de\/wp-content\/uploads\/sites\/5\/2024\/11\/img-northc-walter-bartole-1920-360x360.webp 360w, https:\/\/www.northcdatacenters.com\/de\/wp-content\/uploads\/sites\/5\/2024\/11\/img-northc-walter-bartole-1920-500x500.webp 500w, https:\/\/www.northcdatacenters.com\/de\/wp-content\/uploads\/sites\/5\/2024\/11\/img-northc-walter-bartole-1920.webp 1920w\"\n  class=\"\" style=\"\"\n  loading=\"lazy\"\n  sizes=\"(min-width: 992px) 1280px, 100vw\" \/><\/picture>\n          <\/div>\n\n    <div class=\"text text-white d-flex flex-column gap-4 justify-content-center align-items-center p-6 pb-12 px-lg-12 px-xxl-28\">\n      <h6 class=\"text-primary lh214 font-extrabold text-center mb-0\">Kontakt<\/h6>\n      <h3 class=\"mb-2 text-center text-sm-5xl mb-sm-6 text-balance\">Sie ben\u00f6tigen eine Beratung f\u00fcr Ihre spezifische Situation?<\/h3>\n      <div class=\"buttons d-flex flex-column flex-lg-row flex-wrap gap-4 align-items-center justify-content-center dark-background\">\n                  \n  <button class=\"btn btn-primary\" type=\"button\" data-bs-toggle=\"offcanvas\" data-bs-target=\"#offcanvas_15\" aria-controls=\"offcanvas_15\">\n    Jetzt Angebot sichern  <\/button>\n                  \n  \n  <button class=\"btn btn-secondary\" type=\"button\" data-bs-toggle=\"offcanvas\" data-bs-target=\"#offcanvas_28\" aria-controls=\"offcanvas_28\">\n    Kontakt aufnehmen  <\/button>\n\n              <\/div>\n    <\/div>\n  <\/div>\n<\/div>[\/vc_column][\/vc_row]<\/p>\n<\/div>","protected":false},"excerpt":{"rendered":"<p>[vc_row full_width=&#8220;stretch_row_content_no_spaces&#8220;][vc_column][\/vc_column][\/vc_row][vc_row full_width=&#8220;stretch_row_content&#8220;][vc_column][\/vc_column][\/vc_row][vc_row full_width=&#8220;stretch_row&#8220; equal_height=&#8220;yes&#8220; north_c_background_color=&#8220;bg-gray-200&#8243; el_class=&#8220;dont-add-spacer image-with-text&#8220;][vc_column width=&#8220;3\/5&#8243;][vc_column_text] Mehr Sicherheit \u2013 auch f\u00fcr Ihr eigenes Netz. NorthC ist auch Ihr Partner, wenn es um die zuverl\u00e4ssige Anbindung Ihrer IT mit mehreren Rechenzentrumsstandorten geht. Unser Service reicht von der Planung und Umsetzung Ihres Rechenzentrumsbetriebs bis hin zur Realisierung Ihres eigenen Netzes zwischen der Unternehmenszentrale und &#8230;<\/p>\n","protected":false},"author":17,"featured_media":22062,"parent":2584,"menu_order":0,"comment_status":"closed","ping_status":"closed","template":"","meta":{"_acf_changed":false,"_relevanssi_hide_post":"","_relevanssi_hide_content":"","_relevanssi_pin_for_all":"","_relevanssi_pin_keywords":"","_relevanssi_unpin_keywords":"","_relevanssi_related_keywords":"","_relevanssi_related_include_ids":"","_relevanssi_related_exclude_ids":"","_relevanssi_related_no_append":"","_relevanssi_related_not_related":"","_relevanssi_related_posts":"","_relevanssi_noindex_reason":"","footnotes":""},"class_list":["post-21977","page","type-page","status-publish","has-post-thumbnail","hentry"],"acf":[],"yoast_head":"<!-- This site is optimized with the Yoast SEO Premium plugin v27.5 (Yoast SEO v27.5) - https:\/\/yoast.com\/product\/yoast-seo-premium-wordpress\/ -->\n<title>Colocation Georedundanz<\/title>\n<meta name=\"description\" content=\"Ausfallsicherheit mit maximalem Schutz Ihrer Daten, selbst bei einem regionalen Katastrophenfall!\" \/>\n<meta name=\"robots\" content=\"index, follow, max-snippet:-1, max-image-preview:large, max-video-preview:-1\" \/>\n<link rel=\"canonical\" href=\"https:\/\/www.northcdatacenters.com\/de\/serviceleistungen\/colocation\/georedundanz\/\" \/>\n<meta property=\"og:locale\" content=\"de_DE\" \/>\n<meta property=\"og:type\" content=\"article\" \/>\n<meta property=\"og:title\" content=\"Colocation Georedundanz\" \/>\n<meta property=\"og:description\" content=\"Ausfallsicherheit mit maximalem Schutz Ihrer Daten, selbst bei einem regionalen Katastrophenfall!\" \/>\n<meta property=\"og:url\" content=\"https:\/\/www.northcdatacenters.com\/de\/serviceleistungen\/colocation\/georedundanz\/\" \/>\n<meta property=\"og:site_name\" content=\"NorthC Datacenters (DE)\" \/>\n<meta property=\"article:modified_time\" content=\"2024-11-22T09:47:38+00:00\" \/>\n<meta property=\"og:image\" content=\"https:\/\/www.northcdatacenters.com\/de\/wp-content\/uploads\/sites\/5\/2022\/11\/Georedundanz_IT.webp\" \/>\n\t<meta property=\"og:image:width\" content=\"1920\" \/>\n\t<meta property=\"og:image:height\" content=\"500\" \/>\n\t<meta property=\"og:image:type\" content=\"image\/jpeg\" \/>\n<meta name=\"twitter:card\" content=\"summary_large_image\" \/>\n<meta name=\"twitter:label1\" content=\"Gesch\u00e4tzte Lesezeit\" \/>\n\t<meta name=\"twitter:data1\" content=\"2\u00a0Minuten\" \/>\n<script type=\"application\/ld+json\" class=\"yoast-schema-graph\">{\"@context\":\"https:\\\/\\\/schema.org\",\"@graph\":[{\"@type\":\"WebPage\",\"@id\":\"https:\\\/\\\/www.northcdatacenters.com\\\/de\\\/serviceleistungen\\\/colocation\\\/georedundanz\\\/\",\"url\":\"https:\\\/\\\/www.northcdatacenters.com\\\/de\\\/serviceleistungen\\\/colocation\\\/georedundanz\\\/\",\"name\":\"Colocation Georedundanz\",\"isPartOf\":{\"@id\":\"https:\\\/\\\/www.northcdatacenters.com\\\/de\\\/#website\"},\"primaryImageOfPage\":{\"@id\":\"https:\\\/\\\/www.northcdatacenters.com\\\/de\\\/serviceleistungen\\\/colocation\\\/georedundanz\\\/#primaryimage\"},\"image\":{\"@id\":\"https:\\\/\\\/www.northcdatacenters.com\\\/de\\\/serviceleistungen\\\/colocation\\\/georedundanz\\\/#primaryimage\"},\"thumbnailUrl\":\"https:\\\/\\\/www.northcdatacenters.com\\\/de\\\/wp-content\\\/uploads\\\/sites\\\/5\\\/2022\\\/11\\\/Georedundanz_IT.webp\",\"datePublished\":\"2022-11-14T06:27:44+00:00\",\"dateModified\":\"2024-11-22T09:47:38+00:00\",\"description\":\"Ausfallsicherheit mit maximalem Schutz Ihrer Daten, selbst bei einem regionalen Katastrophenfall!\",\"breadcrumb\":{\"@id\":\"https:\\\/\\\/www.northcdatacenters.com\\\/de\\\/serviceleistungen\\\/colocation\\\/georedundanz\\\/#breadcrumb\"},\"inLanguage\":\"de\",\"potentialAction\":[{\"@type\":\"ReadAction\",\"target\":[\"https:\\\/\\\/www.northcdatacenters.com\\\/de\\\/serviceleistungen\\\/colocation\\\/georedundanz\\\/\"]}]},{\"@type\":\"ImageObject\",\"inLanguage\":\"de\",\"@id\":\"https:\\\/\\\/www.northcdatacenters.com\\\/de\\\/serviceleistungen\\\/colocation\\\/georedundanz\\\/#primaryimage\",\"url\":\"https:\\\/\\\/www.northcdatacenters.com\\\/de\\\/wp-content\\\/uploads\\\/sites\\\/5\\\/2022\\\/11\\\/Georedundanz_IT.webp\",\"contentUrl\":\"https:\\\/\\\/www.northcdatacenters.com\\\/de\\\/wp-content\\\/uploads\\\/sites\\\/5\\\/2022\\\/11\\\/Georedundanz_IT.webp\",\"width\":1920,\"height\":500},{\"@type\":\"BreadcrumbList\",\"@id\":\"https:\\\/\\\/www.northcdatacenters.com\\\/de\\\/serviceleistungen\\\/colocation\\\/georedundanz\\\/#breadcrumb\",\"itemListElement\":[{\"@type\":\"ListItem\",\"position\":1,\"name\":\"Home\",\"item\":\"https:\\\/\\\/www.northcdatacenters.com\\\/de\\\/\"},{\"@type\":\"ListItem\",\"position\":2,\"name\":\"Serviceleistungen\",\"item\":\"https:\\\/\\\/www.northcdatacenters.com\\\/de\\\/serviceleistungen\\\/\"},{\"@type\":\"ListItem\",\"position\":3,\"name\":\"Colocation\",\"item\":\"https:\\\/\\\/www.northcdatacenters.com\\\/de\\\/serviceleistungen\\\/colocation\\\/\"},{\"@type\":\"ListItem\",\"position\":4,\"name\":\"Colocation Georedundanz\"}]},{\"@type\":\"WebSite\",\"@id\":\"https:\\\/\\\/www.northcdatacenters.com\\\/de\\\/#website\",\"url\":\"https:\\\/\\\/www.northcdatacenters.com\\\/de\\\/\",\"name\":\"NorthC Datacenters\",\"description\":\"Digital business, Personal connections.\",\"publisher\":{\"@id\":\"https:\\\/\\\/www.northcdatacenters.com\\\/de\\\/#organization\"},\"potentialAction\":[{\"@type\":\"SearchAction\",\"target\":{\"@type\":\"EntryPoint\",\"urlTemplate\":\"https:\\\/\\\/www.northcdatacenters.com\\\/de\\\/?s={search_term_string}\"},\"query-input\":{\"@type\":\"PropertyValueSpecification\",\"valueRequired\":true,\"valueName\":\"search_term_string\"}}],\"inLanguage\":\"de\"},{\"@type\":\"Organization\",\"@id\":\"https:\\\/\\\/www.northcdatacenters.com\\\/de\\\/#organization\",\"name\":\"NorthC Datacenters\",\"url\":\"https:\\\/\\\/www.northcdatacenters.com\\\/de\\\/\",\"logo\":{\"@type\":\"ImageObject\",\"inLanguage\":\"de\",\"@id\":\"https:\\\/\\\/www.northcdatacenters.com\\\/de\\\/#\\\/schema\\\/logo\\\/image\\\/\",\"url\":\"https:\\\/\\\/www.northcdatacenters.com\\\/de\\\/wp-content\\\/uploads\\\/sites\\\/5\\\/2024\\\/11\\\/Logo_NorthC.svg\",\"contentUrl\":\"https:\\\/\\\/www.northcdatacenters.com\\\/de\\\/wp-content\\\/uploads\\\/sites\\\/5\\\/2024\\\/11\\\/Logo_NorthC.svg\",\"width\":110,\"height\":24,\"caption\":\"NorthC Datacenters\"},\"image\":{\"@id\":\"https:\\\/\\\/www.northcdatacenters.com\\\/de\\\/#\\\/schema\\\/logo\\\/image\\\/\"},\"sameAs\":[\"https:\\\/\\\/www.linkedin.com\\\/company\\\/northc-datacenters-deutschland\\\/\"]}]}<\/script>\n<!-- \/ Yoast SEO Premium plugin. -->","yoast_head_json":{"title":"Colocation Georedundanz","description":"Ausfallsicherheit mit maximalem Schutz Ihrer Daten, selbst bei einem regionalen Katastrophenfall!","robots":{"index":"index","follow":"follow","max-snippet":"max-snippet:-1","max-image-preview":"max-image-preview:large","max-video-preview":"max-video-preview:-1"},"canonical":"https:\/\/www.northcdatacenters.com\/de\/serviceleistungen\/colocation\/georedundanz\/","og_locale":"de_DE","og_type":"article","og_title":"Colocation Georedundanz","og_description":"Ausfallsicherheit mit maximalem Schutz Ihrer Daten, selbst bei einem regionalen Katastrophenfall!","og_url":"https:\/\/www.northcdatacenters.com\/de\/serviceleistungen\/colocation\/georedundanz\/","og_site_name":"NorthC Datacenters (DE)","article_modified_time":"2024-11-22T09:47:38+00:00","og_image":[{"width":1920,"height":500,"url":"https:\/\/www.northcdatacenters.com\/de\/wp-content\/uploads\/sites\/5\/2022\/11\/Georedundanz_IT.webp","type":"image\/jpeg"}],"twitter_card":"summary_large_image","twitter_misc":{"Gesch\u00e4tzte Lesezeit":"2\u00a0Minuten"},"schema":{"@context":"https:\/\/schema.org","@graph":[{"@type":"WebPage","@id":"https:\/\/www.northcdatacenters.com\/de\/serviceleistungen\/colocation\/georedundanz\/","url":"https:\/\/www.northcdatacenters.com\/de\/serviceleistungen\/colocation\/georedundanz\/","name":"Colocation Georedundanz","isPartOf":{"@id":"https:\/\/www.northcdatacenters.com\/de\/#website"},"primaryImageOfPage":{"@id":"https:\/\/www.northcdatacenters.com\/de\/serviceleistungen\/colocation\/georedundanz\/#primaryimage"},"image":{"@id":"https:\/\/www.northcdatacenters.com\/de\/serviceleistungen\/colocation\/georedundanz\/#primaryimage"},"thumbnailUrl":"https:\/\/www.northcdatacenters.com\/de\/wp-content\/uploads\/sites\/5\/2022\/11\/Georedundanz_IT.webp","datePublished":"2022-11-14T06:27:44+00:00","dateModified":"2024-11-22T09:47:38+00:00","description":"Ausfallsicherheit mit maximalem Schutz Ihrer Daten, selbst bei einem regionalen Katastrophenfall!","breadcrumb":{"@id":"https:\/\/www.northcdatacenters.com\/de\/serviceleistungen\/colocation\/georedundanz\/#breadcrumb"},"inLanguage":"de","potentialAction":[{"@type":"ReadAction","target":["https:\/\/www.northcdatacenters.com\/de\/serviceleistungen\/colocation\/georedundanz\/"]}]},{"@type":"ImageObject","inLanguage":"de","@id":"https:\/\/www.northcdatacenters.com\/de\/serviceleistungen\/colocation\/georedundanz\/#primaryimage","url":"https:\/\/www.northcdatacenters.com\/de\/wp-content\/uploads\/sites\/5\/2022\/11\/Georedundanz_IT.webp","contentUrl":"https:\/\/www.northcdatacenters.com\/de\/wp-content\/uploads\/sites\/5\/2022\/11\/Georedundanz_IT.webp","width":1920,"height":500},{"@type":"BreadcrumbList","@id":"https:\/\/www.northcdatacenters.com\/de\/serviceleistungen\/colocation\/georedundanz\/#breadcrumb","itemListElement":[{"@type":"ListItem","position":1,"name":"Home","item":"https:\/\/www.northcdatacenters.com\/de\/"},{"@type":"ListItem","position":2,"name":"Serviceleistungen","item":"https:\/\/www.northcdatacenters.com\/de\/serviceleistungen\/"},{"@type":"ListItem","position":3,"name":"Colocation","item":"https:\/\/www.northcdatacenters.com\/de\/serviceleistungen\/colocation\/"},{"@type":"ListItem","position":4,"name":"Colocation Georedundanz"}]},{"@type":"WebSite","@id":"https:\/\/www.northcdatacenters.com\/de\/#website","url":"https:\/\/www.northcdatacenters.com\/de\/","name":"NorthC Datacenters","description":"Digital business, Personal connections.","publisher":{"@id":"https:\/\/www.northcdatacenters.com\/de\/#organization"},"potentialAction":[{"@type":"SearchAction","target":{"@type":"EntryPoint","urlTemplate":"https:\/\/www.northcdatacenters.com\/de\/?s={search_term_string}"},"query-input":{"@type":"PropertyValueSpecification","valueRequired":true,"valueName":"search_term_string"}}],"inLanguage":"de"},{"@type":"Organization","@id":"https:\/\/www.northcdatacenters.com\/de\/#organization","name":"NorthC Datacenters","url":"https:\/\/www.northcdatacenters.com\/de\/","logo":{"@type":"ImageObject","inLanguage":"de","@id":"https:\/\/www.northcdatacenters.com\/de\/#\/schema\/logo\/image\/","url":"https:\/\/www.northcdatacenters.com\/de\/wp-content\/uploads\/sites\/5\/2024\/11\/Logo_NorthC.svg","contentUrl":"https:\/\/www.northcdatacenters.com\/de\/wp-content\/uploads\/sites\/5\/2024\/11\/Logo_NorthC.svg","width":110,"height":24,"caption":"NorthC Datacenters"},"image":{"@id":"https:\/\/www.northcdatacenters.com\/de\/#\/schema\/logo\/image\/"},"sameAs":["https:\/\/www.linkedin.com\/company\/northc-datacenters-deutschland\/"]}]}},"_links":{"self":[{"href":"https:\/\/www.northcdatacenters.com\/de\/wp-json\/wp\/v2\/pages\/21977","targetHints":{"allow":["GET"]}}],"collection":[{"href":"https:\/\/www.northcdatacenters.com\/de\/wp-json\/wp\/v2\/pages"}],"about":[{"href":"https:\/\/www.northcdatacenters.com\/de\/wp-json\/wp\/v2\/types\/page"}],"author":[{"embeddable":true,"href":"https:\/\/www.northcdatacenters.com\/de\/wp-json\/wp\/v2\/users\/17"}],"replies":[{"embeddable":true,"href":"https:\/\/www.northcdatacenters.com\/de\/wp-json\/wp\/v2\/comments?post=21977"}],"version-history":[{"count":6,"href":"https:\/\/www.northcdatacenters.com\/de\/wp-json\/wp\/v2\/pages\/21977\/revisions"}],"predecessor-version":[{"id":25781,"href":"https:\/\/www.northcdatacenters.com\/de\/wp-json\/wp\/v2\/pages\/21977\/revisions\/25781"}],"up":[{"embeddable":true,"href":"https:\/\/www.northcdatacenters.com\/de\/wp-json\/wp\/v2\/pages\/2584"}],"wp:featuredmedia":[{"embeddable":true,"href":"https:\/\/www.northcdatacenters.com\/de\/wp-json\/wp\/v2\/media\/22062"}],"wp:attachment":[{"href":"https:\/\/www.northcdatacenters.com\/de\/wp-json\/wp\/v2\/media?parent=21977"}],"curies":[{"name":"wp","href":"https:\/\/api.w.org\/{rel}","templated":true}]}}