{"id":22005,"date":"2022-11-14T06:27:56","date_gmt":"2022-11-14T06:27:56","guid":{"rendered":"https:\/\/www.northcdatacenters.com\/de\/?page_id=22005"},"modified":"2024-11-25T14:59:54","modified_gmt":"2024-11-25T14:59:54","slug":"remote-hands","status":"publish","type":"page","link":"https:\/\/www.northcdatacenters.com\/de\/serviceleistungen\/colocation\/remote-hands\/","title":{"rendered":"Remote Hands"},"content":{"rendered":"<div class=\"wpb-content-wrapper\"><p>[vc_row full_width=&#8220;stretch_row_content_no_spaces&#8220;][vc_column]\n<div class=\"hero \">\n  \n    <div class=\"hero-bg \"\n      style=\"position: relative; overflow: hidden; width: 100%; min-height: 66vh; background-color: #f0f0f0;\">\n      <figure style=\"width: 100%; height: 100%;\">\n        <img\n          class=\"hero-image\"\n          src=\"https:\/\/www.northcdatacenters.com\/de\/wp-content\/uploads\/sites\/5\/2022\/11\/Colocation_Hardware_DE.webp\"\n          srcset=\"https:\/\/www.northcdatacenters.com\/de\/wp-content\/uploads\/sites\/5\/2022\/11\/Colocation_Hardware_DE-300x78.webp 300w, https:\/\/www.northcdatacenters.com\/de\/wp-content\/uploads\/sites\/5\/2022\/11\/Colocation_Hardware_DE-510x360.webp 510w, https:\/\/www.northcdatacenters.com\/de\/wp-content\/uploads\/sites\/5\/2022\/11\/Colocation_Hardware_DE-600x500.webp 600w, https:\/\/www.northcdatacenters.com\/de\/wp-content\/uploads\/sites\/5\/2022\/11\/Colocation_Hardware_DE-800x500.webp 800w, https:\/\/www.northcdatacenters.com\/de\/wp-content\/uploads\/sites\/5\/2022\/11\/Colocation_Hardware_DE-1024x267.webp 1024w, https:\/\/www.northcdatacenters.com\/de\/wp-content\/uploads\/sites\/5\/2022\/11\/Colocation_Hardware_DE.webp 1920w, \"\n          sizes=\"(min-width: 1920px) 1920px, 100vw\"\n          type=\"image\/webp\"\n          loading=\"eager\"\n          decoding=\"async\"\n          fetchpriority=\"high\"\n          alt=\"Hero image\"\n          style=\"\n            position: absolute;\n            top: 0;\n            left: 0;\n            width: 100%;\n            height: 100%;\n            object-fit: cover;\n            object-position: 50% center;\n            opacity: 1;\n            aspect-ratio: 1.7777777777777777;\n          \"\n        >\n        <div class=\"scroll-indicator\">\n  <svg width=\"24\" height=\"24\" viewBox=\"0 0 24 24\" fill=\"none\" xmlns=\"http:\/\/www.w3.org\/2000\/svg\" aria-hidden=\"true\">\n    <rect x=\"7.25\" y=\"2.75\" width=\"9.5\" height=\"18.5\" rx=\"4.75\" stroke=\"white\" stroke-width=\"1.5\" \/>\n    <rect class=\"scroll\" x=\"10\" y=\"6\" width=\"4\" height=\"7\" rx=\"2\" fill=\"white\" \/>\n  <\/svg>\n<\/div>      <\/figure>\n    <\/div>\n  \n  <div class=\"container hero-content text-white \">\n    <div class=\"title d-flex flex-column gap-3 gap-lg-4\">\n              <div class=\"d-flex flex-column flex-lg-row gap-4\">\n                      <h3 class=\"chapeau text-base mb-0 text-white order-1 order-lg-0\">Serviceleistungen<\/h3>\n                            <\/div>\n            <h1 class=\"mb-6 lh-sm\">Remote Hands<\/h1>\n\n      \n              <div class=\"d-flex gap-4\">\n          \n                      \n<div class=\"post-tags d-flex gap-1\">\n      <span class=\"tag text-bg-white\">\n      1 Min. Lesezeit    <\/span>\n  <\/div>                  <\/div>\n      \n          <\/div>\n  <\/div>\n\n      <div class=\"container hero-text-container-wrap\">\n      <div class=\"hero-text-container text-bg-white z-1 py-16 px-md-3 slanted slanted-xl-space-left slanted-xl-from-bottom-left\">\n        <div class=\"container\">\n          <div class=\"d-flex flex-column gap-6\">\n            \n<nav class=\"font-extrabold text-xs text-gray-500\" aria-label=\"breadcrumb\">\n  <ol class='breadcrumb'>      <li class=\"breadcrumb-item \" >\n                  <a href=\"https:\/\/www.northcdatacenters.com\/de\" class=\"text-decoration-none text-gray-500\">Home<\/a>\n              <\/li>\n      <li class=\"breadcrumb-item \" >\n                  <a href=\"https:\/\/www.northcdatacenters.com\/de\/serviceleistungen\/\" class=\"text-decoration-none text-gray-500\">Serviceleistungen<\/a>\n              <\/li>\n      <li class=\"breadcrumb-item \" >\n                  <a href=\"https:\/\/www.northcdatacenters.com\/de\/serviceleistungen\/colocation\/\" class=\"text-decoration-none text-gray-500\">Colocation<\/a>\n              <\/li>\n      <li class=\"breadcrumb-item  active\" aria-current=\"page\">\n                  Remote Hands              <\/li>\n<\/ol><\/nav>\n\n                          <h3 class=\"font-bold mb-0 text-4xl lh-lead\">Rund um die Uhr zuverl\u00e4ssige Manpower vor Ort. Schnelle Reaktion bei St\u00f6rungen und Unregelm\u00e4\u00dfigkeiten.<\/h3>\n            \n            <div class=\"button-list\">\n                              \n  <button class=\"btn btn-primary\" type=\"button\" data-bs-toggle=\"offcanvas\" data-bs-target=\"#offcanvas_15\" aria-controls=\"offcanvas_15\">\n    Jetzt Angebot sichern  <\/button>\n                              \n  <a href=\"\/de\/serviceleistungen\/colocation\/\" class=\"btn btn-secondary btn-video\" target=\"\">\n    Weitere Colocation Services  <\/a>\n                          <\/div>\n          <\/div>\n        <\/div>\n      <\/div>\n    <\/div>\n  <\/div>[\/vc_column][\/vc_row][vc_row full_width=&#8220;stretch_row_content&#8220;][vc_column]<div class=\"title-block px-3 title-block-image-right\">\n  <div class=\"container image-container\" style=\"--image-position-x: 50%;\">\n          <picture class=\"responsive-picture \">\n  <img decoding=\"async\" src=\"https:\/\/www.northcdatacenters.com\/de\/wp-content\/uploads\/sites\/5\/2023\/09\/Remote_Hands_Services_DE_2.webp\" srcset=\"https:\/\/www.northcdatacenters.com\/de\/wp-content\/uploads\/sites\/5\/2023\/09\/Remote_Hands_Services_DE_2.webp 1472w, https:\/\/www.northcdatacenters.com\/de\/wp-content\/uploads\/sites\/5\/2023\/09\/Remote_Hands_Services_DE_2-300x153.webp 300w, https:\/\/www.northcdatacenters.com\/de\/wp-content\/uploads\/sites\/5\/2023\/09\/Remote_Hands_Services_DE_2-1024x522.webp 1024w, https:\/\/www.northcdatacenters.com\/de\/wp-content\/uploads\/sites\/5\/2023\/09\/Remote_Hands_Services_DE_2-768x391.webp 768w, https:\/\/www.northcdatacenters.com\/de\/wp-content\/uploads\/sites\/5\/2023\/09\/Remote_Hands_Services_DE_2-1440x734.webp 1440w, https:\/\/www.northcdatacenters.com\/de\/wp-content\/uploads\/sites\/5\/2023\/09\/Remote_Hands_Services_DE_2-175x89.webp 175w, https:\/\/www.northcdatacenters.com\/de\/wp-content\/uploads\/sites\/5\/2023\/09\/Remote_Hands_Services_DE_2-510x260.webp 510w, https:\/\/www.northcdatacenters.com\/de\/wp-content\/uploads\/sites\/5\/2023\/09\/Remote_Hands_Services_DE_2-800x408.webp 800w\"\n  class=\"\" style=\"\"\n  loading=\"lazy\"\n  sizes=\"(min-width: 1400px) 1200px, (min-width: 1200px) 48vw, 100vw\" \/><\/picture>      <\/div>\n\n  <div class=\"d-none d-xl-block background-with-slanted-edge slanted\"><\/div>\n\n  <div class=\"container text-container\">\n    <div class=\"text-bg-white text py-9 px-6 d-flex flex-column\">\n              <h2 class=\"font-heavy lh-sm\">Schnelle Reaktion<\/h2>\n      \n      <div class=\"content lh-xl\">\n        <span style=\"font-weight: 400\">Maximale Ausfallsicherheit und h\u00f6chste Verf\u00fcgbarkeit sind die wichtigsten Kriterien f\u00fcr IT. Technische St\u00f6rungen oder gar Systemausf\u00e4lle k\u00f6nnen nicht nur kostspielig werden, sondern im schlimmsten Fall geht wichtiges Kundenvertrauen verloren. Die gute Nachricht: Mit dem Remote Hands-Service von NorthC setzen Sie beim Troubleshooting und bei der Wartung der Colocation-Racks oder Ihres Colocation-Cages auf erfahrene IT-Spezialisten und LPIC- und ITIL-zertifizierte Techniker. Sie profitieren von schnellen und verl\u00e4sslichen Reaktionszeiten, zuverl\u00e4ssigem Service und transparenten Preisen. Ob Austausch einer defekten Festplatte, das Umpatchen von Netzwerkkabeln oder eine Fehlerdiagnose an einem Blade Server \u2013 auf unsere erfahrene Manpower k\u00f6nnen Sie sich als Remote-Hands-Service jederzeit rund um die Uhr und an 365 Tagen im Jahr verlassen.\u00a0<\/span>      <\/div>\n\n          <\/div>\n  <\/div>\n<\/div>[\/vc_column][\/vc_row][vc_row full_width=&#8220;stretch_row&#8220; equal_height=&#8220;yes&#8220; north_c_background_color=&#8220;bg-gray-200&#8243; el_class=&#8220;dont-add-spacer image-with-text&#8220;][vc_column width=&#8220;1\/3&#8243;][vc_column_text el_class=&#8220;check-list&#8220;]<\/p>\n<h2 style=\"text-align: left\">Remote Hands Service \u2013 Ihre Vorteile auf einen Blick.<\/h2>\n<ul>\n<li style=\"text-align: left\"><strong>Kurze Reaktionszeiten<\/strong><\/li>\n<li style=\"text-align: left\"><strong>Minimierte Logistik<\/strong><\/li>\n<li style=\"text-align: left\"><strong>Verl\u00e4ssliche Expertise vor Ort<\/strong><\/li>\n<li style=\"text-align: left\"><strong>Zertifiziertes Fachpersonal<\/strong><\/li>\n<li><strong>Transparente Kosten<\/strong><\/li>\n<\/ul>\n<p>[\/vc_column_text][\/vc_column][vc_column width=&#8220;2\/3&#8243;]\n    <picture class=\"responsive-picture \">\n                                              <source srcset=\"https:\/\/www.northcdatacenters.com\/de\/wp-content\/uploads\/sites\/5\/2023\/12\/Remote-Hands-Service_deksktop.svg\" media=\"(min-width: 576px)\">\n                        \n      <img decoding=\"async\" src=\"https:\/\/www.northcdatacenters.com\/de\/wp-content\/uploads\/sites\/5\/2023\/12\/Remote-Hands-Service_mobile.svg\" alt=\"\" loading=\"auto\" width=\"\" height=\"\">\n    <\/picture>\n[\/vc_column][\/vc_row][vc_row full_width=&#8220;stretch_row&#8220;][vc_column]<div class=\"cta\">\n  <div class=\"cta-grid\">\n    <div class=\"cta-picture\">\n      <picture class=\"responsive-picture d-block\">\n  <img decoding=\"async\" src=\"https:\/\/www.northcdatacenters.com\/de\/wp-content\/uploads\/sites\/5\/2024\/11\/Walter-Bartole-1256x1256.webp\" srcset=\"https:\/\/www.northcdatacenters.com\/de\/wp-content\/uploads\/sites\/5\/2024\/11\/Walter-Bartole-1256x1256.webp 1256w, https:\/\/www.northcdatacenters.com\/de\/wp-content\/uploads\/sites\/5\/2024\/11\/Walter-Bartole-300x300.webp 300w, https:\/\/www.northcdatacenters.com\/de\/wp-content\/uploads\/sites\/5\/2024\/11\/Walter-Bartole-1024x1024.webp 1024w, https:\/\/www.northcdatacenters.com\/de\/wp-content\/uploads\/sites\/5\/2024\/11\/Walter-Bartole-768x768.webp 768w, https:\/\/www.northcdatacenters.com\/de\/wp-content\/uploads\/sites\/5\/2024\/11\/Walter-Bartole-1536x1536.webp 1536w, https:\/\/www.northcdatacenters.com\/de\/wp-content\/uploads\/sites\/5\/2024\/11\/Walter-Bartole-250x250.webp 250w, https:\/\/www.northcdatacenters.com\/de\/wp-content\/uploads\/sites\/5\/2024\/11\/Walter-Bartole-740x740.webp 740w, https:\/\/www.northcdatacenters.com\/de\/wp-content\/uploads\/sites\/5\/2024\/11\/Walter-Bartole-175x175.webp 175w, https:\/\/www.northcdatacenters.com\/de\/wp-content\/uploads\/sites\/5\/2024\/11\/Walter-Bartole-360x360.webp 360w, https:\/\/www.northcdatacenters.com\/de\/wp-content\/uploads\/sites\/5\/2024\/11\/Walter-Bartole-500x500.webp 500w, https:\/\/www.northcdatacenters.com\/de\/wp-content\/uploads\/sites\/5\/2024\/11\/Walter-Bartole.webp 1920w\"\n  class=\"\" style=\"\"\n  loading=\"lazy\"\n  sizes=\"(min-width: 992px) 1280px, 100vw\" \/><\/picture>\n          <\/div>\n\n    <div class=\"text text-white d-flex flex-column gap-4 justify-content-center align-items-center p-6 pb-12 px-lg-12 px-xxl-28\">\n      <h6 class=\"text-primary lh214 font-extrabold text-center mb-0\"><\/h6>\n      <h3 class=\"mb-2 text-center text-sm-5xl mb-sm-6 text-balance\">Sie ben\u00f6tigen eine Beratung f\u00fcr Ihre spezifische Situation?<\/h3>\n      <div class=\"buttons d-flex flex-column flex-lg-row flex-wrap gap-4 align-items-center justify-content-center dark-background\">\n                  \n  <button class=\"btn btn-primary\" type=\"button\" data-bs-toggle=\"offcanvas\" data-bs-target=\"#offcanvas_28\" aria-controls=\"offcanvas_28\">\n    Kontakt aufnehmen  <\/button>\n                  \n  \n  <button class=\"btn btn-secondary\" type=\"button\" data-bs-toggle=\"offcanvas\" data-bs-target=\"#offcanvas_34\" aria-controls=\"offcanvas_34\">\n    Besichtigung anfordern  <\/button>\n\n              <\/div>\n    <\/div>\n  <\/div>\n<\/div>[\/vc_column][\/vc_row]<\/p>\n<\/div>","protected":false},"excerpt":{"rendered":"<p>[vc_row full_width=&#8220;stretch_row_content_no_spaces&#8220;][vc_column][\/vc_column][\/vc_row][vc_row full_width=&#8220;stretch_row_content&#8220;][vc_column][\/vc_column][\/vc_row][vc_row full_width=&#8220;stretch_row&#8220; equal_height=&#8220;yes&#8220; north_c_background_color=&#8220;bg-gray-200&#8243; el_class=&#8220;dont-add-spacer image-with-text&#8220;][vc_column width=&#8220;1\/3&#8243;][vc_column_text el_class=&#8220;check-list&#8220;] Remote Hands Service \u2013 Ihre Vorteile auf einen Blick. Kurze Reaktionszeiten Minimierte Logistik Verl\u00e4ssliche Expertise vor Ort Zertifiziertes Fachpersonal Transparente Kosten [\/vc_column_text][\/vc_column][vc_column width=&#8220;2\/3&#8243;][\/vc_column][\/vc_row][vc_row full_width=&#8220;stretch_row&#8220;][vc_column][\/vc_column][\/vc_row]<\/p>\n","protected":false},"author":17,"featured_media":22110,"parent":2584,"menu_order":0,"comment_status":"closed","ping_status":"closed","template":"","meta":{"_acf_changed":false,"_relevanssi_hide_post":"","_relevanssi_hide_content":"","_relevanssi_pin_for_all":"","_relevanssi_pin_keywords":"","_relevanssi_unpin_keywords":"","_relevanssi_related_keywords":"","_relevanssi_related_include_ids":"","_relevanssi_related_exclude_ids":"","_relevanssi_related_no_append":"","_relevanssi_related_not_related":"","_relevanssi_related_posts":"","_relevanssi_noindex_reason":"","footnotes":""},"class_list":["post-22005","page","type-page","status-publish","has-post-thumbnail","hentry"],"acf":[],"yoast_head":"<!-- This site is optimized with the Yoast SEO Premium plugin v27.5 (Yoast SEO v27.5) - https:\/\/yoast.com\/product\/yoast-seo-premium-wordpress\/ -->\n<title>Colocation Hardware<\/title>\n<meta name=\"description\" content=\"Top Performance durch Markenqualit\u00e4t. Ihr Einkaufsvorteil mit erstklassigem Service und durchdachten Finanzierungsm\u00f6glichkeiten.\" \/>\n<meta name=\"robots\" content=\"index, follow, max-snippet:-1, max-image-preview:large, max-video-preview:-1\" \/>\n<link rel=\"canonical\" href=\"https:\/\/www.northcdatacenters.com\/de\/serviceleistungen\/colocation\/remote-hands\/\" \/>\n<meta property=\"og:locale\" content=\"de_DE\" \/>\n<meta property=\"og:type\" content=\"article\" \/>\n<meta property=\"og:title\" content=\"Remote Hands\" \/>\n<meta property=\"og:description\" content=\"Top Performance durch Markenqualit\u00e4t. Ihr Einkaufsvorteil mit erstklassigem Service und durchdachten Finanzierungsm\u00f6glichkeiten.\" \/>\n<meta property=\"og:url\" content=\"https:\/\/www.northcdatacenters.com\/de\/serviceleistungen\/colocation\/remote-hands\/\" \/>\n<meta property=\"og:site_name\" content=\"NorthC Datacenters (DE)\" \/>\n<meta property=\"article:modified_time\" content=\"2024-11-25T14:59:54+00:00\" \/>\n<meta property=\"og:image\" content=\"https:\/\/www.northcdatacenters.com\/de\/wp-content\/uploads\/sites\/5\/2022\/11\/Colocation_Hardware_DE-1.webp\" \/>\n\t<meta property=\"og:image:width\" content=\"1920\" \/>\n\t<meta property=\"og:image:height\" content=\"500\" \/>\n\t<meta property=\"og:image:type\" content=\"image\/jpeg\" \/>\n<meta name=\"twitter:card\" content=\"summary_large_image\" \/>\n<meta name=\"twitter:label1\" content=\"Gesch\u00e4tzte Lesezeit\" \/>\n\t<meta name=\"twitter:data1\" content=\"2\u00a0Minuten\" \/>\n<script type=\"application\/ld+json\" class=\"yoast-schema-graph\">{\"@context\":\"https:\\\/\\\/schema.org\",\"@graph\":[{\"@type\":\"WebPage\",\"@id\":\"https:\\\/\\\/www.northcdatacenters.com\\\/de\\\/serviceleistungen\\\/colocation\\\/remote-hands\\\/\",\"url\":\"https:\\\/\\\/www.northcdatacenters.com\\\/de\\\/serviceleistungen\\\/colocation\\\/remote-hands\\\/\",\"name\":\"Colocation Hardware\",\"isPartOf\":{\"@id\":\"https:\\\/\\\/www.northcdatacenters.com\\\/de\\\/#website\"},\"primaryImageOfPage\":{\"@id\":\"https:\\\/\\\/www.northcdatacenters.com\\\/de\\\/serviceleistungen\\\/colocation\\\/remote-hands\\\/#primaryimage\"},\"image\":{\"@id\":\"https:\\\/\\\/www.northcdatacenters.com\\\/de\\\/serviceleistungen\\\/colocation\\\/remote-hands\\\/#primaryimage\"},\"thumbnailUrl\":\"https:\\\/\\\/www.northcdatacenters.com\\\/de\\\/wp-content\\\/uploads\\\/sites\\\/5\\\/2022\\\/11\\\/Colocation_Hardware_DE-1.webp\",\"datePublished\":\"2022-11-14T06:27:56+00:00\",\"dateModified\":\"2024-11-25T14:59:54+00:00\",\"description\":\"Top Performance durch Markenqualit\u00e4t. Ihr Einkaufsvorteil mit erstklassigem Service und durchdachten Finanzierungsm\u00f6glichkeiten.\",\"breadcrumb\":{\"@id\":\"https:\\\/\\\/www.northcdatacenters.com\\\/de\\\/serviceleistungen\\\/colocation\\\/remote-hands\\\/#breadcrumb\"},\"inLanguage\":\"de\",\"potentialAction\":[{\"@type\":\"ReadAction\",\"target\":[\"https:\\\/\\\/www.northcdatacenters.com\\\/de\\\/serviceleistungen\\\/colocation\\\/remote-hands\\\/\"]}]},{\"@type\":\"ImageObject\",\"inLanguage\":\"de\",\"@id\":\"https:\\\/\\\/www.northcdatacenters.com\\\/de\\\/serviceleistungen\\\/colocation\\\/remote-hands\\\/#primaryimage\",\"url\":\"https:\\\/\\\/www.northcdatacenters.com\\\/de\\\/wp-content\\\/uploads\\\/sites\\\/5\\\/2022\\\/11\\\/Colocation_Hardware_DE-1.webp\",\"contentUrl\":\"https:\\\/\\\/www.northcdatacenters.com\\\/de\\\/wp-content\\\/uploads\\\/sites\\\/5\\\/2022\\\/11\\\/Colocation_Hardware_DE-1.webp\",\"width\":1920,\"height\":500},{\"@type\":\"BreadcrumbList\",\"@id\":\"https:\\\/\\\/www.northcdatacenters.com\\\/de\\\/serviceleistungen\\\/colocation\\\/remote-hands\\\/#breadcrumb\",\"itemListElement\":[{\"@type\":\"ListItem\",\"position\":1,\"name\":\"Home\",\"item\":\"https:\\\/\\\/www.northcdatacenters.com\\\/de\\\/\"},{\"@type\":\"ListItem\",\"position\":2,\"name\":\"Serviceleistungen\",\"item\":\"https:\\\/\\\/www.northcdatacenters.com\\\/de\\\/serviceleistungen\\\/\"},{\"@type\":\"ListItem\",\"position\":3,\"name\":\"Colocation\",\"item\":\"https:\\\/\\\/www.northcdatacenters.com\\\/de\\\/serviceleistungen\\\/colocation\\\/\"},{\"@type\":\"ListItem\",\"position\":4,\"name\":\"Remote Hands\"}]},{\"@type\":\"WebSite\",\"@id\":\"https:\\\/\\\/www.northcdatacenters.com\\\/de\\\/#website\",\"url\":\"https:\\\/\\\/www.northcdatacenters.com\\\/de\\\/\",\"name\":\"NorthC Datacenters\",\"description\":\"Digital business, Personal connections.\",\"publisher\":{\"@id\":\"https:\\\/\\\/www.northcdatacenters.com\\\/de\\\/#organization\"},\"potentialAction\":[{\"@type\":\"SearchAction\",\"target\":{\"@type\":\"EntryPoint\",\"urlTemplate\":\"https:\\\/\\\/www.northcdatacenters.com\\\/de\\\/?s={search_term_string}\"},\"query-input\":{\"@type\":\"PropertyValueSpecification\",\"valueRequired\":true,\"valueName\":\"search_term_string\"}}],\"inLanguage\":\"de\"},{\"@type\":\"Organization\",\"@id\":\"https:\\\/\\\/www.northcdatacenters.com\\\/de\\\/#organization\",\"name\":\"NorthC Datacenters\",\"url\":\"https:\\\/\\\/www.northcdatacenters.com\\\/de\\\/\",\"logo\":{\"@type\":\"ImageObject\",\"inLanguage\":\"de\",\"@id\":\"https:\\\/\\\/www.northcdatacenters.com\\\/de\\\/#\\\/schema\\\/logo\\\/image\\\/\",\"url\":\"https:\\\/\\\/www.northcdatacenters.com\\\/de\\\/wp-content\\\/uploads\\\/sites\\\/5\\\/2024\\\/11\\\/Logo_NorthC.svg\",\"contentUrl\":\"https:\\\/\\\/www.northcdatacenters.com\\\/de\\\/wp-content\\\/uploads\\\/sites\\\/5\\\/2024\\\/11\\\/Logo_NorthC.svg\",\"width\":110,\"height\":24,\"caption\":\"NorthC Datacenters\"},\"image\":{\"@id\":\"https:\\\/\\\/www.northcdatacenters.com\\\/de\\\/#\\\/schema\\\/logo\\\/image\\\/\"},\"sameAs\":[\"https:\\\/\\\/www.linkedin.com\\\/company\\\/northc-datacenters-deutschland\\\/\"]}]}<\/script>\n<!-- \/ Yoast SEO Premium plugin. -->","yoast_head_json":{"title":"Colocation Hardware","description":"Top Performance durch Markenqualit\u00e4t. Ihr Einkaufsvorteil mit erstklassigem Service und durchdachten Finanzierungsm\u00f6glichkeiten.","robots":{"index":"index","follow":"follow","max-snippet":"max-snippet:-1","max-image-preview":"max-image-preview:large","max-video-preview":"max-video-preview:-1"},"canonical":"https:\/\/www.northcdatacenters.com\/de\/serviceleistungen\/colocation\/remote-hands\/","og_locale":"de_DE","og_type":"article","og_title":"Remote Hands","og_description":"Top Performance durch Markenqualit\u00e4t. Ihr Einkaufsvorteil mit erstklassigem Service und durchdachten Finanzierungsm\u00f6glichkeiten.","og_url":"https:\/\/www.northcdatacenters.com\/de\/serviceleistungen\/colocation\/remote-hands\/","og_site_name":"NorthC Datacenters (DE)","article_modified_time":"2024-11-25T14:59:54+00:00","og_image":[{"width":1920,"height":500,"url":"https:\/\/www.northcdatacenters.com\/de\/wp-content\/uploads\/sites\/5\/2022\/11\/Colocation_Hardware_DE-1.webp","type":"image\/jpeg"}],"twitter_card":"summary_large_image","twitter_misc":{"Gesch\u00e4tzte Lesezeit":"2\u00a0Minuten"},"schema":{"@context":"https:\/\/schema.org","@graph":[{"@type":"WebPage","@id":"https:\/\/www.northcdatacenters.com\/de\/serviceleistungen\/colocation\/remote-hands\/","url":"https:\/\/www.northcdatacenters.com\/de\/serviceleistungen\/colocation\/remote-hands\/","name":"Colocation Hardware","isPartOf":{"@id":"https:\/\/www.northcdatacenters.com\/de\/#website"},"primaryImageOfPage":{"@id":"https:\/\/www.northcdatacenters.com\/de\/serviceleistungen\/colocation\/remote-hands\/#primaryimage"},"image":{"@id":"https:\/\/www.northcdatacenters.com\/de\/serviceleistungen\/colocation\/remote-hands\/#primaryimage"},"thumbnailUrl":"https:\/\/www.northcdatacenters.com\/de\/wp-content\/uploads\/sites\/5\/2022\/11\/Colocation_Hardware_DE-1.webp","datePublished":"2022-11-14T06:27:56+00:00","dateModified":"2024-11-25T14:59:54+00:00","description":"Top Performance durch Markenqualit\u00e4t. Ihr Einkaufsvorteil mit erstklassigem Service und durchdachten Finanzierungsm\u00f6glichkeiten.","breadcrumb":{"@id":"https:\/\/www.northcdatacenters.com\/de\/serviceleistungen\/colocation\/remote-hands\/#breadcrumb"},"inLanguage":"de","potentialAction":[{"@type":"ReadAction","target":["https:\/\/www.northcdatacenters.com\/de\/serviceleistungen\/colocation\/remote-hands\/"]}]},{"@type":"ImageObject","inLanguage":"de","@id":"https:\/\/www.northcdatacenters.com\/de\/serviceleistungen\/colocation\/remote-hands\/#primaryimage","url":"https:\/\/www.northcdatacenters.com\/de\/wp-content\/uploads\/sites\/5\/2022\/11\/Colocation_Hardware_DE-1.webp","contentUrl":"https:\/\/www.northcdatacenters.com\/de\/wp-content\/uploads\/sites\/5\/2022\/11\/Colocation_Hardware_DE-1.webp","width":1920,"height":500},{"@type":"BreadcrumbList","@id":"https:\/\/www.northcdatacenters.com\/de\/serviceleistungen\/colocation\/remote-hands\/#breadcrumb","itemListElement":[{"@type":"ListItem","position":1,"name":"Home","item":"https:\/\/www.northcdatacenters.com\/de\/"},{"@type":"ListItem","position":2,"name":"Serviceleistungen","item":"https:\/\/www.northcdatacenters.com\/de\/serviceleistungen\/"},{"@type":"ListItem","position":3,"name":"Colocation","item":"https:\/\/www.northcdatacenters.com\/de\/serviceleistungen\/colocation\/"},{"@type":"ListItem","position":4,"name":"Remote Hands"}]},{"@type":"WebSite","@id":"https:\/\/www.northcdatacenters.com\/de\/#website","url":"https:\/\/www.northcdatacenters.com\/de\/","name":"NorthC Datacenters","description":"Digital business, Personal connections.","publisher":{"@id":"https:\/\/www.northcdatacenters.com\/de\/#organization"},"potentialAction":[{"@type":"SearchAction","target":{"@type":"EntryPoint","urlTemplate":"https:\/\/www.northcdatacenters.com\/de\/?s={search_term_string}"},"query-input":{"@type":"PropertyValueSpecification","valueRequired":true,"valueName":"search_term_string"}}],"inLanguage":"de"},{"@type":"Organization","@id":"https:\/\/www.northcdatacenters.com\/de\/#organization","name":"NorthC Datacenters","url":"https:\/\/www.northcdatacenters.com\/de\/","logo":{"@type":"ImageObject","inLanguage":"de","@id":"https:\/\/www.northcdatacenters.com\/de\/#\/schema\/logo\/image\/","url":"https:\/\/www.northcdatacenters.com\/de\/wp-content\/uploads\/sites\/5\/2024\/11\/Logo_NorthC.svg","contentUrl":"https:\/\/www.northcdatacenters.com\/de\/wp-content\/uploads\/sites\/5\/2024\/11\/Logo_NorthC.svg","width":110,"height":24,"caption":"NorthC Datacenters"},"image":{"@id":"https:\/\/www.northcdatacenters.com\/de\/#\/schema\/logo\/image\/"},"sameAs":["https:\/\/www.linkedin.com\/company\/northc-datacenters-deutschland\/"]}]}},"_links":{"self":[{"href":"https:\/\/www.northcdatacenters.com\/de\/wp-json\/wp\/v2\/pages\/22005","targetHints":{"allow":["GET"]}}],"collection":[{"href":"https:\/\/www.northcdatacenters.com\/de\/wp-json\/wp\/v2\/pages"}],"about":[{"href":"https:\/\/www.northcdatacenters.com\/de\/wp-json\/wp\/v2\/types\/page"}],"author":[{"embeddable":true,"href":"https:\/\/www.northcdatacenters.com\/de\/wp-json\/wp\/v2\/users\/17"}],"replies":[{"embeddable":true,"href":"https:\/\/www.northcdatacenters.com\/de\/wp-json\/wp\/v2\/comments?post=22005"}],"version-history":[{"count":5,"href":"https:\/\/www.northcdatacenters.com\/de\/wp-json\/wp\/v2\/pages\/22005\/revisions"}],"predecessor-version":[{"id":26097,"href":"https:\/\/www.northcdatacenters.com\/de\/wp-json\/wp\/v2\/pages\/22005\/revisions\/26097"}],"up":[{"embeddable":true,"href":"https:\/\/www.northcdatacenters.com\/de\/wp-json\/wp\/v2\/pages\/2584"}],"wp:featuredmedia":[{"embeddable":true,"href":"https:\/\/www.northcdatacenters.com\/de\/wp-json\/wp\/v2\/media\/22110"}],"wp:attachment":[{"href":"https:\/\/www.northcdatacenters.com\/de\/wp-json\/wp\/v2\/media?parent=22005"}],"curies":[{"name":"wp","href":"https:\/\/api.w.org\/{rel}","templated":true}]}}